{"id":10,"date":"2021-11-24T12:24:07","date_gmt":"2021-11-24T11:24:07","guid":{"rendered":"https:\/\/cia.zeus.umh.es\/presentacion\/"},"modified":"2024-09-02T18:45:11","modified_gmt":"2024-09-02T16:45:11","slug":"home","status":"publish","type":"page","link":"https:\/\/cia.umh.es\/ca\/","title":{"rendered":"Inicio"},"content":{"rendered":"<p>[et_pb_section fb_built=&#8221;1&#8243; fullwidth=&#8221;on&#8221; disabled_on=&#8221;on|on|off&#8221; _builder_version=&#8221;4.17.4&#8243; _module_preset=&#8221;default&#8221; custom_margin=&#8221;-150px||||false|false&#8221; custom_padding=&#8221;||150px||false|false&#8221; global_colors_info=&#8221;{}&#8221;][et_pb_fullwidth_image src=&#8221;https:\/\/cia.umh.es\/files\/2024\/05\/Glitch-home-cia_optimizado-M.gif&#8221; title_text=&#8221;Glitch-home-cia_optimizado M&#8221; src_tablet=&#8221;https:\/\/cia.umh.es\/files\/2024\/05\/imagen-1_-prueba_main-4Z9A9273_bn.jpeg&#8221; src_phone=&#8221;https:\/\/cia.umh.es\/files\/2024\/05\/imagen-1_-prueba_main-4Z9A9273_bn-home.jpg&#8221; src_last_edited=&#8221;on|phone&#8221; disabled_on=&#8221;off|off|off&#8221; _builder_version=&#8221;4.17.4&#8243; _module_preset=&#8221;default&#8221; custom_margin=&#8221;||||false|false&#8221; global_colors_info=&#8221;{}&#8221; src__hover_enabled=&#8221;on|desktop&#8221; src__hover=&#8221;https:\/\/cia.umh.es\/files\/2024\/05\/Glitch-home-cia_optimizado-M.gif&#8221;][\/et_pb_fullwidth_image][\/et_pb_section][et_pb_section fb_built=&#8221;1&#8243; fullwidth=&#8221;on&#8221; disabled_on=&#8221;off|off|on&#8221; _builder_version=&#8221;4.17.4&#8243; _module_preset=&#8221;default&#8221; global_colors_info=&#8221;{}&#8221;][et_pb_fullwidth_image src=&#8221;https:\/\/cia.umh.es\/files\/2024\/05\/Glitch-home-cia_optimizado-M.gif&#8221; title_text=&#8221;Glitch-home-cia_optimizado M&#8221; src_tablet=&#8221;&#8221; src_phone=&#8221;https:\/\/cia.umh.es\/files\/2024\/05\/Imagen-cia.gif&#8221; src_last_edited=&#8221;on|phone&#8221; disabled_on=&#8221;off|on|on&#8221; _builder_version=&#8221;4.17.4&#8243; _module_preset=&#8221;default&#8221; custom_margin=&#8221;||||false|false&#8221; global_colors_info=&#8221;{}&#8221; src__hover_enabled=&#8221;on|desktop&#8221; src__hover=&#8221;https:\/\/cia.umh.es\/files\/2024\/05\/Glitch-home-cia_optimizado-M.gif&#8221;][\/et_pb_fullwidth_image][\/et_pb_section][et_pb_section fb_built=&#8221;1&#8243; _builder_version=&#8221;4.17.4&#8243; custom_margin=&#8221;-150px||||false|false&#8221; custom_margin_tablet=&#8221;-150px||||false|false&#8221; custom_margin_phone=&#8221;0px||||false|false&#8221; custom_margin_last_edited=&#8221;on|phone&#8221; hover_enabled=&#8221;0&#8243; locked=&#8221;off&#8221; global_colors_info=&#8221;{}&#8221; sticky_enabled=&#8221;0&#8243; background_enable_image=&#8221;off&#8221;][et_pb_row _builder_version=&#8221;4.17.4&#8243; background_size=&#8221;initial&#8221; background_position=&#8221;top_left&#8221; background_repeat=&#8221;repeat&#8221; custom_margin=&#8221;||||false|false&#8221; hover_enabled=&#8221;0&#8243; global_colors_info=&#8221;{}&#8221; sticky_enabled=&#8221;0&#8243;][et_pb_column type=&#8221;4_4&#8243; _builder_version=&#8221;4.16&#8243; custom_padding=&#8221;|||&#8221; global_colors_info=&#8221;{}&#8221; custom_padding__hover=&#8221;|||&#8221;][et_pb_text _builder_version=&#8221;4.17.4&#8243; background_size=&#8221;initial&#8221; background_position=&#8221;top_left&#8221; background_repeat=&#8221;repeat&#8221; global_colors_info=&#8221;{}&#8221;][\/et_pb_text][et_pb_text admin_label=&#8221;Texto&#8221; _builder_version=&#8221;4.17.4&#8243; text_font=&#8221;Montserrat||||||||&#8221; text_font_size=&#8221;16px&#8221; background_color=&#8221;#fefd32&#8243; global_colors_info=&#8221;{}&#8221;]<\/p>\n<p>El <strong>Centro de Investigaci\u00f3n en Artes <\/strong>\u2014 <strong>C\u00cdA<\/strong>, es un centro universitario de actuaci\u00f3n especializada de la UMH que tiene como objetivo fundamental <strong>promover, coordinar y llevar a cabo investigaciones, formaci\u00f3n de posgrado, y asesoramiento cient\u00edfico y t\u00e9cnico, <\/strong>alrededor de la creaci\u00f3n y las pr\u00e1cticas art\u00edsticas contempor\u00e1neas, y de la cultura visual.<\/p>\n<p>[\/et_pb_text][\/et_pb_column][\/et_pb_row][\/et_pb_section]<\/p>\n","protected":false},"excerpt":{"rendered":"<p>P\u00e1gina de presentaci\u00f3n de la unidad organizativa<\/p>\n","protected":false},"author":1,"featured_media":0,"parent":0,"menu_order":10,"comment_status":"closed","ping_status":"closed","template":"","meta":{"_et_pb_use_builder":"on","_et_pb_old_content":"<p>P\u00e1gina de presentaci\u00f3n de la unidad organizativa<\/p>","_et_gb_content_width":"","_links_to":"","_links_to_target":""},"_links":{"self":[{"href":"https:\/\/cia.umh.es\/ca\/wp-json\/wp\/v2\/pages\/10"}],"collection":[{"href":"https:\/\/cia.umh.es\/ca\/wp-json\/wp\/v2\/pages"}],"about":[{"href":"https:\/\/cia.umh.es\/ca\/wp-json\/wp\/v2\/types\/page"}],"author":[{"embeddable":true,"href":"https:\/\/cia.umh.es\/ca\/wp-json\/wp\/v2\/users\/1"}],"replies":[{"embeddable":true,"href":"https:\/\/cia.umh.es\/ca\/wp-json\/wp\/v2\/comments?post=10"}],"version-history":[{"count":0,"href":"https:\/\/cia.umh.es\/ca\/wp-json\/wp\/v2\/pages\/10\/revisions"}],"wp:attachment":[{"href":"https:\/\/cia.umh.es\/ca\/wp-json\/wp\/v2\/media?parent=10"}],"curies":[{"name":"wp","href":"https:\/\/api.w.org\/{rel}","templated":true}]}}