{"id":121,"date":"2022-01-11T13:04:48","date_gmt":"2022-01-11T12:04:48","guid":{"rendered":"https:\/\/cia.umh.es\/?page_id=121"},"modified":"2024-09-13T12:11:38","modified_gmt":"2024-09-13T10:11:38","slug":"proyectos","status":"publish","type":"page","link":"https:\/\/cia.umh.es\/ca\/investigacion\/proyectos\/","title":{"rendered":"<span lang=\"es\">(Espa\u00f1ol) Proyectos<\/span>"},"content":{"rendered":"<p>[et_pb_section fb_built=&#8221;1&#8243; admin_label=&#8221;section&#8221; _builder_version=&#8221;4.16&#8243; global_colors_info=&#8221;{}&#8221;][et_pb_row admin_label=&#8221;row&#8221; _builder_version=&#8221;4.16&#8243; background_size=&#8221;initial&#8221; background_position=&#8221;top_left&#8221; background_repeat=&#8221;repeat&#8221; global_colors_info=&#8221;{}&#8221;][et_pb_column type=&#8221;4_4&#8243; _builder_version=&#8221;4.16&#8243; custom_padding=&#8221;|||&#8221; global_colors_info=&#8221;{}&#8221; custom_padding__hover=&#8221;|||&#8221;][et_pb_text disabled_on=&#8221;off|off|off&#8221; admin_label=&#8221;Text&#8221; _builder_version=&#8221;4.17.4&#8243; background_size=&#8221;initial&#8221; background_position=&#8221;top_left&#8221; background_repeat=&#8221;repeat&#8221; global_colors_info=&#8221;{}&#8221;]<\/p>\n<h1>Proyectos de investigaci\u00f3n vigentes<\/h1>\n<p>[\/et_pb_text][et_pb_toggle title=&#8221;LAB 1 \u2013 Proyectos culturales, pr\u00e1cticas art\u00edsticas y pol\u00edticas feministas y Cuir\/queer + cultura visual&#8221; open_toggle_background_color=&#8221;#fefd32&#8243; closed_toggle_background_color=&#8221;#fefd32&#8243; icon_color=&#8221;#000000&#8243; open_icon_color=&#8221;#000000&#8243; _builder_version=&#8221;4.17.4&#8243; _module_preset=&#8221;default&#8221; hover_enabled=&#8221;0&#8243; global_colors_info=&#8221;{}&#8221; sticky_enabled=&#8221;0&#8243;]<\/p>\n<p>T\u00edtulo del proyecto:<\/p>\n<h3><strong>MUECA 7\u00aa edici\u00f3n<\/strong><\/h3>\n<p>(2023-2024)<\/p>\n<h3><img loading=\"lazy\" style=\"font-size: 16px\" src=\"https:\/\/cia.umh.es\/files\/2022\/01\/MUECA_-300x300.png\" alt=\"\" width=\"300\" height=\"300\" \/><\/h3>\n<p>Entidad Financiadora: Ministerio de Sanidad, Servicios Sociales e Igualdad, Secretar\u00eda de Estado de Servicios Sociales e Igualdad, Instituto de las Mujeres y para la Igualdad de Oportunidades__ Referencia: PAC 2020__\u00a0Duraci\u00f3n: 1 a\u00f1o (hasta diciembre 2021)__ Tipo de convocatoria: competitiva nacional__ Instituciones participantes: Universidad Miguel Hern\u00e1ndez__ N\u00famero de investigadores implicados:5__ Investigador principal: Tatiana Sentamans (UMH)__ Otros investigadores del equipo: Daniel Tejero, Carmen G. Muriana, Javier Moreno P\u00e9rez, Mario-Paul Mart\u00ednez Fabre.<\/p>\n<p>&nbsp;<\/p>\n<p>[\/et_pb_toggle][et_pb_toggle title=&#8221;LAB 4 \u2013 La expresividad de los materiales como m\u00e9todo narrativo en las pr\u00e1cticas art\u00edsticas contempor\u00e1neas&#8221; open_toggle_background_color=&#8221;#fefd32&#8243; closed_toggle_background_color=&#8221;#fefd32&#8243; icon_color=&#8221;#000000&#8243; open_icon_color=&#8221;#000000&#8243; _builder_version=&#8221;4.17.4&#8243; _module_preset=&#8221;default&#8221; hover_enabled=&#8221;0&#8243; global_colors_info=&#8221;{}&#8221; sticky_enabled=&#8221;0&#8243;]<\/p>\n<p>T\u00edtulo del proyecto:<\/p>\n<h3>Proyectos art\u00edsticos a trav\u00e9s de la MATERIA: De la funci\u00f3n est\u00e9tica a la dimensi\u00f3n p\u00fablica de la cultura visual<\/h3>\n<p><img loading=\"lazy\" class=\"wp-image-21309 size-large alignnone\" src=\"https:\/\/cia.umh.es\/files\/2024\/07\/COLLAGE-MATERIA-fondo-blanco-1024x560.jpg\" alt=\"\" width=\"1024\" height=\"560\" srcset=\"https:\/\/cia.umh.es\/files\/2024\/07\/COLLAGE-MATERIA-fondo-blanco-980x536.jpg 980w, https:\/\/cia.umh.es\/files\/2024\/07\/COLLAGE-MATERIA-fondo-blanco-480x262.jpg 480w\" sizes=\"(min-width: 0px) and (max-width: 480px) 480px, (min-width: 481px) and (max-width: 980px) 980px, (min-width: 981px) 1024px, 100vw\" \/><\/p>\n<p>Entidad financiadora: Generalitat Valenciana. Conseller\u00eda de Innovaci\u00f3n, Universidad, Ciencia y Sociedad Digital__ Referencia: CIGE\/2022\/121__ Duraci\u00f3n: 01\/01\/2023 \u2013 31\/12\/2025__ Tipo de convocatoria: SUBVENCIONES PARA LA REALIZACI\u00d3N DE PROYECTOS DE I+D+i DESARROLLADOS POR GRUPOS DE INVESTIGACI\u00d3N EMERGENTES (GE 2023)__ Instituciones participantes: Universidad Miguel Hern\u00e1ndez__\u00a0 Investigador principal: Juan Francisco Mart\u00ednez G\u00f3mez de Albacete__ Investigadores del equipo: Amparo Alepuz Rostoll; Imma Mengual P\u00e9rez; Lourdes Santamar\u00eda Blasco; Elia Torrecilla Pati\u00f1o; Pilar Viviente Sol\u00e9; M\u00aa Jos\u00e9 Zan\u00f3n Cuenca.<\/p>\n<hr \/>\n<p>&nbsp;<\/p>\n<p>&nbsp;<\/p>\n<p>[\/et_pb_toggle][et_pb_toggle title=&#8221;LAB 5 \u2013 Mercado y circulaci\u00f3n internacional de obras de arte: aspectos tributarios, acciones de protecci\u00f3n, determinaci\u00f3n del derecho aplicable y gesti\u00f3n econ\u00f3mica-financiera&#8221; open_toggle_background_color=&#8221;#fefd32&#8243; closed_toggle_background_color=&#8221;#fefd32&#8243; icon_color=&#8221;#000000&#8243; open_icon_color=&#8221;#000000&#8243; _builder_version=&#8221;4.17.4&#8243; _module_preset=&#8221;default&#8221; hover_enabled=&#8221;0&#8243; global_colors_info=&#8221;{}&#8221; sticky_enabled=&#8221;0&#8243;]<\/p>\n<p>T\u00edtulo del proyecto:<\/p>\n<h3>I+D+i Retos tributarios en el \u00e1mbito de la econom\u00eda y el mercado del arte<\/h3>\n<p>Entidad financiadora: Ministerio de Ciencia e Innovaci\u00f3n. Agencia Estatal de Investigaci\u00f3n__ Referencia: PID 2019-109167RB-I00__ Duraci\u00f3n: 2020\/2023__ Tipo de convocatoria: Ayudas a la investigaci\u00f3n I+D+i__ Instituciones participantes: Universidad Miguel Hern\u00e1ndez__ Numero de investigadores implicados: 6__ Investigador principal: Eva Aliaga Agull\u00f3__ Investigador principal: Paula Vicente-Arche Coloma__ Investigadores del equipo y o programa: Juan B. Gallego L\u00f3pez, Daniel P. Tejero Olivares.<\/p>\n<hr \/>\n<p>T\u00edtulo del proyecto:<\/p>\n<h3>Derecho, arte y comercio internacional (DACI)<\/h3>\n<p>Entidad financiadora: Universidad Miguel Hern\u00e1ndez__ Referencia: Resoluci\u00f3n del Sr. Rector 03792\/2021__ Duraci\u00f3n: 2021\/2023__ Tipo de convocatoria: Ayudas a la investigaci\u00f3n 2021__ Instituciones participantes: Universidad Miguel Hern\u00e1ndez de Elche__ N\u00famero y nombre de los investigadores implicados: 1__ Investigador principal: Alfonso Ortega Gim\u00e9nez.<\/p>\n<hr \/>\n<p>T\u00edtulo del proyecto:<\/p>\n<h3>C\u00e1tedra de nueva transici\u00f3n verde<\/h3>\n<p>Entidad Financiadora: Generalitat Valenciana__ Referencia: Convenio de colaboraci\u00f3n__ Duraci\u00f3n: Desde enero de 2020 hasta la fecha__ Instituciones participantes: UJI, UPV, UV, UA y UMH__ Investigador principal UMH: Agust\u00edn P\u00e9rez Mart\u00edn<\/p>\n<p>[\/et_pb_toggle][et_pb_text disabled_on=&#8221;on|on|on&#8221; admin_label=&#8221;Text&#8221; _builder_version=&#8221;4.17.4&#8243; background_size=&#8221;initial&#8221; background_position=&#8221;top_left&#8221; background_repeat=&#8221;repeat&#8221; hover_enabled=&#8221;0&#8243; disabled=&#8221;on&#8221; global_colors_info=&#8221;{}&#8221; sticky_enabled=&#8221;0&#8243;]<\/p>\n<h1>Proyectos de investigaci\u00f3n vigentes<\/h1>\n<p><a><br \/>L\u00ednea 1 \u2013 Proyectos culturales, pr\u00e1cticas art\u00edsticas y pol\u00edticas feministas y Cuir\/queer + cultura visual.<\/a><\/p>\n<p>T\u00edtulo del proyecto:<\/p>\n<h3><strong>MUECA<\/strong><\/h3>\n<h3><img loading=\"lazy\" style=\"font-size: 16px\" src=\"https:\/\/cia.umh.es\/files\/2022\/01\/MUECA_-300x300.png\" alt=\"\" width=\"300\" height=\"300\" \/><\/h3>\n<p>Entidad Financiadora: Ministerio de Sanidad, Servicios Sociales e Igualdad, Secretar\u00eda de Estado de Servicios Sociales e Igualdad, Instituto de las Mujeres y para la Igualdad de Oportunidades__ Referencia: PAC 2020__\u00a0Duraci\u00f3n: 1 a\u00f1o (hasta diciembre 2021)__ Tipo de convocatoria: competitiva nacional__ Instituciones participantes: Universidad Miguel Hern\u00e1ndez__ N\u00famero de investigadores implicados:5__ Investigador principal: Tatiana Sentamans (UMH)__ Otros investigadores del equipo: Daniel Tejero, Carmen G. Muriana, Javier Moreno P\u00e9rez, Mario-Paul Mart\u00ednez Fabre.<\/p>\n<p>&nbsp;<\/p>\n<hr \/>\n<p>&nbsp;<\/p>\n<p>T\u00edtulo del proyecto:<\/p>\n<h3>El amor y sus reversos. Pasi\u00f3n, deseo y dominio en las relaciones sentimentales a trav\u00e9s del arte contempor\u00e1neo. Investigaci\u00f3n y creaci\u00f3n art\u00edstica I<\/h3>\n<p>&nbsp;<\/p>\n<p>Entidad Financiadora: Agencia Estatal de Investigaci\u00f3n, Ministerio de Ciencia, Innovaci\u00f3n y Universidades__ Referencia: PGC2018-093404-B-I00__ Duraci\u00f3n: 35 meses (2019-2021)__ Tipo de convocatoria: Ayudas a la investigaci\u00f3n I+D+i__ Instituciones participantes: Universidad de Granada, Universidad Polit\u00e9cnica de Valencia, Universidad Miguel Hern\u00e1ndez, Universidad Nova de Lisboa, Universidad de Cork, Universidad Pompeu Fabra__ Numero de investigadores implicados: 5__ Investigador principal: Esperanza Guill\u00e9n (UGR)__ Investigadores del equipo: Daniel Tejero.<\/p>\n<p>&nbsp;<\/p>\n<hr \/>\n<p>&nbsp;<\/p>\n<p>T\u00edtulo del proyecto:<\/p>\n<h3>Sensibilizaci\u00f3n en igualdad de g\u00e9nero y diversidad sexual mediante intervenciones art\u00edsticas en contextos universitarios<\/h3>\n<p>Entidad Financiadora: Generalitat Valenciana__ Referencia: GV\/2020\/069__ Duraci\u00f3n: 2 a\u00f1os (2020-2022)__ Tipo de convocatoria: Programa para la promoci\u00f3n de la DOGV 06.08.2019 investigaci\u00f3n cient\u00edfica, el desarrollo tecnol\u00f3gico y la innovaci\u00f3n en la Comunitat Valenciana. I+D+i__ Instituciones participantes: Universidad de Valencia, Universidad Polit\u00e9cnica de Valencia, Universidad Miguel Hern\u00e1ndez de Elche__\u00a0N\u00famero y nombre de los investigadores implicados: 22__ Investigadora principal: Amparo Alonso Sanz (UV)__ Profesores del equipo: Tatiana Sentamans G\u00f3mez, Bibiana Soledad S\u00e1nchez Arenas, Javier Moreno P\u00e9rez, Carmen Garc\u00eda Muriana<\/p>\n<p>&nbsp;<\/p>\n<p><a><br \/>L\u00ednea 2 \u2013 Pr\u00e1cticas art\u00edsticas intermedia, cultura visual y contexto.<\/a><\/p>\n<p>T\u00edtulo del proyecto:<\/p>\n<h3>Implementaci\u00f3n digital de nuevos instrumentos visuales y sonoros para el arte contempor\u00e1neo. Aplicaci\u00f3n para el arte interactivo y soportes de proyecci\u00f3n no convencionales.<\/h3>\n<p>Entidad financiadora: Agencia estatal de investigaci\u00f3n, Ministerio de Ciencia e Innovaci\u00f3n.__ Referencia: PID2020-116186RB-C31__ Duraci\u00f3n: 2021-2014__ Tipo de convocatoria: Competitiva nacional__ Instituciones participantes: UPV, UMH__ N\u00ba de investigadores implicados: 8__ Investigador principal: Emilio Jos\u00e9 Mart\u00ednez Arroyo (UPV)__ Investigadores del equipo: Jos\u00e9 Maldonado G\u00f3mez.<\/p>\n<p><a><br \/>L\u00ednea 3 \u2013 Lenguajes audiovisuales: historia cr\u00edtica y acci\u00f3n art\u00edstica.<\/a><\/p>\n<p>T\u00edtulo del proyecto:<\/p>\n<h3>IDENTITART. La identitat valenciana a trav\u00e9s de les arts i el disseny<\/h3>\n<p>Entidad Financiadora: Generalitat Valenciana \u2013 Consejer\u00eda de Innovaci\u00f3n, Universidades, Ciencia y Sociedad Digital.__ Referencia: GV \/ 2021\/157__ Duraci\u00f3n: 2 a\u00f1os (2021-2023)__ Tipo de convocatoria: Competitiva auton\u00f3mica__ Instituciones participantes: Universidad de Valencia, Universidad Miguel Hern\u00e1ndez y Universidad Polit\u00e9cnica de Valencia.__ Numero de investigadores implicados: 10__ Investigador principal: Ricard Ram\u00f3n (UV)__ Investigadores del equipo: Carmen Garc\u00eda Muriana, Mario-Paul Mart\u00ednez.<\/p>\n<p>&nbsp;<\/p>\n<hr \/>\n<p>T\u00edtulo del proyecto:<\/p>\n<h3><strong> Proyecto Guerrero<\/strong><\/h3>\n<h3><img loading=\"lazy\" style=\"font-size: 16px\" src=\"https:\/\/cia.umh.es\/files\/2022\/12\/thumbnail_GUERRERO-web-300x150.jpg\" alt=\"\" width=\"300\" height=\"150\" \/><\/h3>\n<p>Entidad Financiadora: Vicerrectorado de Investigaci\u00f3n, UMH__ Referencia: RR 03200\/2021__ Duraci\u00f3n: 30\/07\/2021 \u2013 30\/07\/2023__ Tipo de convocatoria: Competitiva. Ayudas a proyectos de investigaci\u00f3n__ Instituciones participantes: Universidad Miguel Hern\u00e1ndez__ N\u00famero y nombre de los investigadores implicados: 5 participantes__ Investigador principal: Vicente J. P\u00e9rez Valero__ Otros investigadores del equipo: Mario-Paul Mart\u00ednez Fabre.<\/p>\n<p>&nbsp;<\/p>\n<hr \/>\n<p>T\u00edtulo del proyecto:<\/p>\n<h3>La huella en la memoria medios y formatos en la configuraci\u00f3n del recuerdo-LHEM<\/h3>\n<p>Entidad financiadora: Universidad Miguel Hern\u00e1ndez de Elche__ Referencia: RR 01043\/2020__ Duraci\u00f3n: 31\/12\/19 \u2013 31\/12\/21__ Tipo de convocatoria: Convocatoria de ayudas a la investigaci\u00f3n__ Instituci\u00f3n participante: Vicerrectorado de investigaci\u00f3n, UMH__ N\u00ba de investigadores implicados: 6__ Investigador principal: Iv\u00e1n Albalate Gauchia__ Investigadores del equipo: Jos\u00e9 Vicente Mart\u00edn Mart\u00ednez, Jos\u00e9 Luis Maravall Llagaria, David Trujillo Ruiz.<\/p>\n<p><a> L\u00ednea 4 \u2013 La expresividad de los materiales como m\u00e9todo narrativo en las pr\u00e1cticas art\u00edsticas contempor\u00e1neas.\u00a0<\/a><\/p>\n<p>T\u00edtulo del proyecto:<\/p>\n<h3>Proyectos art\u00edsticos a trav\u00e9s de la MATERIA: De la funci\u00f3n est\u00e9tica a la dimensi\u00f3n p\u00fablica de la cultura visual<\/h3>\n<p><img loading=\"lazy\" class=\"wp-image-21309 size-large alignnone\" src=\"https:\/\/cia.umh.es\/files\/2024\/07\/COLLAGE-MATERIA-fondo-blanco-1024x560.jpg\" alt=\"\" width=\"1024\" height=\"560\" srcset=\"https:\/\/cia.umh.es\/files\/2024\/07\/COLLAGE-MATERIA-fondo-blanco-980x536.jpg 980w, https:\/\/cia.umh.es\/files\/2024\/07\/COLLAGE-MATERIA-fondo-blanco-480x262.jpg 480w\" sizes=\"(min-width: 0px) and (max-width: 480px) 480px, (min-width: 481px) and (max-width: 980px) 980px, (min-width: 981px) 1024px, 100vw\" \/><\/p>\n<p>Entidad financiadora: Generalitat Valenciana. Conseller\u00eda de Innovaci\u00f3n, Universidad, Ciencia y Sociedad Digital__ Referencia: CIGE\/2022\/121__ Duraci\u00f3n: 01\/01\/2023 \u2013 31\/12\/2025__ Tipo de convocatoria: SUBVENCIONES PARA LA REALIZACI\u00d3N DE PROYECTOS DE I+D+i DESARROLLADOS POR GRUPOS DE INVESTIGACI\u00d3N EMERGENTES (GE 2023)__ Instituciones participantes: Universidad Miguel Hern\u00e1ndez__\u00a0 Investigador principal: Juan Francisco Mart\u00ednez G\u00f3mez de Albacete__ Investigadores del equipo: Amparo Alepuz Rostoll; Imma Mengual P\u00e9rez; Lourdes Santamar\u00eda Blasco; Elia Torrecilla Pati\u00f1o; Pilar Viviente Sol\u00e9; M\u00aa Jos\u00e9 Zan\u00f3n Cuenca.<\/p>\n<hr \/>\n<p>&nbsp;<\/p>\n<p>T\u00edtulo del proyecto:<\/p>\n<h3>SevenSins#7pecados<\/h3>\n<p><em>\u00a0<\/em>Entidad financiadora: Universidad Miguel Hern\u00e1ndez de Elche__ Referencia: RR-02938\/2021.__ Duraci\u00f3n: 03\/05\/2021 \u2013 31\/12\/2021__ Tipo de convocatoria: Programa DIFUNDE para la difusi\u00f3n de resultados de Investigaci\u00f3n con orientaci\u00f3n hacia la transferencia y el Intercambio de conocimiento__ Instituciones participantes: Universidad Miguel Hern\u00e1ndez__ Numero de investigadores implicados: 1__ Investigador principal: Lourdes Santamar\u00eda Blasco.<\/p>\n<hr \/>\n<p>&nbsp;<\/p>\n<p>T\u00edtulo del proyecto:<\/p>\n<h3>Proyecto GV\/2020\/069. I+D Sensibilizaci\u00f3n en igualdad de g\u00e9nero y diversidad sexual mediante intervenciones art\u00edsticas en contextos universitarios<\/h3>\n<p>Entidad financiadora: Conseller\u00eda de Innovaci\u00f3n, Universidades, Ciencia y Sociedad Digital de la Generalitat Valenciana.__ Referencia: GV\/2020\/069__ Duraci\u00f3n: 27\/09\/2019 \u2013 diciembre 2021__ Tipo de convocatoria: Programa para la promoci\u00f3n de la DOGV 06.08.2019 investigaci\u00f3n cient\u00edfica, el desarrollo tecnol\u00f3gico y la innovaci\u00f3n en la Comunitat Valenciana__ Instituciones participantes: Universidad de Valencia, Universidad Polit\u00e9cnica de Valencia, Universidad Miguel Hern\u00e1ndez de Elche__ N\u00famero y nombre de los investigadores implicados: 22__ Investigadora principal: Amparo Alonso Sanz (UV)__ Investigadores del equipo:\u00a0Lourdes Santamar\u00eda Blasco, David Vila Moscard\u00f3, M\u00aa Jos\u00e9 Zan\u00f3n Cuenca, Juan Francisco Mart\u00ednez G\u00f3mez de Albacete<\/p>\n<p><a><br \/>L\u00ednea 5 \u2013 Mercado y circulaci\u00f3n internacional de obras de arte: aspectos tributarios, acciones de protecci\u00f3n, determinaci\u00f3n del derecho aplicable y gesti\u00f3n econ\u00f3mica-financiera.<\/a><\/p>\n<p>T\u00edtulo del proyecto:<\/p>\n<h3>I+D+i Retos tributarios en el \u00e1mbito de la econom\u00eda y el mercado del arte<\/h3>\n<p>Entidad financiadora: Ministerio de Ciencia e Innovaci\u00f3n. Agencia Estatal de Investigaci\u00f3n__ Referencia: PID 2019-109167RB-I00__ Duraci\u00f3n: 2020\/2023__ Tipo de convocatoria: Ayudas a la investigaci\u00f3n I+D+i__ Instituciones participantes: Universidad Miguel Hern\u00e1ndez__ Numero de investigadores implicados: 6__ Investigador principal: Eva Aliaga Agull\u00f3__ Investigador principal: Paula Vicente-Arche Coloma__ Investigadores del equipo y o programa: Juan B. Gallego L\u00f3pez, Daniel P. Tejero Olivares.<\/p>\n<p>&nbsp;<\/p>\n<hr \/>\n<p>&nbsp;<\/p>\n<p>T\u00edtulo del proyecto:<\/p>\n<h3>Derecho, arte y comercio internacional (DACI)<\/h3>\n<p>Entidad financiadora: Universidad Miguel Hern\u00e1ndez__ Referencia: Resoluci\u00f3n del Sr. Rector 03792\/2021__ Duraci\u00f3n: 2021\/2023__ Tipo de convocatoria: Ayudas a la investigaci\u00f3n 2021__ Instituciones participantes: Universidad Miguel Hern\u00e1ndez de Elche__ N\u00famero y nombre de los investigadores implicados: 1__ Investigador principal: Alfonso Ortega Gim\u00e9nez.<\/p>\n<p>&nbsp;<\/p>\n<hr \/>\n<p>&nbsp;<\/p>\n<p>T\u00edtulo del proyecto:<\/p>\n<h3>C\u00e1tedra de nueva transici\u00f3n verde<\/h3>\n<p>Entidad Financiadora: Generalitat Valenciana__ Referencia: Convenio de colaboraci\u00f3n__ Duraci\u00f3n: Desde enero de 2020 hasta la fecha__ Instituciones participantes: UJI, UPV, UV, UA y UMH__ Investigador principal UMH: Agust\u00edn P\u00e9rez Mart\u00edn<\/p>\n<p>&nbsp;<\/p>\n<h6 style=\"text-align: center\">\u00a0<\/h6>\n<p>[\/et_pb_text][\/et_pb_column][\/et_pb_row][\/et_pb_section]<\/p>\n","protected":false},"excerpt":{"rendered":"<p>Proyectos de investigaci\u00f3n vigentesT\u00edtulo del proyecto: MUECA 7\u00aa edici\u00f3n (2023-2024) Entidad Financiadora: Ministerio de Sanidad, Servicios Sociales e Igualdad, Secretar\u00eda de Estado de Servicios Sociales e Igualdad, Instituto de las Mujeres y para la Igualdad de Oportunidades__ Referencia: PAC 2020__\u00a0Duraci\u00f3n: 1 a\u00f1o (hasta diciembre 2021)__ Tipo de convocatoria: competitiva nacional__ Instituciones participantes: Universidad Miguel Hern\u00e1ndez__ [&hellip;]<\/p>\n","protected":false},"author":202,"featured_media":0,"parent":40,"menu_order":10,"comment_status":"closed","ping_status":"closed","template":"","meta":{"_et_pb_use_builder":"on","_et_pb_old_content":"","_et_gb_content_width":"","_links_to":"","_links_to_target":""},"_links":{"self":[{"href":"https:\/\/cia.umh.es\/ca\/wp-json\/wp\/v2\/pages\/121"}],"collection":[{"href":"https:\/\/cia.umh.es\/ca\/wp-json\/wp\/v2\/pages"}],"about":[{"href":"https:\/\/cia.umh.es\/ca\/wp-json\/wp\/v2\/types\/page"}],"author":[{"embeddable":true,"href":"https:\/\/cia.umh.es\/ca\/wp-json\/wp\/v2\/users\/202"}],"replies":[{"embeddable":true,"href":"https:\/\/cia.umh.es\/ca\/wp-json\/wp\/v2\/comments?post=121"}],"version-history":[{"count":0,"href":"https:\/\/cia.umh.es\/ca\/wp-json\/wp\/v2\/pages\/121\/revisions"}],"up":[{"embeddable":true,"href":"https:\/\/cia.umh.es\/ca\/wp-json\/wp\/v2\/pages\/40"}],"wp:attachment":[{"href":"https:\/\/cia.umh.es\/ca\/wp-json\/wp\/v2\/media?parent=121"}],"curies":[{"name":"wp","href":"https:\/\/api.w.org\/{rel}","templated":true}]}}