{"id":124,"date":"2022-01-11T13:05:53","date_gmt":"2022-01-11T12:05:53","guid":{"rendered":"https:\/\/cia.umh.es\/?page_id=124"},"modified":"2024-09-25T12:47:26","modified_gmt":"2024-09-25T10:47:26","slug":"congresos","status":"publish","type":"page","link":"https:\/\/cia.umh.es\/ca\/investigacion\/congresos\/","title":{"rendered":"<span lang=\"es\">(Espa\u00f1ol) Congresos<\/span>"},"content":{"rendered":"<p>[et_pb_section fb_built=&#8221;1&#8243; admin_label=&#8221;section&#8221; _builder_version=&#8221;4.16&#8243; global_colors_info=&#8221;{}&#8221;][et_pb_row _builder_version=&#8221;4.17.4&#8243; _module_preset=&#8221;default&#8221; global_colors_info=&#8221;{}&#8221;][et_pb_column type=&#8221;4_4&#8243; _builder_version=&#8221;4.17.4&#8243; _module_preset=&#8221;default&#8221; global_colors_info=&#8221;{}&#8221;][et_pb_text _builder_version=&#8221;4.17.4&#8243; _module_preset=&#8221;default&#8221; global_colors_info=&#8221;{}&#8221;]<\/p>\n<h1><strong>Congresos<\/strong><\/h1>\n<p>[\/et_pb_text][\/et_pb_column][\/et_pb_row][et_pb_row column_structure=&#8221;1_4,1_4,1_4,1_4&#8243; _builder_version=&#8221;4.17.4&#8243; _module_preset=&#8221;default&#8221; global_colors_info=&#8221;{}&#8221;][et_pb_column type=&#8221;1_4&#8243; _builder_version=&#8221;4.17.4&#8243; _module_preset=&#8221;default&#8221; global_colors_info=&#8221;{}&#8221;][et_pb_image src=&#8221;https:\/\/cia.umh.es\/files\/2024\/09\/CARTEL-CIMIC_2024-GENE\u0301-RICO-2-verde-1.jpg&#8221; alt=&#8221;Logotipo congreso CIMIC&#8221; title_text=&#8221;CARTEL CIMIC_2024 GENE\u0301 RICO 2 verde&#8221; url=&#8221;https:\/\/congresocimic.umh.es\/&#8221; url_new_window=&#8221;on&#8221; _builder_version=&#8221;4.17.4&#8243; _module_preset=&#8221;default&#8221; hover_enabled=&#8221;0&#8243; global_colors_info=&#8221;{}&#8221; sticky_enabled=&#8221;0&#8243;][\/et_pb_image][et_pb_text _builder_version=&#8221;4.17.4&#8243; _module_preset=&#8221;default&#8221; text_font=&#8221;Montserrat||||||||&#8221; text_line_height=&#8221;1em&#8221; link_option_url=&#8221;https:\/\/congresocimic.umh.es\/&#8221; link_option_url_new_window=&#8221;on&#8221; hover_enabled=&#8221;0&#8243; global_colors_info=&#8221;{}&#8221; sticky_enabled=&#8221;0&#8243;]<\/p>\n<h4>CIMIC. Congreso Internacional MATERIA. Investigaci\u00f3n y creaci\u00f3n art\u00edstica sobre los estados de la materia<\/h4>\n<p>Edificio Mascarat. Facultad de Bellas Artes de Altea.<\/p>\n<p>&nbsp;<\/p>\n<p>[\/et_pb_text][et_pb_text _builder_version=&#8221;4.17.4&#8243; _module_preset=&#8221;default&#8221; text_font=&#8221;Montserrat||||||||&#8221; text_line_height=&#8221;1em&#8221; global_colors_info=&#8221;{}&#8221;]<\/p>\n<h4><a href=\"https:\/\/cia.umh.es\/files\/2022\/12\/Imagen-y-Conocimiento-2008-programa-cienti%CC%81fico.pdf\">Imagen<\/a><a href=\"https:\/\/cia.umh.es\/files\/2022\/12\/Imagen-y-Conocimiento-2008-programa-cienti%CC%81fico.pdf\"> y Conocimiento<\/a><\/h4>\n<p>Tradici\u00f3n art\u00edstica e innovaci\u00f3n tecnol\u00f3gica<\/p>\n<p>[\/et_pb_text][et_pb_image src=&#8221;https:\/\/cia.umh.es\/files\/2022\/01\/imagen-miniat.png&#8221; title_text=&#8221;imagen miniat&#8221; url=&#8221;https:\/\/cia.umh.es\/files\/2022\/12\/Imagen-y-Conocimiento-2008-programa-cienti%CC%81fico.pdf&#8221; url_new_window=&#8221;on&#8221; _builder_version=&#8221;4.17.4&#8243; _module_preset=&#8221;default&#8221; global_colors_info=&#8221;{}&#8221;][\/et_pb_image][\/et_pb_column][et_pb_column type=&#8221;1_4&#8243; _builder_version=&#8221;4.17.4&#8243; _module_preset=&#8221;default&#8221; global_colors_info=&#8221;{}&#8221;][et_pb_image src=&#8221;https:\/\/cia.umh.es\/files\/2022\/01\/AAAA.png&#8221; title_text=&#8221;AAAA&#8221; url=&#8221;https:\/\/congreso-aaaa.umh.es\/&#8221; url_new_window=&#8221;on&#8221; _builder_version=&#8221;4.17.4&#8243; _module_preset=&#8221;default&#8221; global_colors_info=&#8221;{}&#8221;][\/et_pb_image][et_pb_text _builder_version=&#8221;4.17.4&#8243; _module_preset=&#8221;default&#8221; text_font=&#8221;Montserrat||||||||&#8221; text_line_height=&#8221;1em&#8221; hover_enabled=&#8221;0&#8243; global_colors_info=&#8221;{}&#8221; sticky_enabled=&#8221;0&#8243;]<\/p>\n<h4><a href=\"https:\/\/congreso-aaaa.umh.es\/\">II Congreso Internacional especulativo: Arte, Alianzas, Afectos y Algo m\u00e1s*<\/a><\/h4>\n<p>AAAA*<\/p>\n<p>[\/et_pb_text][\/et_pb_column][et_pb_column type=&#8221;1_4&#8243; _builder_version=&#8221;4.17.4&#8243; _module_preset=&#8221;default&#8221; global_colors_info=&#8221;{}&#8221;][et_pb_image src=&#8221;https:\/\/cia.umh.es\/files\/2022\/01\/Logo-Congreso-Ge\u0301nero-Fanta\u0301stico.png&#8221; title_text=&#8221;Logo Congreso Ge\u0301nero Fanta\u0301stico&#8221; url=&#8221;https:\/\/www.festivalcinefantaelx.com\/&#8221; url_new_window=&#8221;on&#8221; _builder_version=&#8221;4.17.4&#8243; _module_preset=&#8221;default&#8221; global_colors_info=&#8221;{}&#8221;][\/et_pb_image][et_pb_text _builder_version=&#8221;4.17.4&#8243; _module_preset=&#8221;default&#8221; text_font=&#8221;Montserrat||||||||&#8221; text_line_height=&#8221;1em&#8221; hover_enabled=&#8221;0&#8243; global_colors_info=&#8221;{}&#8221; sticky_enabled=&#8221;0&#8243;]<\/p>\n<h4><a href=\"https:\/\/www.festivalcinefantaelx.com\/\">Congreso Internacional de G\u00e9nero Fant\u00e1stico, Audiovisuales y Nuevas Tecnolog\u00edas<\/a><\/h4>\n<p>Centro de Congresos de Elche<\/p>\n<p>[\/et_pb_text][\/et_pb_column][et_pb_column type=&#8221;1_4&#8243; _builder_version=&#8221;4.17.4&#8243; _module_preset=&#8221;default&#8221; global_colors_info=&#8221;{}&#8221;][et_pb_image src=&#8221;https:\/\/cia.umh.es\/files\/2022\/01\/cuerpos-sex.jpg&#8221; title_text=&#8221;programa_14_10_2009_pepe&#8221; url=&#8221;https:\/\/cia.umh.es\/files\/2022\/12\/cuerpos-sex-here%CC%81ticas-programa_cientifico.pdf&#8221; url_new_window=&#8221;on&#8221; _builder_version=&#8221;4.17.4&#8243; _module_preset=&#8221;default&#8221; global_colors_info=&#8221;{}&#8221;][\/et_pb_image][et_pb_text _builder_version=&#8221;4.17.4&#8243; _module_preset=&#8221;default&#8221; text_font=&#8221;Montserrat||||||||&#8221; text_line_height=&#8221;1em&#8221; global_colors_info=&#8221;{}&#8221;]<\/p>\n<h4><a href=\"https:\/\/cia.umh.es\/files\/2022\/12\/cuerpos-sex-here%CC%81ticas-programa_cientifico.pdf\">I Congreso Internacional Cuerpos\/Sexualidades Her\u00e9ticas y Pr\u00e1cticas Art\u00edsticas<\/a><\/h4>\n<p>Antecedentes hist\u00f3ricos en el estado espa\u00f1ol. De la teor\u00eda a la pr\u00e1ctica y viceversa<\/p>\n<p>[\/et_pb_text][\/et_pb_column][\/et_pb_row][\/et_pb_section]<\/p>\n","protected":false},"excerpt":{"rendered":"<p>CongresosCIMIC. Congreso Internacional MATERIA. Investigaci\u00f3n y creaci\u00f3n art\u00edstica sobre los estados de la materia Edificio Mascarat. Facultad de Bellas Artes de Altea. &nbsp;Imagen y Conocimiento Tradici\u00f3n art\u00edstica e innovaci\u00f3n tecnol\u00f3gicaII Congreso Internacional especulativo: Arte, Alianzas, Afectos y Algo m\u00e1s* AAAA*Congreso Internacional de G\u00e9nero Fant\u00e1stico, Audiovisuales y Nuevas Tecnolog\u00edas Centro de Congresos de ElcheI Congreso Internacional [&hellip;]<\/p>\n","protected":false},"author":202,"featured_media":0,"parent":40,"menu_order":20,"comment_status":"closed","ping_status":"closed","template":"","meta":{"_et_pb_use_builder":"on","_et_pb_old_content":"","_et_gb_content_width":"","_links_to":"","_links_to_target":""},"_links":{"self":[{"href":"https:\/\/cia.umh.es\/ca\/wp-json\/wp\/v2\/pages\/124"}],"collection":[{"href":"https:\/\/cia.umh.es\/ca\/wp-json\/wp\/v2\/pages"}],"about":[{"href":"https:\/\/cia.umh.es\/ca\/wp-json\/wp\/v2\/types\/page"}],"author":[{"embeddable":true,"href":"https:\/\/cia.umh.es\/ca\/wp-json\/wp\/v2\/users\/202"}],"replies":[{"embeddable":true,"href":"https:\/\/cia.umh.es\/ca\/wp-json\/wp\/v2\/comments?post=124"}],"version-history":[{"count":0,"href":"https:\/\/cia.umh.es\/ca\/wp-json\/wp\/v2\/pages\/124\/revisions"}],"up":[{"embeddable":true,"href":"https:\/\/cia.umh.es\/ca\/wp-json\/wp\/v2\/pages\/40"}],"wp:attachment":[{"href":"https:\/\/cia.umh.es\/ca\/wp-json\/wp\/v2\/media?parent=124"}],"curies":[{"name":"wp","href":"https:\/\/api.w.org\/{rel}","templated":true}]}}