{"id":130,"date":"2022-01-11T13:06:43","date_gmt":"2022-01-11T12:06:43","guid":{"rendered":"https:\/\/cia.umh.es\/?page_id=130"},"modified":"2025-09-25T11:04:24","modified_gmt":"2025-09-25T09:04:24","slug":"publicaciones","status":"publish","type":"page","link":"https:\/\/cia.umh.es\/ca\/investigacion\/publicaciones\/","title":{"rendered":"<span lang=\"es\">(Espa\u00f1ol) Publicaciones<\/span>"},"content":{"rendered":"<p>[et_pb_section fb_built=&#8221;1&#8243; admin_label=&#8221;section&#8221; _builder_version=&#8221;4.16&#8243; global_colors_info=&#8221;{}&#8221;][et_pb_row admin_label=&#8221;row&#8221; _builder_version=&#8221;4.16&#8243; background_size=&#8221;initial&#8221; background_position=&#8221;top_left&#8221; background_repeat=&#8221;repeat&#8221; global_colors_info=&#8221;{}&#8221;][et_pb_column type=&#8221;4_4&#8243; _builder_version=&#8221;4.16&#8243; custom_padding=&#8221;|||&#8221; global_colors_info=&#8221;{}&#8221; custom_padding__hover=&#8221;|||&#8221;][et_pb_text _builder_version=&#8221;4.17.4&#8243; _module_preset=&#8221;default&#8221; global_colors_info=&#8221;{}&#8221;]<\/p>\n<h1><strong>Publicaciones<\/strong><\/h1>\n<p>[\/et_pb_text][\/et_pb_column][\/et_pb_row][et_pb_row column_structure=&#8221;1_4,1_4,1_4,1_4&#8243; _builder_version=&#8221;4.17.4&#8243; _module_preset=&#8221;default&#8221; global_colors_info=&#8221;{}&#8221;][et_pb_column type=&#8221;1_4&#8243; _builder_version=&#8221;4.17.4&#8243; _module_preset=&#8221;default&#8221; global_colors_info=&#8221;{}&#8221;][et_pb_image src=&#8221;https:\/\/cia.umh.es\/files\/2025\/09\/2024_Imagenes-de-lo-fra\u0301gil_Ars-05.jpg&#8221; title_text=&#8221;2024_Imagenes-de-lo-fra\u0301gil_Ars-05&#8243; url=&#8221;https:\/\/monografias.editorial.upv.es\/index.php\/interd\/issue\/view\/117&#8243; url_new_window=&#8221;on&#8221; _builder_version=&#8221;4.17.4&#8243; _module_preset=&#8221;default&#8221; hover_enabled=&#8221;0&#8243; global_colors_info=&#8221;{}&#8221; sticky_enabled=&#8221;0&#8243;][\/et_pb_image][et_pb_text _builder_version=&#8221;4.17.4&#8243; _module_preset=&#8221;default&#8221; text_font=&#8221;Montserrat||||||||&#8221; text_line_height=&#8221;1em&#8221; hover_enabled=&#8221;0&#8243; global_colors_info=&#8221;{}&#8221; sticky_enabled=&#8221;0&#8243;]<\/p>\n<h4>Im\u00e1genes de lo fr\u00e1gil. Imaginaci\u00f3n y cat\u00e1strofe.<\/h4>\n<p><em>InterdisciplinARS<\/em>\u00a0(Vol. 5)<\/p>\n<p>[\/et_pb_text][\/et_pb_column][et_pb_column type=&#8221;1_4&#8243; _builder_version=&#8221;4.17.4&#8243; _module_preset=&#8221;default&#8221; global_colors_info=&#8221;{}&#8221;][et_pb_image src=&#8221;https:\/\/cia.umh.es\/files\/2024\/05\/mueca-s-bellaterra.jpg&#8221; title_text=&#8221;mueca-s-bellaterra&#8221; url=&#8221;https:\/\/www.bellaterra.coop\/es\/libros\/mueca-s&#8221; url_new_window=&#8221;on&#8221; _builder_version=&#8221;4.17.4&#8243; _module_preset=&#8221;default&#8221; global_colors_info=&#8221;{}&#8221;][\/et_pb_image][et_pb_text _builder_version=&#8221;4.17.4&#8243; _module_preset=&#8221;default&#8221; text_font=&#8221;Montserrat||||||||&#8221; text_line_height=&#8221;1em&#8221; global_colors_info=&#8221;{}&#8221;]<\/p>\n<h4>MUECA :S<\/h4>\n<p>Conversaciones sobre metodolog\u00edas torcidas<\/p>\n<p>[\/et_pb_text][\/et_pb_column][et_pb_column type=&#8221;1_4&#8243; _builder_version=&#8221;4.17.4&#8243; _module_preset=&#8221;default&#8221; global_colors_info=&#8221;{}&#8221;][et_pb_image src=&#8221;https:\/\/cia.umh.es\/files\/2024\/05\/Retrofanta\u0301stico.png&#8221; title_text=&#8221;Retrofanta\u0301stico&#8221; url=&#8221;https:\/\/cinestesia.es\/producto\/retrofantastico\/&#8221; url_new_window=&#8221;on&#8221; _builder_version=&#8221;4.17.4&#8243; _module_preset=&#8221;default&#8221; global_colors_info=&#8221;{}&#8221;][\/et_pb_image][et_pb_text _builder_version=&#8221;4.17.4&#8243; _module_preset=&#8221;default&#8221; text_font=&#8221;Montserrat||||||||&#8221; text_line_height=&#8221;1em&#8221; global_colors_info=&#8221;{}&#8221;]<\/p>\n<h4><a href=\"https:\/\/cinestesia.es\/producto\/retrofantastico\/\">Retrofant\u00e1stico. Perspectivas de un pasado imaginado<\/a><\/h4>\n<p>[\/et_pb_text][\/et_pb_column][et_pb_column type=&#8221;1_4&#8243; _builder_version=&#8221;4.17.4&#8243; _module_preset=&#8221;default&#8221; global_colors_info=&#8221;{}&#8221;][et_pb_image src=&#8221;https:\/\/cia.umh.es\/files\/2024\/05\/Visions-from-the-unexpected.png&#8221; title_text=&#8221;Visions from the unexpected&#8221; url=&#8221;https:\/\/www.festivalcinefantaelx.com\/wp-content\/uploads\/2022\/09\/Visions_from_the_Unexpected.pdf&#8221; url_new_window=&#8221;on&#8221; _builder_version=&#8221;4.17.4&#8243; _module_preset=&#8221;default&#8221; global_colors_info=&#8221;{}&#8221;][\/et_pb_image][et_pb_text _builder_version=&#8221;4.17.4&#8243; _module_preset=&#8221;default&#8221; text_font=&#8221;Montserrat||||||||&#8221; text_line_height=&#8221;1em&#8221; global_colors_info=&#8221;{}&#8221;]<\/p>\n<h4><a href=\"https:\/\/www.festivalcinefantaelx.com\/wp-content\/uploads\/2022\/09\/Visions_from_the_Unexpected.pdf\">Visions from the Unexpected<\/a><\/h4>\n<p>[\/et_pb_text][\/et_pb_column][\/et_pb_row][et_pb_row column_structure=&#8221;1_4,1_4,1_4,1_4&#8243; _builder_version=&#8221;4.17.4&#8243; _module_preset=&#8221;default&#8221; global_colors_info=&#8221;{}&#8221;][et_pb_column type=&#8221;1_4&#8243; _builder_version=&#8221;4.17.4&#8243; _module_preset=&#8221;default&#8221; global_colors_info=&#8221;{}&#8221;][et_pb_image src=&#8221;https:\/\/cia.umh.es\/files\/2024\/05\/Crimen-y-fanta\u0301stico.png&#8221; title_text=&#8221;Crimen y fanta\u0301stico&#8221; url=&#8221;https:\/\/cinestesia.es\/producto\/crime-y-fantastico\/&#8221; url_new_window=&#8221;on&#8221; _builder_version=&#8221;4.17.4&#8243; _module_preset=&#8221;default&#8221; global_colors_info=&#8221;{}&#8221;][\/et_pb_image][et_pb_text _builder_version=&#8221;4.17.4&#8243; _module_preset=&#8221;default&#8221; text_font=&#8221;Montserrat||||||||&#8221; text_line_height=&#8221;1em&#8221; global_colors_info=&#8221;{}&#8221;]<\/p>\n<h4><a href=\"https:\/\/cinestesia.es\/producto\/crime-y-fantastico\/\">Crimen y Fant\u00e1sico<\/a><\/h4>\n<p>[\/et_pb_text][\/et_pb_column][et_pb_column type=&#8221;1_4&#8243; _builder_version=&#8221;4.17.4&#8243; _module_preset=&#8221;default&#8221; global_colors_info=&#8221;{}&#8221;][et_pb_image src=&#8221;https:\/\/cia.umh.es\/files\/2022\/12\/Portada-Space-Fiction-web.jpg&#8221; title_text=&#8221;Portada Space Fiction DEF&#8221; url=&#8221;https:\/\/cinestesia.es\/producto\/space-fiction\/&#8221; url_new_window=&#8221;on&#8221; _builder_version=&#8221;4.17.4&#8243; _module_preset=&#8221;default&#8221; global_colors_info=&#8221;{}&#8221;][\/et_pb_image][et_pb_text _builder_version=&#8221;4.17.4&#8243; _module_preset=&#8221;default&#8221; text_font=&#8221;Montserrat||||||||&#8221; text_line_height=&#8221;1em&#8221; hover_enabled=&#8221;0&#8243; global_colors_info=&#8221;{}&#8221; sticky_enabled=&#8221;0&#8243;]<\/p>\n<h4><a href=\"https:\/\/cinestesia.es\/producto\/space-fiction\/\">Space Fictions<\/a><\/h4>\n<p>Visiones de lo c\u00f3smico en la ciencia-ficci\u00f3n<\/p>\n<p>[\/et_pb_text][\/et_pb_column][et_pb_column type=&#8221;1_4&#8243; _builder_version=&#8221;4.17.4&#8243; _module_preset=&#8221;default&#8221; global_colors_info=&#8221;{}&#8221;][et_pb_image src=&#8221;https:\/\/cia.umh.es\/files\/2022\/01\/Logo-la-academia-Global.jpg&#8221; title_text=&#8221;Logo la academia Global&#8221; url=&#8221;https:\/\/cia.umh.es\/files\/2022\/01\/2021-Publicacio%CC%81n-SIPADI-UMH-_-baja.pdf&#8221; url_new_window=&#8221;on&#8221; _builder_version=&#8221;4.17.4&#8243; _module_preset=&#8221;default&#8221; global_colors_info=&#8221;{}&#8221;][\/et_pb_image][et_pb_text _builder_version=&#8221;4.17.4&#8243; _module_preset=&#8221;default&#8221; text_font=&#8221;Montserrat||||||||&#8221; text_line_height=&#8221;1em&#8221; global_colors_info=&#8221;{}&#8221;]<\/p>\n<h4><a href=\"https:\/\/cia.umh.es\/files\/2022\/01\/2021-Publicacio%CC%81n-SIPADI-UMH-_-baja.pdf\">La Academia Global<\/a><\/h4>\n<p>Centro de Investigaci\u00f3n en Arte<\/p>\n<p>[\/et_pb_text][\/et_pb_column][et_pb_column type=&#8221;1_4&#8243; _builder_version=&#8221;4.17.4&#8243; _module_preset=&#8221;default&#8221; global_colors_info=&#8221;{}&#8221;][et_pb_image src=&#8221;https:\/\/cia.umh.es\/files\/2022\/12\/Portada-Libro-Breaking-Fantastic-web.jpg&#8221; title_text=&#8221;Portada Libro Breaking Fantastic web&#8221; url=&#8221;https:\/\/www.festivalcinefantaelx.com\/wp-content\/uploads\/2021\/10\/Breaking_Fantastic_Eds_Martinez_Mateu_Book.pdf&#8221; url_new_window=&#8221;on&#8221; _builder_version=&#8221;4.17.4&#8243; _module_preset=&#8221;default&#8221; global_colors_info=&#8221;{}&#8221;][\/et_pb_image][et_pb_text _builder_version=&#8221;4.17.4&#8243; _module_preset=&#8221;default&#8221; text_font=&#8221;Montserrat||||||||&#8221; text_line_height=&#8221;1em&#8221; global_colors_info=&#8221;{}&#8221;]<\/p>\n<h4><a href=\"https:\/\/www.festivalcinefantaelx.com\/wp-content\/uploads\/2021\/10\/Breaking_Fantastic_Eds_Martinez_Mateu_Book.pdf\">Breaking Fantastic<\/a><\/h4>\n<p>[\/et_pb_text][\/et_pb_column][\/et_pb_row][et_pb_row column_structure=&#8221;1_4,1_4,1_4,1_4&#8243; _builder_version=&#8221;4.17.4&#8243; _module_preset=&#8221;default&#8221; global_colors_info=&#8221;{}&#8221;][et_pb_column type=&#8221;1_4&#8243; _builder_version=&#8221;4.17.4&#8243; _module_preset=&#8221;default&#8221; global_colors_info=&#8221;{}&#8221;][et_pb_image src=&#8221;https:\/\/cia.umh.es\/files\/2022\/12\/PORTADA_Libro-In-a-Stranger-Field.jpg&#8221; title_text=&#8221;PORTADA_Libro In a Stranger Field&#8221; url=&#8221;https:\/\/www.festivalcinefantaelx.com\/wp-content\/uploads\/2019\/12\/In_a_Stranger_Field_Eds_Martinez_Mateu_Book.pdf&#8221; url_new_window=&#8221;on&#8221; _builder_version=&#8221;4.17.4&#8243; _module_preset=&#8221;default&#8221; global_colors_info=&#8221;{}&#8221;][\/et_pb_image][et_pb_text _builder_version=&#8221;4.17.4&#8243; _module_preset=&#8221;default&#8221; text_font=&#8221;Montserrat||||||||&#8221; text_line_height=&#8221;1em&#8221; global_colors_info=&#8221;{}&#8221;]<\/p>\n<h4><a href=\"https:\/\/www.festivalcinefantaelx.com\/wp-content\/uploads\/2019\/12\/In_a_Stranger_Field_Eds_Martinez_Mateu_Book.pdf\">In a Stranger Field<\/a><\/h4>\n<p>[\/et_pb_text][\/et_pb_column][et_pb_column type=&#8221;1_4&#8243; _builder_version=&#8221;4.17.4&#8243; _module_preset=&#8221;default&#8221; global_colors_info=&#8221;{}&#8221;][et_pb_image src=&#8221;https:\/\/cia.umh.es\/files\/2022\/12\/PORTADA_Libro-De-lo-Fanta\u0301stico-y-lo-Inadmisible-web.jpg&#8221; title_text=&#8221;Imprimir&#8221; url=&#8221;https:\/\/cinestesia.es\/producto\/de-lo-fantastico-y-lo-inadmisible\/&#8221; url_new_window=&#8221;on&#8221; _builder_version=&#8221;4.17.4&#8243; _module_preset=&#8221;default&#8221; global_colors_info=&#8221;{}&#8221;][\/et_pb_image][et_pb_text _builder_version=&#8221;4.17.4&#8243; _module_preset=&#8221;default&#8221; text_font=&#8221;Montserrat||||||||&#8221; text_line_height=&#8221;1em&#8221; global_colors_info=&#8221;{}&#8221;]<\/p>\n<h4><a href=\"https:\/\/cinestesia.es\/producto\/de-lo-fantastico-y-lo-inadmisible\/\">De lo Fant\u00e1stico y lo Inadmisible<\/a><\/h4>\n<p>[\/et_pb_text][\/et_pb_column][et_pb_column type=&#8221;1_4&#8243; _builder_version=&#8221;4.17.4&#8243; _module_preset=&#8221;default&#8221; global_colors_info=&#8221;{}&#8221;][et_pb_image src=&#8221;https:\/\/cia.umh.es\/files\/2022\/01\/PLAN-Z_2018-19-todo-1.jpg&#8221; title_text=&#8221;PLAN Z_2018-19-todo-1&#8243; url=&#8221;https:\/\/cia.umh.es\/files\/2022\/01\/PLAN-Z_2018-19-todo.pdf&#8221; url_new_window=&#8221;on&#8221; _builder_version=&#8221;4.17.4&#8243; _module_preset=&#8221;default&#8221; global_colors_info=&#8221;{}&#8221;][\/et_pb_image][et_pb_text _builder_version=&#8221;4.17.4&#8243; _module_preset=&#8221;default&#8221; text_font=&#8221;Montserrat||||||||&#8221; text_line_height=&#8221;1em&#8221; global_colors_info=&#8221;{}&#8221;]<\/p>\n<h4><a href=\"https:\/\/cia.umh.es\/files\/2022\/01\/PLAN-Z_2018-19-todo.pdf\">Plan Z<\/a><\/h4>\n<p>2018\/2019<\/p>\n<p>[\/et_pb_text][\/et_pb_column][et_pb_column type=&#8221;1_4&#8243; _builder_version=&#8221;4.17.4&#8243; _module_preset=&#8221;default&#8221; global_colors_info=&#8221;{}&#8221;][et_pb_image src=&#8221;https:\/\/cia.umh.es\/files\/2022\/12\/Portada-Libro-Melted-Reality-web.jpg&#8221; title_text=&#8221;Portada Libro Melted Reality web&#8221; url=&#8221;https:\/\/www.festivalcinefantaelx.com\/wp-content\/uploads\/2020\/10\/Melted_Reality_Eds_Martinez_Mateu_Book.pdf&#8221; url_new_window=&#8221;on&#8221; _builder_version=&#8221;4.17.4&#8243; _module_preset=&#8221;default&#8221; global_colors_info=&#8221;{}&#8221;][\/et_pb_image][et_pb_text _builder_version=&#8221;4.17.4&#8243; _module_preset=&#8221;default&#8221; text_font=&#8221;Montserrat||||||||&#8221; text_line_height=&#8221;1em&#8221; global_colors_info=&#8221;{}&#8221;]<\/p>\n<h4><a href=\"https:\/\/www.festivalcinefantaelx.com\/wp-content\/uploads\/2020\/10\/Melted_Reality_Eds_Martinez_Mateu_Book.pdf\">Melted Reality<\/a><\/h4>\n<p>New proposals from the fantastic aesthetics<\/p>\n<p>[\/et_pb_text][\/et_pb_column][\/et_pb_row][et_pb_row column_structure=&#8221;1_4,1_4,1_4,1_4&#8243; _builder_version=&#8221;4.17.4&#8243; _module_preset=&#8221;default&#8221; global_colors_info=&#8221;{}&#8221;][et_pb_column type=&#8221;1_4&#8243; _builder_version=&#8221;4.17.4&#8243; _module_preset=&#8221;default&#8221; global_colors_info=&#8221;{}&#8221;][et_pb_image src=&#8221;https:\/\/cia.umh.es\/files\/2022\/01\/IMAGEN-Y-CONOCIMIENTO.jpg&#8221; title_text=&#8221;IMAGEN Y CONOCIMIENTO&#8221; url=&#8221;https:\/\/cia.umh.es\/files\/2022\/01\/imagen-conocimiento.pdf&#8221; url_new_window=&#8221;on&#8221; _builder_version=&#8221;4.17.4&#8243; _module_preset=&#8221;default&#8221; global_colors_info=&#8221;{}&#8221;][\/et_pb_image][et_pb_text _builder_version=&#8221;4.17.4&#8243; _module_preset=&#8221;default&#8221; text_font=&#8221;Montserrat||||||||&#8221; text_line_height=&#8221;1em&#8221; global_colors_info=&#8221;{}&#8221;]<\/p>\n<h4><a href=\"https:\/\/cia.umh.es\/files\/2022\/01\/imagen-conocimiento.pdf\">Imagen y Conocimiento<\/a><\/h4>\n<p>Tradici\u00f3n art\u00edstica e innovaci\u00f3n tecnol\u00f3gica<\/p>\n<p>[\/et_pb_text][\/et_pb_column][et_pb_column type=&#8221;1_4&#8243; _builder_version=&#8221;4.17.4&#8243; _module_preset=&#8221;default&#8221; global_colors_info=&#8221;{}&#8221;][et_pb_image src=&#8221;https:\/\/cia.umh.es\/files\/2022\/01\/cuerpos-libro.png&#8221; title_text=&#8221;cuerpos libro&#8221; url=&#8221;https:\/\/cia.umh.es\/files\/2022\/01\/Sentamans_Tatiana_y_Tejero_Olivares_Dani.pdf&#8221; url_new_window=&#8221;on&#8221; _builder_version=&#8221;4.17.4&#8243; _module_preset=&#8221;default&#8221; global_colors_info=&#8221;{}&#8221;][\/et_pb_image][et_pb_text _builder_version=&#8221;4.17.4&#8243; _module_preset=&#8221;default&#8221; text_font=&#8221;Montserrat||||||||&#8221; text_line_height=&#8221;1em&#8221; global_colors_info=&#8221;{}&#8221;]<\/p>\n<h4><a href=\"https:\/\/cia.umh.es\/files\/2022\/01\/Sentamans_Tatiana_y_Tejero_Olivares_Dani.pdf\">Cuerpos\/Sexualidades Her\u00e9ticas y Pr\u00e1cticas Art\u00edsticas<\/a><\/h4>\n<p>[\/et_pb_text][\/et_pb_column][et_pb_column type=&#8221;1_4&#8243; _builder_version=&#8221;4.17.4&#8243; _module_preset=&#8221;default&#8221; global_colors_info=&#8221;{}&#8221;][et_pb_image src=&#8221;https:\/\/cia.umh.es\/files\/2022\/01\/PLANZ_2016-17_todo-1.jpg&#8221; title_text=&#8221;PLANZ_2016-17_todo-1&#8243; url=&#8221;https:\/\/cia.umh.es\/files\/2022\/01\/PLANZ_2016-17_todo.pdf&#8221; url_new_window=&#8221;on&#8221; _builder_version=&#8221;4.17.4&#8243; _module_preset=&#8221;default&#8221; global_colors_info=&#8221;{}&#8221;][\/et_pb_image][et_pb_text _builder_version=&#8221;4.17.4&#8243; _module_preset=&#8221;default&#8221; text_font=&#8221;Montserrat||||||||&#8221; text_line_height=&#8221;1em&#8221; global_colors_info=&#8221;{}&#8221;]<\/p>\n<h4><a href=\"https:\/\/cia.umh.es\/files\/2022\/01\/PLANZ_2016-17_todo.pdf\">Plan Z<\/a><\/h4>\n<p>2016\/2017<\/p>\n<p>[\/et_pb_text][\/et_pb_column][et_pb_column type=&#8221;1_4&#8243; _builder_version=&#8221;4.17.4&#8243; _module_preset=&#8221;default&#8221; global_colors_info=&#8221;{}&#8221;][et_pb_image src=&#8221;https:\/\/cia.umh.es\/files\/2022\/12\/PORTADA_Libro-Arte-y-Cine-web.jpg&#8221; title_text=&#8221;PORTADA_Libro Arte y Cine_DEFINITIVA_con solapas_con marcas impr&#8221; url=&#8221;https:\/\/www.amazon.es\/Arte-cine-Movimientos-art%C3%ADsticos-cinematogr%C3%A1ficos\/dp\/8494433687&#8243; url_new_window=&#8221;on&#8221; _builder_version=&#8221;4.17.4&#8243; _module_preset=&#8221;default&#8221; global_colors_info=&#8221;{}&#8221;][\/et_pb_image][et_pb_text _builder_version=&#8221;4.17.4&#8243; _module_preset=&#8221;default&#8221; text_font=&#8221;Montserrat||||||||&#8221; text_line_height=&#8221;1em&#8221; global_colors_info=&#8221;{}&#8221;]<\/p>\n<h4><a href=\"https:\/\/www.amazon.es\/Arte-cine-Movimientos-art%C3%ADsticos-cinematogr%C3%A1ficos\/dp\/8494433687\">Arte y Cine<\/a><\/h4>\n<p>Movimientos art\u00edsticos y cinematogr\u00e1ficos tras 1945<\/p>\n<p>[\/et_pb_text][\/et_pb_column][\/et_pb_row][\/et_pb_section]<\/p>\n","protected":false},"excerpt":{"rendered":"<p>PublicacionesIm\u00e1genes de lo fr\u00e1gil. Imaginaci\u00f3n y cat\u00e1strofe. InterdisciplinARS\u00a0(Vol. 5)MUECA :S Conversaciones sobre metodolog\u00edas torcidasRetrofant\u00e1stico. Perspectivas de un pasado imaginadoVisions from the UnexpectedCrimen y Fant\u00e1sicoSpace Fictions Visiones de lo c\u00f3smico en la ciencia-ficci\u00f3nLa Academia Global Centro de Investigaci\u00f3n en ArteBreaking FantasticIn a Stranger FieldDe lo Fant\u00e1stico y lo InadmisiblePlan Z 2018\/2019Melted Reality New proposals from the [&hellip;]<\/p>\n","protected":false},"author":202,"featured_media":0,"parent":40,"menu_order":30,"comment_status":"closed","ping_status":"closed","template":"","meta":{"_et_pb_use_builder":"on","_et_pb_old_content":"","_et_gb_content_width":"","_links_to":"","_links_to_target":""},"_links":{"self":[{"href":"https:\/\/cia.umh.es\/ca\/wp-json\/wp\/v2\/pages\/130"}],"collection":[{"href":"https:\/\/cia.umh.es\/ca\/wp-json\/wp\/v2\/pages"}],"about":[{"href":"https:\/\/cia.umh.es\/ca\/wp-json\/wp\/v2\/types\/page"}],"author":[{"embeddable":true,"href":"https:\/\/cia.umh.es\/ca\/wp-json\/wp\/v2\/users\/202"}],"replies":[{"embeddable":true,"href":"https:\/\/cia.umh.es\/ca\/wp-json\/wp\/v2\/comments?post=130"}],"version-history":[{"count":0,"href":"https:\/\/cia.umh.es\/ca\/wp-json\/wp\/v2\/pages\/130\/revisions"}],"up":[{"embeddable":true,"href":"https:\/\/cia.umh.es\/ca\/wp-json\/wp\/v2\/pages\/40"}],"wp:attachment":[{"href":"https:\/\/cia.umh.es\/ca\/wp-json\/wp\/v2\/media?parent=130"}],"curies":[{"name":"wp","href":"https:\/\/api.w.org\/{rel}","templated":true}]}}