{"id":145,"date":"2022-01-11T13:12:21","date_gmt":"2022-01-11T12:12:21","guid":{"rendered":"https:\/\/cia.umh.es\/?page_id=145"},"modified":"2024-05-19T14:11:28","modified_gmt":"2024-05-19T12:11:28","slug":"cursos","status":"publish","type":"page","link":"https:\/\/cia.umh.es\/ca\/formacion\/cursos\/","title":{"rendered":"<span lang=\"es\">(Espa\u00f1ol) Cursos<\/span>"},"content":{"rendered":"<p>[et_pb_section fb_built=&#8221;1&#8243; admin_label=&#8221;section&#8221; _builder_version=&#8221;4.16&#8243; global_colors_info=&#8221;{}&#8221;][et_pb_row admin_label=&#8221;row&#8221; _builder_version=&#8221;4.16&#8243; background_size=&#8221;initial&#8221; background_position=&#8221;top_left&#8221; background_repeat=&#8221;repeat&#8221; global_colors_info=&#8221;{}&#8221;][et_pb_column type=&#8221;4_4&#8243; _builder_version=&#8221;4.16&#8243; custom_padding=&#8221;|||&#8221; global_colors_info=&#8221;{}&#8221; custom_padding__hover=&#8221;|||&#8221;][et_pb_text admin_label=&#8221;Text&#8221; _builder_version=&#8221;4.17.4&#8243; background_size=&#8221;initial&#8221; background_position=&#8221;top_left&#8221; background_repeat=&#8221;repeat&#8221; global_colors_info=&#8221;{}&#8221;]<\/p>\n<h1>CURSOS<\/h1>\n<h5>La oferta de cursos puntuales permite la inciaci\u00f3n o especializaci\u00f3n en diversas t\u00e9cnicas, en el manejo de herramientas, y\/o en el desarrollo y aplicaci\u00f3n de procedimientos art\u00edsticos espec\u00edficos.<\/h5>\n<p>[\/et_pb_text][\/et_pb_column][\/et_pb_row][et_pb_row column_structure=&#8221;1_3,1_3,1_3&#8243; _builder_version=&#8221;4.17.4&#8243; _module_preset=&#8221;default&#8221; global_colors_info=&#8221;{}&#8221;][et_pb_column type=&#8221;1_3&#8243; _builder_version=&#8221;4.17.4&#8243; _module_preset=&#8221;default&#8221; global_colors_info=&#8221;{}&#8221;][et_pb_image src=&#8221;https:\/\/cia.umh.es\/files\/2024\/05\/Seminario-Fragua-copia-2.jpg&#8221; title_text=&#8221;Seminario Fragua copia 2&#8243; url=&#8221;https:\/\/bbaa.umh.es\/2016\/12\/13\/seminario-de-forja-y-fragua-en-hierro\/&#8221; url_new_window=&#8221;on&#8221; _builder_version=&#8221;4.17.4&#8243; _module_preset=&#8221;default&#8221; hover_enabled=&#8221;0&#8243; global_colors_info=&#8221;{}&#8221; sticky_enabled=&#8221;0&#8243;][\/et_pb_image][\/et_pb_column][et_pb_column type=&#8221;1_3&#8243; _builder_version=&#8221;4.17.4&#8243; _module_preset=&#8221;default&#8221; global_colors_info=&#8221;{}&#8221;][et_pb_image src=&#8221;https:\/\/cia.umh.es\/files\/2022\/12\/11a-La-importancia-del-montaje-expositivo-CARTEL-copia.jpg&#8221; title_text=&#8221;11a La importancia del montaje expositivo (CARTEL) copia&#8221; url_new_window=&#8221;on&#8221; _builder_version=&#8221;4.17.4&#8243; _module_preset=&#8221;default&#8221; global_colors_info=&#8221;{}&#8221;][\/et_pb_image][\/et_pb_column][et_pb_column type=&#8221;1_3&#8243; _builder_version=&#8221;4.17.4&#8243; _module_preset=&#8221;default&#8221; global_colors_info=&#8221;{}&#8221;][et_pb_image src=&#8221;https:\/\/cia.umh.es\/files\/2022\/12\/12a-Te\u0301cnicas-de-afilado-imprimir-A5-copia.jpg&#8221; title_text=&#8221;12a Te\u0301cnicas de afilado (imprimir A5) copia&#8221; url_new_window=&#8221;on&#8221; _builder_version=&#8221;4.17.4&#8243; _module_preset=&#8221;default&#8221; global_colors_info=&#8221;{}&#8221;][\/et_pb_image][\/et_pb_column][\/et_pb_row][\/et_pb_section][et_pb_section fb_built=&#8221;1&#8243; admin_label=&#8221;section&#8221; _builder_version=&#8221;4.16&#8243; global_colors_info=&#8221;{}&#8221;][et_pb_row column_structure=&#8221;1_4,1_4,1_4,1_4&#8243; _builder_version=&#8221;4.17.4&#8243; _module_preset=&#8221;default&#8221; global_colors_info=&#8221;{}&#8221;][et_pb_column type=&#8221;1_4&#8243; _builder_version=&#8221;4.17.4&#8243; _module_preset=&#8221;default&#8221; global_colors_info=&#8221;{}&#8221;][et_pb_image src=&#8221;https:\/\/cia.umh.es\/files\/2022\/12\/logo-umh-negro-footer.png&#8221; title_text=&#8221;logo-umh-negro footer&#8221; _builder_version=&#8221;4.17.4&#8243; _module_preset=&#8221;default&#8221; global_colors_info=&#8221;{}&#8221;][\/et_pb_image][\/et_pb_column][et_pb_column type=&#8221;1_4&#8243; _builder_version=&#8221;4.17.4&#8243; _module_preset=&#8221;default&#8221; global_colors_info=&#8221;{}&#8221;][et_pb_image src=&#8221;https:\/\/cia.umh.es\/files\/2022\/12\/logo-dep-arte-negro-footer.png&#8221; title_text=&#8221;logo-dep-arte-negro footer&#8221; _builder_version=&#8221;4.17.4&#8243; _module_preset=&#8221;default&#8221; global_colors_info=&#8221;{}&#8221;][\/et_pb_image][\/et_pb_column][et_pb_column type=&#8221;1_4&#8243; _builder_version=&#8221;4.17.4&#8243; _module_preset=&#8221;default&#8221; global_colors_info=&#8221;{}&#8221;][et_pb_image src=&#8221;https:\/\/cia.umh.es\/files\/2022\/12\/Estudios-Economicos-y-Financieros-footer.png&#8221; title_text=&#8221;Estudios-Economicos-y-Financieros footer&#8221; _builder_version=&#8221;4.17.4&#8243; _module_preset=&#8221;default&#8221; global_colors_info=&#8221;{}&#8221;][\/et_pb_image][\/et_pb_column][et_pb_column type=&#8221;1_4&#8243; _builder_version=&#8221;4.17.4&#8243; _module_preset=&#8221;default&#8221; global_colors_info=&#8221;{}&#8221;][et_pb_image src=&#8221;https:\/\/cia.umh.es\/files\/2022\/12\/UMH-Logosi\u0301mbolo-Campus-de-Altea-footer.png&#8221; title_text=&#8221;UMH-Logosi\u0301mbolo-Campus-de-Altea-footer&#8221; _builder_version=&#8221;4.17.4&#8243; _module_preset=&#8221;default&#8221; global_colors_info=&#8221;{}&#8221;][\/et_pb_image][\/et_pb_column][\/et_pb_row][\/et_pb_section]<\/p>\n","protected":false},"excerpt":{"rendered":"<p>CURSOS La oferta de cursos puntuales permite la inciaci\u00f3n o especializaci\u00f3n en diversas t\u00e9cnicas, en el manejo de herramientas, y\/o en el desarrollo y aplicaci\u00f3n de procedimientos art\u00edsticos espec\u00edficos.<\/p>\n","protected":false},"author":202,"featured_media":0,"parent":49,"menu_order":40,"comment_status":"closed","ping_status":"closed","template":"","meta":{"_et_pb_use_builder":"on","_et_pb_old_content":"","_et_gb_content_width":"","_links_to":"","_links_to_target":""},"_links":{"self":[{"href":"https:\/\/cia.umh.es\/ca\/wp-json\/wp\/v2\/pages\/145"}],"collection":[{"href":"https:\/\/cia.umh.es\/ca\/wp-json\/wp\/v2\/pages"}],"about":[{"href":"https:\/\/cia.umh.es\/ca\/wp-json\/wp\/v2\/types\/page"}],"author":[{"embeddable":true,"href":"https:\/\/cia.umh.es\/ca\/wp-json\/wp\/v2\/users\/202"}],"replies":[{"embeddable":true,"href":"https:\/\/cia.umh.es\/ca\/wp-json\/wp\/v2\/comments?post=145"}],"version-history":[{"count":0,"href":"https:\/\/cia.umh.es\/ca\/wp-json\/wp\/v2\/pages\/145\/revisions"}],"up":[{"embeddable":true,"href":"https:\/\/cia.umh.es\/ca\/wp-json\/wp\/v2\/pages\/49"}],"wp:attachment":[{"href":"https:\/\/cia.umh.es\/ca\/wp-json\/wp\/v2\/media?parent=145"}],"curies":[{"name":"wp","href":"https:\/\/api.w.org\/{rel}","templated":true}]}}