{"id":166,"date":"2022-01-11T13:22:27","date_gmt":"2022-01-11T12:22:27","guid":{"rendered":"https:\/\/cia.umh.es\/?page_id=166"},"modified":"2024-05-22T19:40:29","modified_gmt":"2024-05-22T17:40:29","slug":"que-es-cia","status":"publish","type":"page","link":"https:\/\/cia.umh.es\/ca\/quienes-somos\/que-es-cia\/","title":{"rendered":"<span lang=\"es\">(Espa\u00f1ol) Qu\u00e9 es<\/span>"},"content":{"rendered":"<p>[et_pb_section fb_built=&#8221;1&#8243; admin_label=&#8221;section&#8221; _builder_version=&#8221;4.16&#8243; global_colors_info=&#8221;{}&#8221;][et_pb_row column_structure=&#8221;2_5,3_5&#8243; admin_label=&#8221;row&#8221; _builder_version=&#8221;4.16&#8243; background_size=&#8221;initial&#8221; background_position=&#8221;top_left&#8221; background_repeat=&#8221;repeat&#8221; global_colors_info=&#8221;{}&#8221;][et_pb_column type=&#8221;2_5&#8243; _builder_version=&#8221;4.16&#8243; custom_padding=&#8221;|||&#8221; global_colors_info=&#8221;{}&#8221; custom_padding__hover=&#8221;|||&#8221;][et_pb_image src=&#8221;https:\/\/cia.umh.es\/files\/2023\/10\/QUE-ES-CIA.png&#8221; title_text=&#8221;QUE ES CIA&#8221; _builder_version=&#8221;4.17.4&#8243; _module_preset=&#8221;default&#8221; global_colors_info=&#8221;{}&#8221;][\/et_pb_image][\/et_pb_column][et_pb_column type=&#8221;3_5&#8243; _builder_version=&#8221;4.16&#8243; custom_padding=&#8221;|||&#8221; global_colors_info=&#8221;{}&#8221; custom_padding__hover=&#8221;|||&#8221;][et_pb_text admin_label=&#8221;Text&#8221; _builder_version=&#8221;4.17.4&#8243; text_font=&#8221;Montserrat||||||||&#8221; background_size=&#8221;initial&#8221; background_position=&#8221;top_left&#8221; background_repeat=&#8221;repeat&#8221; global_colors_info=&#8221;{}&#8221;]<\/p>\n<h3><strong>Qu\u00e9 es<\/strong><\/h3>\n<p>El Centro de Investigaci\u00f3n en Artes, C\u00cdA, es un centro universitario de actuaci\u00f3n especializada de la UMH que tiene como objetivo fundamental promover, coordinar y llevar a cabo formaci\u00f3n, asesoramiento cient\u00edfico y t\u00e9cnico, e investigaci\u00f3n, relacionados con la actividad art\u00edstica en el \u00e1mbito de las artes visuales y con su desarrollo en el marco de proyectos culturales, sobre la base del conocimiento y la innovaci\u00f3n universitaria.<\/p>\n<p>El Centro est\u00e1 concebido con un enfoque interdisciplinario y contempor\u00e1neo para poder atender adecuadamente las necesidades tanto de la comunidad universitaria como de la sociedad en general, as\u00ed como de cualquier entidad o instituci\u00f3n del entorno social de la UMH y aqu\u00e9llas vinculadas nacional e internacionalmente.<\/p>\n<p>Adem\u00e1s, el Centro pretende ser un agente aglutinador de la investigaci\u00f3n en el Campus de Altea.<\/p>\n<h5>\u00a0<\/h5>\n<h5 style=\"text-align: justify\"><strong>Un <em>centro<\/em> implica una periferia, aunque formalmente es un punto equidistante de los l\u00edmites de una <em>l\u00ednea<\/em>, <em>superficie<\/em> o <em>cuerpo<\/em>.<\/strong><\/h5>\n<p style=\"text-align: justify\">Por esto, CIA como <em>centro<\/em> debe ser le\u00eddo a diferentes niveles:<\/p>\n<ul style=\"text-align: justify\">\n<li>como un espacio intermedio que equilibre la tensi\u00f3n entre la investigaci\u00f3n universitaria y la creaci\u00f3n art\u00edstica hecha en y desde la Facultad de Bellas Artes de Altea;<\/li>\n<li>como un punto de enunciaci\u00f3n y para la convergencia,<\/li>\n<li>y por ello, como un lugar para el debate, el consenso, la cr\u00edtica, y el desacuerdo;<\/li>\n<li>como una reuni\u00f3n inclusiva de intereses cognoscitivos diversos en torno a las artes;<\/li>\n<li>como un encuentro de zonas fronterizas e intermedias para la generaci\u00f3n del conocimiento, su puesta en valor, y su posterior difusi\u00f3n como motores de transformaci\u00f3n.<\/li>\n<\/ul>\n<p>[\/et_pb_text][\/et_pb_column][\/et_pb_row][\/et_pb_section]<\/p>\n","protected":false},"excerpt":{"rendered":"<p>Qu\u00e9 es El Centro de Investigaci\u00f3n en Artes, C\u00cdA, es un centro universitario de actuaci\u00f3n especializada de la UMH que tiene como objetivo fundamental promover, coordinar y llevar a cabo formaci\u00f3n, asesoramiento cient\u00edfico y t\u00e9cnico, e investigaci\u00f3n, relacionados con la actividad art\u00edstica en el \u00e1mbito de las artes visuales y con su desarrollo en el [&hellip;]<\/p>\n","protected":false},"author":202,"featured_media":0,"parent":37,"menu_order":10,"comment_status":"closed","ping_status":"closed","template":"","meta":{"_et_pb_use_builder":"on","_et_pb_old_content":"<img width=\"640\" height=\"1024\" src=\"https:\/\/cia.umh.es\/files\/2023\/10\/QUE-ES-CIA-640x1024.png\" alt=\"\" loading=\"lazy\" \/>\t\t\t\t\t\t\t\t\t\t\t\t\t\t\t\r\n\t\t<h3>\u00bfQu\u00e9 es C\u00cdA?<\/h3>\r\n<p>El Centro de Investigaci\u00f3n en Artes, en adelante C\u00cdA, es un centro universitario de actuaci\u00f3n especializada de la UMH que tiene como objetivo fundamental promover, coordinar y llevar a cabo formaci\u00f3n, asesoramiento cient\u00edfico y t\u00e9cnico, e investigaci\u00f3n, relacionados con la actividad art\u00edstica en el \u00e1mbito de las artes visuales y con su desarrollo en el marco de proyectos culturales, sobre la base del conocimiento y la innovaci\u00f3n universitaria.<\/p>\r\n<p>El Centro est\u00e1 concebido con un enfoque interdisciplinario y contempor\u00e1neo para poder atender adecuadamente las necesidades tanto de la comunidad universitaria como de la sociedad en general, as\u00ed como de cualquier entidad o instituci\u00f3n del entorno social de la UMH y aqu\u00e9llas vinculadas nacional e internacionalmente.<\/p>\r\n<p>Adem\u00e1s, el Centro pretende ser un agente aglutinador de la investigaci\u00f3n en el Campus de Altea.<\/p>\r\n<h5>\u00a0<\/h5>\r\n<h5 style=\"text-align: justify\"><strong>Un <em>centro<\/em> implica una periferia, aunque formalmente es un punto equidistante de los l\u00edmites de una <em>l\u00ednea<\/em>, <em>superficie<\/em> o <em>cuerpo<\/em>.<\/strong><\/h5>\r\n<p style=\"text-align: justify\">Por esto, CIA como <em>centro<\/em> debe ser le\u00eddo a diferentes niveles:<\/p>\r\n<ul style=\"text-align: justify\">\r\n<li>\r\n<p>como un espacio intermedio que equilibre la tensi\u00f3n entre la investigaci\u00f3n universitaria y la creaci\u00f3n art\u00edstica hecha en y desde la Facultad de Bellas Artes de Altea;<\/p>\r\n<\/li>\r\n<li>\r\n<p>como un punto de enunciaci\u00f3n y para la convergencia,<\/p>\r\n<\/li>\r\n<li>\r\n<p>y por ello, como un lugar para el debate, el consenso, la cr\u00edtica, y el desacuerdo;<\/p>\r\n<\/li>\r\n<li>\r\n<p>como una reuni\u00f3n inclusiva de intereses cognoscitivos diversos en torno a las artes;<\/p>\r\n<\/li>\r\n<li>\r\n<p>como un encuentro de zonas fronterizas e intermedias para la generaci\u00f3n del conocimiento, su puesta en valor, y su posterior difusi\u00f3n como motores de transformaci\u00f3n.<\/p>\r\n<\/li>\r\n<\/ul>\r\n<h5 style=\"text-align: justify\">Sobre los grupos<\/h5>\r\n<p style=\"text-align: justify\">Su equipo humano est\u00e1 conformado por integrantes de los 5 grupos de investigaci\u00f3n adscritos al Departamento de Arte de la UMH: FIDEX (Figuras del Exceso y Pol\u00edticas del Cuerpo), IAMLAB (Laboratorio de Interferencias Art\u00edsticas y Mediales), MAAP (Arqueolog\u00eda de medios y pr\u00e1ctica art\u00edstica), MATERIA y MASSIVA. Sin embargo, dado que la vocaci\u00f3n del CIA es abordar las Artes desde un punto de vista interdisciplinar y lo m\u00e1s amplio posible, en \u00e9l se integran miembros de otros departamentos y grupos de investigaci\u00f3n de la UMH como son: Tributaci\u00f3n Individual y Colectiva (del Departamento de Estudios Econ\u00f3micos y Financieros), y GIMARC-Medios alternativos de resoluci\u00f3n de conflictos: mediaci\u00f3n, arbitraje y conciliaci\u00f3n (del Departamento de Ciencia Jur\u00eddica).<\/p>\r\n<p style=\"text-align: justify\">De estas <i>diferencias<\/i> reunidas y por tanto, de los intereses cruzados de los diferentes grupos, y del propio centro, se derivan 6 l\u00edneas prioritarias de investigaci\u00f3n articuladas en 3 grandes bloques:<\/p>\r\n<h5 style=\"text-align: justify\">PRE-PRODUCCI\u00d3N DE LOS PROYECTOS ART\u00cdSTICOS<\/h5>\r\n<ul style=\"text-align: justify\">\r\n<li style=\"font-weight: 400\">\r\n<p>L\u00ednea 1 - Proyectos culturales, pr\u00e1cticas art\u00edsticas y pol\u00edticas feministas y Cuir\/queer + cultura visual.<\/p>\r\n<\/li>\r\n<li style=\"font-weight: 400\">\r\n<p>L\u00ednea 2 - Pr\u00e1cticas art\u00edsticas intermedia, cultura visual y contexto.<\/p>\r\n<\/li>\r\n<\/ul>\r\n<h5 style=\"text-align: justify\">PRODUCCI\u00d3N DE LOS PROYECTOS ART\u00cdSTICOS<\/h5>\r\n<ul style=\"text-align: justify\">\r\n<li>\r\n<p>L\u00ednea 3 - Lenguajes audiovisuales: historia cr\u00edtica y acci\u00f3n art\u00edstica.<\/p>\r\n<\/li>\r\n<li>\r\n<p>L\u00ednea 4 - La expresividad de los materiales como m\u00e9todo narrativo en las pr\u00e1cticas art\u00edsticas contempor\u00e1neas.<\/p>\r\n<\/li>\r\n<\/ul>\r\n<h5 style=\"text-align: justify\">POST-PRODUCCI\u00d3N DE LOS PROYECTOS ART\u00cdSTICOS<\/h5>\r\n<ul>\r\n<li>\r\n<p style=\"text-align: justify\">L\u00ednea 5 - Mercado y circulaci\u00f3n internacional de obras de arte: aspectos tributarios, acciones de protecci\u00f3n, determinaci\u00f3n del derecho aplicable y gesti\u00f3n econ\u00f3mica-financiera<\/p>\r\n<\/li>\r\n<\/ul>\t\t\r\n\t\t\t\t\t\t\t\t\t\t\t\t\t\t\t<img width=\"800\" height=\"211\" src=\"https:\/\/cia.umh.es\/files\/2022\/12\/logo-umh-negro-footer.png\" alt=\"\" loading=\"lazy\" \/>\t\t\t\t\t\t\t\t\t\t\t\t\t\t\t\r\n\t\t\t\t\t\t\t\t\t\t\t\t\t\t\t<img width=\"800\" height=\"211\" src=\"https:\/\/cia.umh.es\/files\/2022\/12\/logo-dep-arte-negro-footer.png\" alt=\"\" loading=\"lazy\" \/>\t\t\t\t\t\t\t\t\t\t\t\t\t\t\t\r\n\t\t\t\t\t\t\t\t\t\t\t\t\t\t\t<img width=\"800\" height=\"211\" src=\"https:\/\/cia.umh.es\/files\/2022\/12\/Estudios-Economicos-y-Financieros-footer.png\" alt=\"\" loading=\"lazy\" \/>\t\t\t\t\t\t\t\t\t\t\t\t\t\t\t\r\n\t\t\t\t\t\t\t\t\t\t\t\t\t\t\t<img width=\"800\" height=\"211\" src=\"https:\/\/cia.umh.es\/files\/2022\/12\/UMH-Logosi\u0301mbolo-Campus-de-Altea-footer.png\" alt=\"\" loading=\"lazy\" \/>\t\t\t\t\t\t\t\t\t\t\t\t\t\t\t\r\n\t\t<h6 style=\"text-align: center\">\u00a9 2023 Universidad Miguel Hern\u00e1ndez de Elche<\/h6>","_et_gb_content_width":"","_links_to":"","_links_to_target":""},"_links":{"self":[{"href":"https:\/\/cia.umh.es\/ca\/wp-json\/wp\/v2\/pages\/166"}],"collection":[{"href":"https:\/\/cia.umh.es\/ca\/wp-json\/wp\/v2\/pages"}],"about":[{"href":"https:\/\/cia.umh.es\/ca\/wp-json\/wp\/v2\/types\/page"}],"author":[{"embeddable":true,"href":"https:\/\/cia.umh.es\/ca\/wp-json\/wp\/v2\/users\/202"}],"replies":[{"embeddable":true,"href":"https:\/\/cia.umh.es\/ca\/wp-json\/wp\/v2\/comments?post=166"}],"version-history":[{"count":0,"href":"https:\/\/cia.umh.es\/ca\/wp-json\/wp\/v2\/pages\/166\/revisions"}],"up":[{"embeddable":true,"href":"https:\/\/cia.umh.es\/ca\/wp-json\/wp\/v2\/pages\/37"}],"wp:attachment":[{"href":"https:\/\/cia.umh.es\/ca\/wp-json\/wp\/v2\/media?parent=166"}],"curies":[{"name":"wp","href":"https:\/\/api.w.org\/{rel}","templated":true}]}}