{"id":169,"date":"2022-01-11T13:23:00","date_gmt":"2022-01-11T12:23:00","guid":{"rendered":"https:\/\/cia.umh.es\/?page_id=169"},"modified":"2025-09-25T10:57:26","modified_gmt":"2025-09-25T08:57:26","slug":"oferta-tecnologica","status":"publish","type":"page","link":"https:\/\/cia.umh.es\/ca\/quienes-somos\/oferta-tecnologica\/","title":{"rendered":"<span lang=\"es\">(Espa\u00f1ol) Oferta tecnol\u00f3gica<\/span>"},"content":{"rendered":"<p>[et_pb_section fb_built=&#8221;1&#8243; _builder_version=&#8221;4.16&#8243; global_colors_info=&#8221;{}&#8221;][et_pb_row _builder_version=&#8221;4.16&#8243; background_size=&#8221;initial&#8221; background_position=&#8221;top_left&#8221; background_repeat=&#8221;repeat&#8221; global_colors_info=&#8221;{}&#8221;][et_pb_column type=&#8221;4_4&#8243; _builder_version=&#8221;4.16&#8243; custom_padding=&#8221;|||&#8221; global_colors_info=&#8221;{}&#8221; custom_padding__hover=&#8221;|||&#8221;][et_pb_text _builder_version=&#8221;4.17.4&#8243; background_size=&#8221;initial&#8221; background_position=&#8221;top_left&#8221; background_repeat=&#8221;repeat&#8221; global_colors_info=&#8221;{}&#8221;]<\/p>\n<h3><strong>GRUPOS DE INVESTIGACI\u00d3N UMH<\/strong><\/h3>\n<p>Nuestro equipo humano est\u00e1 conformado por integrantes de todos los grupos de investigaci\u00f3n activos adscritos al Departamento de Arte de la UMH: FIDEX (Figuras del Exceso y Pol\u00edticas del Cuerpo), IAMLAB (Laboratorio de Interferencias Art\u00edsticas y Mediales), MAAP (Arqueolog\u00eda de medios y pr\u00e1ctica art\u00edstica), MATERIA, MASSIVA y V\u00e9rtice. Sin embargo, dado que la vocaci\u00f3n del CIA es abordar la investigaci\u00f3n en artes desde un punto de vista interdisciplinar y multidisciplinar, en \u00e9l se integran miembros de otros departamentos y grupos de investigaci\u00f3n de la UMH como son: Tributaci\u00f3n Individual y Colectiva (del Departamento de Estudios Econ\u00f3micos y Financieros), y GIMARC-Medios alternativos de resoluci\u00f3n de conflictos: mediaci\u00f3n, arbitraje y conciliaci\u00f3n (del Departamento de Ciencia Jur\u00eddica).<\/p>\n<p>[\/et_pb_text][\/et_pb_column][\/et_pb_row][et_pb_row _builder_version=&#8221;4.16&#8243; background_size=&#8221;initial&#8221; background_position=&#8221;top_left&#8221; background_repeat=&#8221;repeat&#8221; global_colors_info=&#8221;{}&#8221;][et_pb_column type=&#8221;4_4&#8243; _builder_version=&#8221;4.16&#8243; custom_padding=&#8221;|||&#8221; global_colors_info=&#8221;{}&#8221; custom_padding__hover=&#8221;|||&#8221;][et_pb_text _builder_version=&#8221;4.17.4&#8243; background_size=&#8221;initial&#8221; background_position=&#8221;top_left&#8221; background_repeat=&#8221;repeat&#8221; global_colors_info=&#8221;{}&#8221;]<\/p>\n<h3><strong>DIRECCI\u00d3N C\u00cdA<\/strong><\/h3>\n<p>Tatiana Sentamans \u2014 Catedr\u00e1tica de Universidad del \u00e1rea de conocimiento de Escultura de la UMH<\/p>\n<p>[\/et_pb_text][\/et_pb_column][\/et_pb_row][et_pb_row column_structure=&#8221;1_6,1_6,1_6,1_6,1_6,1_6&#8243; _builder_version=&#8221;4.17.4&#8243; _module_preset=&#8221;default&#8221; global_colors_info=&#8221;{}&#8221;][et_pb_column type=&#8221;1_6&#8243; _builder_version=&#8221;4.17.4&#8243; _module_preset=&#8221;default&#8221; global_colors_info=&#8221;{}&#8221;][et_pb_image src=&#8221;https:\/\/cia.umh.es\/files\/2023\/10\/1-FIDEX-1.png&#8221; title_text=&#8221;1 FIDEX&#8221; url=&#8221;https:\/\/fidex.umh.es\/&#8221; url_new_window=&#8221;on&#8221; _builder_version=&#8221;4.17.4&#8243; _module_preset=&#8221;default&#8221; global_colors_info=&#8221;{}&#8221;][\/et_pb_image][\/et_pb_column][et_pb_column type=&#8221;1_6&#8243; _builder_version=&#8221;4.17.4&#8243; _module_preset=&#8221;default&#8221; global_colors_info=&#8221;{}&#8221;][et_pb_image src=&#8221;https:\/\/cia.umh.es\/files\/2023\/10\/4-MAAP.png&#8221; title_text=&#8221;4 MAAP&#8221; url=&#8221;https:\/\/maap.umh.es\/&#8221; url_new_window=&#8221;on&#8221; _builder_version=&#8221;4.17.4&#8243; _module_preset=&#8221;default&#8221; global_colors_info=&#8221;{}&#8221;][\/et_pb_image][\/et_pb_column][et_pb_column type=&#8221;1_6&#8243; _builder_version=&#8221;4.17.4&#8243; _module_preset=&#8221;default&#8221; global_colors_info=&#8221;{}&#8221;][et_pb_image src=&#8221;https:\/\/cia.umh.es\/files\/2023\/10\/2-MASSIVA.png&#8221; title_text=&#8221;2 MASSIVA&#8221; url=&#8221;https:\/\/www.grupomassiva.com\/&#8221; url_new_window=&#8221;on&#8221; _builder_version=&#8221;4.17.4&#8243; _module_preset=&#8221;default&#8221; global_colors_info=&#8221;{}&#8221;][\/et_pb_image][\/et_pb_column][et_pb_column type=&#8221;1_6&#8243; _builder_version=&#8221;4.17.4&#8243; _module_preset=&#8221;default&#8221; global_colors_info=&#8221;{}&#8221;][et_pb_image src=&#8221;https:\/\/cia.umh.es\/files\/2025\/07\/IAMLab-logo_2025_cuadrado-300&#215;300.png&#8221; title_text=&#8221;IAMLab-logo_2025_cuadrado&#8221; url=&#8221;https:\/\/iamlab.umh.es\/&#8221; url_new_window=&#8221;on&#8221; _builder_version=&#8221;4.17.4&#8243; _module_preset=&#8221;default&#8221; global_colors_info=&#8221;{}&#8221;][\/et_pb_image][\/et_pb_column][et_pb_column type=&#8221;1_6&#8243; _builder_version=&#8221;4.17.4&#8243; _module_preset=&#8221;default&#8221; global_colors_info=&#8221;{}&#8221;][et_pb_image src=&#8221;https:\/\/cia.umh.es\/files\/2023\/10\/5-MATERIA.png&#8221; title_text=&#8221;5 MATERIA&#8221; url=&#8221;https:\/\/umh.es\/contenido\/Sociedad\/:uor_1137_136\/datos_es.html&#8221; url_new_window=&#8221;on&#8221; _builder_version=&#8221;4.17.4&#8243; _module_preset=&#8221;default&#8221; border_radii=&#8221;on|1px|1px|1px|1px&#8221; border_width_all=&#8221;1px&#8221; border_color_all=&#8221;#000000&#8243; global_colors_info=&#8221;{}&#8221;][\/et_pb_image][\/et_pb_column][et_pb_column type=&#8221;1_6&#8243; _builder_version=&#8221;4.17.4&#8243; _module_preset=&#8221;default&#8221; global_colors_info=&#8221;{}&#8221;][et_pb_image src=&#8221;https:\/\/cia.umh.es\/files\/2025\/04\/logo-Ve\u0301rtice.png&#8221; title_text=&#8221;logo Ve\u0301rtice&#8221; url=&#8221;https:\/\/www.umh.es\/contenido\/Estudios\/:uor_1153_148\/datos_es.html&#8221; url_new_window=&#8221;on&#8221; _builder_version=&#8221;4.17.4&#8243; _module_preset=&#8221;default&#8221; global_colors_info=&#8221;{}&#8221;][\/et_pb_image][\/et_pb_column][\/et_pb_row][et_pb_row _builder_version=&#8221;4.16&#8243; background_size=&#8221;initial&#8221; background_position=&#8221;top_left&#8221; background_repeat=&#8221;repeat&#8221; global_colors_info=&#8221;{}&#8221;][et_pb_column type=&#8221;4_4&#8243; _builder_version=&#8221;4.16&#8243; custom_padding=&#8221;|||&#8221; global_colors_info=&#8221;{}&#8221; custom_padding__hover=&#8221;|||&#8221;][et_pb_divider show_divider=&#8221;off&#8221; _builder_version=&#8221;4.17.4&#8243; _module_preset=&#8221;default&#8221; custom_margin=&#8221;15px||||false|false&#8221; global_colors_info=&#8221;{}&#8221;][\/et_pb_divider][et_pb_text _builder_version=&#8221;4.17.4&#8243; background_size=&#8221;initial&#8221; background_position=&#8221;top_left&#8221; background_repeat=&#8221;repeat&#8221; global_colors_info=&#8221;{}&#8221;]<\/p>\n<h3><strong>LABORATORIOS DE INVESTIGACI\u00d3N C\u00cdA<\/strong><\/h3>\n<p>De estas diferencias reunidas de CIA, y por tanto, de los intereses cruzados de los diferentes grupos, y del propio centro, se derivan 5 l\u00edneas prioritarias de investigaci\u00f3n desarrolladas en laboratorios diferenciados:<\/p>\n<p>[\/et_pb_text][et_pb_toggle title=&#8221;LAB 1__ Proyectos culturales, pr\u00e1cticas art\u00edsticas y pol\u00edticas feministas y Cuir\/queer + cultura visual&#8221; open_toggle_background_color=&#8221;#fefd32&#8243; closed_toggle_background_color=&#8221;#fefd32&#8243; icon_color=&#8221;#000000&#8243; open_icon_color=&#8221;#000000&#8243; admin_label=&#8221;Conmutador&#8221; _builder_version=&#8221;4.17.4&#8243; _module_preset=&#8221;default&#8221; hover_enabled=&#8221;0&#8243; global_colors_info=&#8221;{}&#8221; sticky_enabled=&#8221;0&#8243;]<\/p>\n<p>Ficciones, cultura y estrategias visuales disidentes: discursos, pr\u00e1cticas y pol\u00edticas de creaci\u00f3n art\u00edstica contextuales y situadas, basadas en la objetividad encarnada y en la perspectiva parcial desde \u00f3pticas feministas y cuir\/queer.<\/p>\n<ul>\n<li>Tatiana Sentamans (COORD.) <a href=\"mailto:tsentamans@umh.es\">tsentamans@umh.es<\/a><\/li>\n<li>Daniel Tejero<\/li>\n<li>Riansares Lozano<\/li>\n<li>Carmen G. Muriana<\/li>\n<li>Javi Moreno<\/li>\n<li>Beatriz Hig\u00f3n<\/li>\n<li>Bel\u00e9n Romero Caballero<\/li>\n<li>Paula Garc\u00eda Roble\u00f1o (FPU 2024-2028)<\/li>\n<\/ul>\n<p>[\/et_pb_toggle][et_pb_toggle title=&#8221;LAB 2__ Pr\u00e1cticas art\u00edsticas intermedia, cultura visual y contexto&#8221; open_toggle_background_color=&#8221;#fefd32&#8243; closed_toggle_background_color=&#8221;#fefd32&#8243; icon_color=&#8221;#000000&#8243; open_icon_color=&#8221;#000000&#8243; _builder_version=&#8221;4.17.4&#8243; _module_preset=&#8221;default&#8221; hover_enabled=&#8221;0&#8243; global_colors_info=&#8221;{}&#8221; sticky_enabled=&#8221;0&#8243;]<\/p>\n<p>Proyectos art\u00edsticos inscritos en el \u00e1mbito de la cultura visual, el arte p\u00fablico y de contexto, las po\u00e9ticas procesuales, las pr\u00e1cticas colaborativas y los procesos pedag\u00f3gicos, tr\u00e1nsitando entre las disciplinas art\u00edsticas tradicionales, lo audiovisual, lo sonoro, lo performativo y las nuevas tecnolog\u00edas.<\/p>\n<ul>\n<li>Teresa Mar\u00edn Garc\u00eda (COORD.) <a href=\"mailto:tmarin@umh.es\"><span class=\"limpia\">t<\/span>marin<span class=\"limpia\">@<\/span><span class=\"limpia\">u<\/span>mh.es<\/a><\/li>\n<li>Roc\u00edo Villalonga Campos<\/li>\n<li>Jos\u00e9 Maldonado G\u00f3mez<\/li>\n<li>Elisa Lozano Chiarlones<\/li>\n<li>Bernab\u00e9 G\u00f3mez Moreno<\/li>\n<li>Patricia Escario Jover<\/li>\n<li>Miguel Lorente Boyer<\/li>\n<li>David Vila<\/li>\n<li>Bibiana de la Soledad S\u00e1nchez<\/li>\n<li>Elia Torrecilla<\/li>\n<li>Jos\u00e9 Antonio Hinojos Morales<\/li>\n<li>Teresa Camacho Belmonte (FPI 2024-2028)<\/li>\n<\/ul>\n<p>[\/et_pb_toggle][et_pb_toggle title=&#8221;LAB 3__ Lenguajes audiovisuales: historia cr\u00edtica y acci\u00f3n art\u00edstica&#8221; open_toggle_background_color=&#8221;#fefd32&#8243; closed_toggle_background_color=&#8221;#fefd32&#8243; icon_color=&#8221;#000000&#8243; open_icon_color=&#8221;#000000&#8243; _builder_version=&#8221;4.17.4&#8243; _module_preset=&#8221;default&#8221; global_colors_info=&#8221;{}&#8221;]<\/p>\n<p>Proyectos de investigaci\u00f3n y de producci\u00f3n art\u00edstica a partir de los lenguajes y tecnolog\u00edas audiovisuales, en el contexto de las artes cinematogr\u00e1ficas, el audiovisual experimental, la arqueolog\u00eda de los medios, la animaci\u00f3n y los videojuegos.<\/p>\n<ul>\n<li>Jos\u00e9 Vicente Mart\u00edn Mart\u00ednez (COORD.) <a href=\"mailto:jv.martin@umh.es\"><span class=\"limpia\">j<\/span>v.martin<span class=\"limpia\">@<\/span><span class=\"limpia\">u<\/span>mh.es<\/a><\/li>\n<li>Iv\u00e1n Albalate Gauch\u00eda<\/li>\n<li>Mario Pablo Mart\u00ednez Fabre<\/li>\n<li>Jos\u00e9 Luis Maravall Llagaria<\/li>\n<li>David Trujillo Ruiz<\/li>\n<li>Sergio Luna Lozano<\/li>\n<li>Dami\u00e0 Jord\u00e0 Bou<\/li>\n<li>Elisa Mart\u00ednez<\/li>\n<li>Fernando Fern\u00e1ndez Torres<\/li>\n<li>Francisco Jos\u00e9 Mateu Torres<\/li>\n<li>Francisco Manuel Poveda Baeza<\/li>\n<li>Guillermo L\u00f3pez Aliaga<\/li>\n<\/ul>\n<p>[\/et_pb_toggle][et_pb_toggle title=&#8221;LAB 4__ La expresividad de los materiales como m\u00e9todo narrativo en las pr\u00e1cticas art\u00edsticas contempor\u00e1neas&#8221; open_toggle_background_color=&#8221;#fefd32&#8243; closed_toggle_background_color=&#8221;#fefd32&#8243; icon_color=&#8221;#000000&#8243; open_icon_color=&#8221;#000000&#8243; _builder_version=&#8221;4.17.4&#8243; _module_preset=&#8221;default&#8221; global_colors_info=&#8221;{}&#8221;]<\/p>\n<p>Experimentaci\u00f3n con la materia y el espacio desde un enfoque conceptual y procedimental. Exploraci\u00f3n de las propiedades f\u00edsicas, expresivas y discursivas que cohabitan en la materia, y las posibilidades dial\u00e9cticas entre materia, espacio y tiempo.<\/p>\n<ul>\n<li>M\u00aa Jos\u00e9 Zan\u00f3n Cuenca (COORD.) <a href=\"mailto:mj.zanon@umh.es\"><span class=\"limpia\">m<\/span>j.zanon<span class=\"limpia\">@<\/span><span class=\"limpia\">u<\/span>mh.es<\/a><\/li>\n<li>Amparo Alepuz Rostoll<\/li>\n<li>Alfonso Juli\u00e1n S\u00e1nchez Luna<\/li>\n<li>Juan Francisco Mart\u00ednez G\u00f3mez de Albacete<\/li>\n<li>Lourdes Santamar\u00eda Blasco<\/li>\n<li>Mar\u00eda Pilar Viviente Sol\u00e9<\/li>\n<li>Susana Guerrero Sempere<\/li>\n<li>Imma Mengual P\u00e9rez<\/li>\n<\/ul>\n<p>[\/et_pb_toggle][et_pb_toggle title=&#8221;LAB 5__ Mercado y circulaci\u00f3n internacional de obras de arte: aspectos tributarios, acciones de protecci\u00f3n, determinaci\u00f3n del derecho aplicable y gesti\u00f3n econ\u00f3mica-financiera&#8221; open_toggle_background_color=&#8221;#fefd32&#8243; closed_toggle_background_color=&#8221;#fefd32&#8243; icon_color=&#8221;#000000&#8243; open_icon_color=&#8221;#000000&#8243; _builder_version=&#8221;4.17.4&#8243; _module_preset=&#8221;default&#8221; global_colors_info=&#8221;{}&#8221;]<\/p>\n<p>Integra juristas y economistas de diferentes \u00e1mbitos de conocimiento que abordan investigaciones en materia del Derecho y la Econom\u00eda del Arte, desarrollando an\u00e1lisis en cuestiones tales como\u00a0la contabilidad y la tributacion de los creadores visuales y de las obras de arte en el mercado nacional e internacional, la gesti\u00f3n econ\u00f3mico-financiera de las entidades art\u00edsticas, el mecenzago y el patrocinio cultural, as\u00ed como\u00a0el r\u00e9gimen jur\u00eddico aplicable a la circulaci\u00f3n de piezas art\u00edsticas, desde una perspectiva internacional.<\/p>\n<ul>\n<li>Eva Aliaga Agull\u00f3 (COORD.) <a href=\"mailto:eva.aliaga@umh.es\"><span class=\"limpia\">e<\/span>va.aliaga<span class=\"limpia\">@<\/span><span class=\"limpia\">u<\/span>mh.es<\/a><\/li>\n<li>Jose Francisco Gonz\u00e1lez Carbonell<\/li>\n<li>Paula Vicente-Arche Coloma<\/li>\n<li>Alfonso Ortega Gim\u00e9nez<\/li>\n<li>Jos\u00e9 Antonio Cavero Rubio<\/li>\n<li>Agust\u00edn P\u00e9rez Mart\u00edn<\/li>\n<li>Juan Benito Gallego L\u00f3pez<\/li>\n<li>Laura Soto Bernabeu<\/li>\n<li>M\u00f3nica Gonz\u00e1lez Morales<\/li>\n<\/ul>\n<p>[\/et_pb_toggle][\/et_pb_column][\/et_pb_row][\/et_pb_section]<\/p>\n","protected":false},"excerpt":{"rendered":"<p>GRUPOS DE INVESTIGACI\u00d3N UMH Nuestro equipo humano est\u00e1 conformado por integrantes de todos los grupos de investigaci\u00f3n activos adscritos al Departamento de Arte de la UMH: FIDEX (Figuras del Exceso y Pol\u00edticas del Cuerpo), IAMLAB (Laboratorio de Interferencias Art\u00edsticas y Mediales), MAAP (Arqueolog\u00eda de medios y pr\u00e1ctica art\u00edstica), MATERIA, MASSIVA y V\u00e9rtice. Sin embargo, dado [&hellip;]<\/p>\n","protected":false},"author":202,"featured_media":0,"parent":37,"menu_order":20,"comment_status":"closed","ping_status":"closed","template":"","meta":{"_et_pb_use_builder":"on","_et_pb_old_content":"<h3>L\u00cdNEAS DE INVESTIGACI\u00d3N<\/h3><p>De los intereses cruzados de los diferentes grupos y del propio centro, se derivan 5 l\u00edneas prioritarias de investigaci\u00f3n en las que se organizan los miembros de C\u00cdA.<\/p>\t\t\r\n\t\t\t\t\t\t\t\t\t\t\t\t<a href=\"\">L\u00ednea 1__ Proyectos culturales, pr\u00e1cticas art\u00edsticas y pol\u00edticas feministas y Cuir\/queer + cultura visual<\/a>\r\n\t\t\t\t\t<p>Ficciones, cultura y estrategias visuales disidentes: discursos, pr\u00e1cticas y pol\u00edticas de creaci\u00f3n art\u00edstica contextuales y situadas, basadas en la objetividad encarnada y en la perspectiva parcial desde \u00f3pticas feministas y cuir\/queer.<\/p><p>\u00a0<\/p><ul><li>Tatiana Sentamans (COORD.)<\/li><li>Daniel Tejero\u00a0<\/li><li>Riansares Lozano<\/li><li>Carmen G. Muriana<\/li><li>Javi Moreno<\/li><li>David Vila<\/li><li>Bibiana de la Soledad S\u00e1nchez<\/li><li>Beatriz Hig\u00f3n<\/li><\/ul>\r\n\t\t\t\t\t\t\t\t\t\t\t\t<a href=\"\">L\u00ednea 2__ Pr\u00e1cticas art\u00edsticas intermedia, cultura visual y contexto<\/a>\r\n\t\t\t\t\t<p>Proyectos art\u00edsticos inscritos en el \u00e1mbito de la cultura visual, el arte p\u00fablico y de contexto, las po\u00e9ticas procesuales, las pr\u00e1cticas colaborativas y los procesos pedag\u00f3gicos, tr\u00e1nsitando entre las disciplinas art\u00edsticas tradicionales, lo audiovisual, lo sonoro, lo performativo y las nuevas tecnolog\u00edas.<\/p><p>\u00a0<\/p><ul><li>Teresa Mar\u00edn Garc\u00eda (COORD.)<\/li><li>Roc\u00edo Villalonga Campos<\/li><li>Jos\u00e9 Maldonado G\u00f3mez<\/li><li>Elisa Lozano Chiarlones<\/li><li>Bernab\u00e9 G\u00f3mez Moreno<\/li><li>Patricia Escario Jover<\/li><li>Miguel Lorente Boyer<\/li><\/ul>\r\n\t\t\t\t\t\t\t\t\t\t\t\t<a href=\"\">L\u00ednea 3__ Lenguajes audiovisuales: historia cr\u00edtica y acci\u00f3n art\u00edstica<\/a>\r\n\t\t\t\t\t<p>Proyectos de investigaci\u00f3n y de producci\u00f3n art\u00edstica a partir de los lenguajes y tecnolog\u00edas audiovisuales, en el contexto de las artes cinematogr\u00e1ficas, el audiovisual experimental, la arqueolog\u00eda de los medios, la animaci\u00f3n y los videojuegos.<\/p><p>\u00a0<\/p><ul><li>Jos\u00e9 Vicente Mart\u00edn Mart\u00ednez (COORD.)<\/li><li>Iv\u00e1n Albalate Gauch\u00eda\u00a0<\/li><li>Mario Pablo Mart\u00ednez Fabre<\/li><li>Jos\u00e9 Luis Maravall Llagaria<\/li><li>David Trujillo Ruiz<\/li><li>Sergio Luna Lozano<\/li><li>Vicente Javier P\u00e9rez Valero<\/li><li>Dami\u00e0 Jord\u00e0 Bou<\/li><li>Francisco Cu\u00e9llar Santiago<\/li><li>Jos\u00e9 Antonio Hinojos Morales<\/li><li>Elisa Mart\u00ednez<\/li><li>Fernando Fern\u00e1ndez Torres<\/li><li>Guillermo L\u00f3pez Aliaga<\/li><li>Francisco Jos\u00e9 Mateu Torres<\/li><\/ul>\r\n\t\t\t\t\t\t\t\t\t\t\t\t<a href=\"\">L\u00ednea 4__ La expresividad de los materiales como m\u00e9todo narrativo en las pr\u00e1cticas art\u00edsticas contempor\u00e1neas<\/a>\r\n\t\t\t\t\t<p>Experimentaci\u00f3n con la materia y el espacio desde un enfoque conceptual y procedimental. Exploraci\u00f3n de las propiedades f\u00edsicas, expresivas y discursivas que cohabitan en la materia, y las posibilidades dial\u00e9cticas entre materia, espacio y tiempo.<\/p><p>\u00a0<\/p><ul><li>M\u00aa Jos\u00e9 Zan\u00f3n Cuenca (COORD.)<\/li><li>Amparo Alepuz Rostoll<\/li><li>Alfonso Juli\u00e1n S\u00e1nchez Luna<\/li><li>Juan Francisco Mart\u00ednez G\u00f3mez de Albacete<\/li><li>Lourdes Santamar\u00eda Blasco<\/li><li>Mar\u00eda Pilar Viviente Sol\u00e9<\/li><li>Susana Guerrero Sempere<\/li><li>Elia Torrecilla<\/li><li>Imma Mengual P\u00e9rez<\/li><\/ul>\r\n\t\t\t\t\t\t\t\t\t\t\t\t<a href=\"\">L\u00ednea 5__ Mercado y circulaci\u00f3n internacional de obras de arte: aspectos tributarios, acciones de protecci\u00f3n, determinaci\u00f3n del derecho aplicable y gesti\u00f3n econ\u00f3mica-financiera<\/a>\r\n\t\t\t\t\t<p>Integra juristas y economistas de diferentes \u00e1mbitos de conocimiento que abordan investigaciones en materia del Derecho y la Econom\u00eda del Arte, desarrollando an\u00e1lisis en cuestiones tales como\u00a0la contabilidad y la tributacion de los creadores visuales y de las obras de arte en el mercado nacional e internacional, la gesti\u00f3n econ\u00f3mico-financiera de las entidades art\u00edsticas, el mecenzago y el patrocinio cultural, as\u00ed como\u00a0el r\u00e9gimen jur\u00eddico aplicable a la circulaci\u00f3n de piezas art\u00edsticas, desde una perspectiva internacional.<\/p><p>\u00a0<\/p><ul><li>Eva Aliaga Agull\u00f3 (COORD.)<\/li><li>Jose Francisco Gonz\u00e1lez Carbonell<\/li><li>Paula Vicente-Arche Coloma<\/li><li>Alfonso Ortega Gim\u00e9nez<\/li><li>Jos\u00e9 Antonio Cavero Rubio<\/li><li>Agust\u00edn P\u00e9rez Mart\u00edn<\/li><li>Juan Benito Gallego L\u00f3pez<\/li><li>Laura Soto Bernabeu<\/li><li>M\u00f3nica Gonz\u00e1lez Morales<\/li><\/ul>\r\n\t\t<h3>GRUPOS DE INVESTIGACI\u00d3N<\/h3><p>El equipo investigador de C\u00cdA est\u00e1 conformado por integrantes de los 5 grupos de investigaci\u00f3n adscritos al Departamento de Arte de la UMH. Adem\u00e1s dado que la vocaci\u00f3n del C\u00cdA es abordar las Artes desde un punto de vista interdisciplinar y lo m\u00e1s amplio posible, en \u00e9l se integran miembros y grupos de investigaci\u00f3n procedentes del Departamento de Estudios Econ\u00f3micos y Financieros y del Departamento de Ciencia Jur\u00eddica.<\/p>\t\t\r\n<!-- fancy-text-box -->\r\n<img width=\"400\" height=\"400\" src=\"https:\/\/cia.umh.es\/files\/2023\/10\/1-FIDEX.png\" alt=\"\" loading=\"lazy\" \/><a href=\"https:\/\/fidex.umh.es\/\">Visitar web<\/a>\r\n<!-- fancy-text-box -->\r\n<!-- fancy-text-box -->\r\n<img width=\"400\" height=\"400\" src=\"https:\/\/cia.umh.es\/files\/2023\/10\/4-MAAP.png\" alt=\"\" loading=\"lazy\" \/><a href=\"https:\/\/maap.umh.es\/\">Visitar web<\/a>\r\n<!-- fancy-text-box -->\r\n<!-- fancy-text-box -->\r\n<img width=\"418\" height=\"412\" src=\"https:\/\/cia.umh.es\/files\/2023\/10\/2-MASSIVA.png\" alt=\"\" loading=\"lazy\" \/><a href=\"https:\/\/www.grupomassiva.com\/\">Visitar web<\/a>\r\n<!-- fancy-text-box -->\r\n<!-- fancy-text-box -->\r\n<img width=\"400\" height=\"400\" src=\"https:\/\/cia.umh.es\/files\/2023\/10\/3-IAMLAB-1.png\" alt=\"\" loading=\"lazy\" \/><a href=\"https:\/\/iamlab.umh.es\/\">Visitar web<\/a>\r\n<!-- fancy-text-box -->\r\n<!-- fancy-text-box -->\r\n<img width=\"400\" height=\"400\" src=\"https:\/\/cia.umh.es\/files\/2023\/10\/5-MATERIA.png\" alt=\"\" loading=\"lazy\" \/><a href=\"https:\/\/umh.es\/contenido\/Sociedad\/:uor_1137_136\/datos_es.html\">Visitar web<\/a>\r\n<!-- fancy-text-box -->","_et_gb_content_width":"","_links_to":"","_links_to_target":""},"_links":{"self":[{"href":"https:\/\/cia.umh.es\/ca\/wp-json\/wp\/v2\/pages\/169"}],"collection":[{"href":"https:\/\/cia.umh.es\/ca\/wp-json\/wp\/v2\/pages"}],"about":[{"href":"https:\/\/cia.umh.es\/ca\/wp-json\/wp\/v2\/types\/page"}],"author":[{"embeddable":true,"href":"https:\/\/cia.umh.es\/ca\/wp-json\/wp\/v2\/users\/202"}],"replies":[{"embeddable":true,"href":"https:\/\/cia.umh.es\/ca\/wp-json\/wp\/v2\/comments?post=169"}],"version-history":[{"count":0,"href":"https:\/\/cia.umh.es\/ca\/wp-json\/wp\/v2\/pages\/169\/revisions"}],"up":[{"embeddable":true,"href":"https:\/\/cia.umh.es\/ca\/wp-json\/wp\/v2\/pages\/37"}],"wp:attachment":[{"href":"https:\/\/cia.umh.es\/ca\/wp-json\/wp\/v2\/media?parent=169"}],"curies":[{"name":"wp","href":"https:\/\/api.w.org\/{rel}","templated":true}]}}