{"id":19213,"date":"2022-12-26T14:20:11","date_gmt":"2022-12-26T13:20:11","guid":{"rendered":"https:\/\/cia.umh.es\/?page_id=19213"},"modified":"2024-05-22T19:53:49","modified_gmt":"2024-05-22T17:53:49","slug":"noticias","status":"publish","type":"page","link":"https:\/\/cia.umh.es\/ca\/noticias\/","title":{"rendered":"<span lang=\"es\">(Espa\u00f1ol) Noticias<\/span>"},"content":{"rendered":"<p>[et_pb_section fb_built=&#8221;1&#8243; _builder_version=&#8221;4.16&#8243; global_colors_info=&#8221;{}&#8221;][et_pb_row _builder_version=&#8221;4.17.4&#8243; _module_preset=&#8221;default&#8221; global_colors_info=&#8221;{}&#8221;][et_pb_column type=&#8221;4_4&#8243; _builder_version=&#8221;4.17.4&#8243; _module_preset=&#8221;default&#8221; global_colors_info=&#8221;{}&#8221;][et_pb_text _builder_version=&#8221;4.17.4&#8243; _module_preset=&#8221;default&#8221; global_colors_info=&#8221;{}&#8221;]<\/p>\n<h1>NOTICIAS<\/h1>\n<p>[\/et_pb_text][\/et_pb_column][\/et_pb_row][et_pb_row _builder_version=&#8221;4.16&#8243; background_size=&#8221;initial&#8221; background_position=&#8221;top_left&#8221; background_repeat=&#8221;repeat&#8221; global_colors_info=&#8221;{}&#8221;][et_pb_column type=&#8221;4_4&#8243; _builder_version=&#8221;4.16&#8243; custom_padding=&#8221;|||&#8221; global_colors_info=&#8221;{}&#8221; custom_padding__hover=&#8221;|||&#8221;][et_pb_blog fullwidth=&#8221;off&#8221; show_author=&#8221;off&#8221; show_date=&#8221;off&#8221; show_categories=&#8221;off&#8221; show_pagination=&#8221;off&#8221; _builder_version=&#8221;4.17.4&#8243; _module_preset=&#8221;default&#8221; global_colors_info=&#8221;{}&#8221;][\/et_pb_blog][\/et_pb_column][\/et_pb_row][\/et_pb_section]<\/p>\n","protected":false},"excerpt":{"rendered":"<p>NOTICIAS<\/p>\n","protected":false},"author":5001,"featured_media":0,"parent":0,"menu_order":0,"comment_status":"closed","ping_status":"closed","template":"","meta":{"_et_pb_use_builder":"on","_et_pb_old_content":"<article>06 de diciembre de 2022\r\n\r\n<a href=\"https:\/\/cia.umh.es\/2022\/12\/06\/se-presenta-la-exposicion-alzar-el-vuelo-en-colaboracion-con-aena\/\"><img src=\"https:\/\/cia.umh.es\/files\/2022\/12\/Cartel_Alzar-el-vuelo-scaled.jpeg\" \/><\/a>\r\n<ul>\r\n \t<li>Arte y Cultura<\/li>\r\n<\/ul>\r\n<h4><a href=\"https:\/\/cia.umh.es\/2022\/12\/06\/se-presenta-la-exposicion-alzar-el-vuelo-en-colaboracion-con-aena\/\">Se presenta la exposici\u00f3n ALZAR EL VUELO en colaboraci\u00f3n con AENA<\/a><\/h4>\r\n<img src=\"https:\/\/cia.umh.es\/wp-content\/plugins\/radiantthemes-addons\/assets\/images\/comment-icon.png\" alt=\"\" \/>0 Comments\r\n\r\n<\/article><article>28 de julio de 2022\r\n\r\n<a href=\"https:\/\/cia.umh.es\/2022\/07\/28\/open-call-alzar-el-vuelo\/\"><img src=\"https:\/\/cia.umh.es\/files\/2022\/07\/Alzar-el-vuelo.jpg\" \/><\/a>\r\n<ul>\r\n \t<li>Arte y Cultura<\/li>\r\n<\/ul>\r\n<h4><a href=\"https:\/\/cia.umh.es\/2022\/07\/28\/open-call-alzar-el-vuelo\/\">Open Call C\u00cdA + AENA: Alzar el vuelo<\/a><\/h4>\r\n<img src=\"https:\/\/cia.umh.es\/wp-content\/plugins\/radiantthemes-addons\/assets\/images\/comment-icon.png\" alt=\"\" \/>0 Comments\r\n\r\n<\/article><article>27 de mayo de 2022\r\n\r\n<a href=\"https:\/\/cia.umh.es\/2022\/05\/27\/presentacion-del-ciclo-internacional-de-videoperformance-confinamiento\/\"><img src=\"https:\/\/cia.umh.es\/files\/2022\/05\/Imagen-PerfoRedMX-4.jpg\" \/><\/a>\r\n<ul>\r\n \t<li>Sin categor\u00eda<\/li>\r\n<\/ul>\r\n<h4><a href=\"https:\/\/cia.umh.es\/2022\/05\/27\/presentacion-del-ciclo-internacional-de-videoperformance-confinamiento\/\">Presentaci\u00f3n del Ciclo Internacional de Videoperformance #CONFINAMIENTO<\/a><\/h4>\r\n<img src=\"https:\/\/cia.umh.es\/wp-content\/plugins\/radiantthemes-addons\/assets\/images\/comment-icon.png\" alt=\"\" \/>0 Comments\r\n\r\n<\/article><article>16 de mayo de 2022\r\n\r\n<a href=\"https:\/\/cia.umh.es\/2022\/05\/16\/el-investigador-jose-antonio-hinojos-publica-el-libro-pintura-paisaje-y-competicion-artistica-el-fenomeno-de-los-certamenes-de-pintura-rapida-al-aire-libre\/\"><img src=\"https:\/\/cia.umh.es\/files\/2022\/05\/Pintura-paisaje-y-competicio\u0301n-arti\u0301stica.El-feno\u0301meno-de-los-certa\u0301menes-de-pintura-ra\u0301pida.png\" \/><\/a>\r\n<ul>\r\n \t<li>Arte y Cultura<\/li>\r\n<\/ul>\r\n<h4><a href=\"https:\/\/cia.umh.es\/2022\/05\/16\/el-investigador-jose-antonio-hinojos-publica-el-libro-pintura-paisaje-y-competicion-artistica-el-fenomeno-de-los-certamenes-de-pintura-rapida-al-aire-libre\/\">El investigador Jos\u00e9 Antonio Hinojos publica el libro \u201cPintura, paisaje y competici\u00f3n art\u00edstica. El fen\u00f3meno de los cert\u00e1menes de pintura r\u00e1pida al aire libre\u201d\u00a0<\/a><\/h4>\r\n<img src=\"https:\/\/cia.umh.es\/wp-content\/plugins\/radiantthemes-addons\/assets\/images\/comment-icon.png\" alt=\"\" \/>0 Comments\r\n\r\n<\/article><article>25 de marzo de 2022\r\n\r\n<a href=\"https:\/\/cia.umh.es\/2022\/03\/25\/el-centro-de-investigacion-en-artes-inicia-su-andadura-con-el-1o-seminario-de-investigacion-cia-umh\/\"><img src=\"https:\/\/cia.umh.es\/files\/2022\/03\/cartel-seminario-CIA-2022_v2-scaled.jpg\" \/><\/a>\r\n<ul>\r\n \t<li>Sin categor\u00eda<\/li>\r\n<\/ul>\r\n<h4><a href=\"https:\/\/cia.umh.es\/2022\/03\/25\/el-centro-de-investigacion-en-artes-inicia-su-andadura-con-el-1o-seminario-de-investigacion-cia-umh\/\">El Centro de Investigaci\u00f3n en Artes inicia su andadura con el 1\u00ba Seminario de Investigaci\u00f3n C\u00cdA-UMH<\/a><\/h4>\r\n<img src=\"https:\/\/cia.umh.es\/wp-content\/plugins\/radiantthemes-addons\/assets\/images\/comment-icon.png\" alt=\"\" \/>0 Comments\r\n\r\n<\/article><article>21 de febrero de 2022\r\n\r\n<a href=\"https:\/\/cia.umh.es\/2022\/02\/21\/el-artista-chileno-javier-bravo-de-rueda-desarrolla-mediante-una-estancia-en-cia-umh-su-proyecto-artistico-para-el-stand-de-la-galeria-jorge-lopez-vlc-en-arco-madrid-2022\/\"><img \/><\/a>\r\n<ul>\r\n \t<li>Colaboraciones<\/li>\r\n<\/ul>\r\n<h4><a href=\"https:\/\/cia.umh.es\/2022\/02\/21\/el-artista-chileno-javier-bravo-de-rueda-desarrolla-mediante-una-estancia-en-cia-umh-su-proyecto-artistico-para-el-stand-de-la-galeria-jorge-lopez-vlc-en-arco-madrid-2022\/\">El artista chileno Javier Bravo de Rueda desarrolla mediante una estancia en CIA-UMH su proyecto art\u00edstico para el stand de la Galer\u00eda Jorge L\u00f3pez VLC en ARCO MADRID 2022<\/a><\/h4>\r\n<img src=\"https:\/\/cia.umh.es\/wp-content\/plugins\/radiantthemes-addons\/assets\/images\/comment-icon.png\" alt=\"\" \/>0 Comments\r\n\r\n<\/article><article>22 de enero de 2022\r\n\r\n<a href=\"https:\/\/cia.umh.es\/2022\/01\/22\/presentacion-del-largometraje-documental-arcadeologia-en-el-campus-42-de-la-fundacion-telefonica\/\"><img \/><\/a>\r\n<ul>\r\n \t<li>Investigaci\u00f3n e Innovaci\u00f3n<\/li>\r\n<\/ul>\r\n<h4><a href=\"https:\/\/cia.umh.es\/2022\/01\/22\/presentacion-del-largometraje-documental-arcadeologia-en-el-campus-42-de-la-fundacion-telefonica\/\">Presentaci\u00f3n del largometraje documental \u201cArcadeolog\u00eda\u201d en el Campus 42 de la Fundaci\u00f3n Telef\u00f3nica<\/a><\/h4>\r\n<img src=\"https:\/\/cia.umh.es\/wp-content\/plugins\/radiantthemes-addons\/assets\/images\/comment-icon.png\" alt=\"\" \/>0 Comments\r\n\r\n<\/article><article>22 de enero de 2022\r\n\r\n<a href=\"https:\/\/cia.umh.es\/2022\/01\/22\/778\/\"><img \/><\/a>\r\n<ul>\r\n \t<li>Investigaci\u00f3n e Innovaci\u00f3n<\/li>\r\n<\/ul>\r\n<h4><a href=\"https:\/\/cia.umh.es\/2022\/01\/22\/778\/\">Presentaci\u00f3n del \u201cProyecto Guerrero\u201d, dentro del marco de trabajos de investigaci\u00f3n del C\u00edA<\/a><\/h4>\r\n<img src=\"https:\/\/cia.umh.es\/wp-content\/plugins\/radiantthemes-addons\/assets\/images\/comment-icon.png\" alt=\"\" \/>0 Comments\r\n\r\n<\/article><article>29 de julio de 2021\r\n\r\n<a href=\"https:\/\/cia.umh.es\/2021\/07\/29\/cia-firma-convenio-con-maca-alicante\/\"><img \/><\/a>\r\n<ul>\r\n \t<li>Convenios<\/li>\r\n<\/ul>\r\n<h4><a href=\"https:\/\/cia.umh.es\/2021\/07\/29\/cia-firma-convenio-con-maca-alicante\/\">CIA FIRMA CONVENIO CON MACA ALICANTE<\/a><\/h4>\r\n<img src=\"https:\/\/cia.umh.es\/wp-content\/plugins\/radiantthemes-addons\/assets\/images\/comment-icon.png\" alt=\"\" \/>0 Comments\r\n\r\n<\/article><article>08 de febrero de 2019\r\n\r\n<a href=\"https:\/\/cia.umh.es\/2019\/02\/08\/asi-sera-el-nuevo-edificio-multiusos-que-acogera-el-centro-de-investigacion-en-artes-de-la-umh\/\"><img \/><\/a>\r\n<ul>\r\n \t<li>Instalaciones<\/li>\r\n<\/ul>\r\n<h4><a href=\"https:\/\/cia.umh.es\/2019\/02\/08\/asi-sera-el-nuevo-edificio-multiusos-que-acogera-el-centro-de-investigacion-en-artes-de-la-umh\/\">As\u00ed ser\u00e1 el nuevo edificio multiusos que acoger\u00e1 el Centro de Investigaci\u00f3n en Artes de la UMH<\/a><\/h4>\r\n<img src=\"https:\/\/cia.umh.es\/wp-content\/plugins\/radiantthemes-addons\/assets\/images\/comment-icon.png\" alt=\"\" \/>0 Comments\r\n\r\n<\/article><article>11 de diciembre de 2018\r\n\r\n<a href=\"https:\/\/cia.umh.es\/2018\/12\/11\/la-umh-crea-un-centro-pionero-en-espana-para-la-investigacion-del-arte\/\"><img \/><\/a>\r\n<ul>\r\n \t<li>Investigaci\u00f3n e Innovaci\u00f3n<\/li>\r\n<\/ul>\r\n<h4><a href=\"https:\/\/cia.umh.es\/2018\/12\/11\/la-umh-crea-un-centro-pionero-en-espana-para-la-investigacion-del-arte\/\">La UMH crea un centro pionero en Espa\u00f1a para la investigaci\u00f3n del arte<\/a><\/h4>\r\n<img src=\"https:\/\/cia.umh.es\/wp-content\/plugins\/radiantthemes-addons\/assets\/images\/comment-icon.png\" alt=\"\" \/>0 Comments\r\n\r\n<\/article><img src=\"https:\/\/cia.umh.es\/files\/2022\/12\/logo-umh-negro-footer.png\" alt=\"\" width=\"800\" height=\"211\" \/>\r\n<img src=\"https:\/\/cia.umh.es\/files\/2022\/12\/logo-dep-arte-negro-footer.png\" alt=\"\" width=\"800\" height=\"211\" \/>\r\n<img src=\"https:\/\/cia.umh.es\/files\/2022\/12\/Estudios-Economicos-y-Financieros-footer.png\" alt=\"\" width=\"800\" height=\"211\" \/>\r\n<img src=\"https:\/\/cia.umh.es\/files\/2022\/12\/UMH-Logosi\u0301mbolo-Campus-de-Altea-footer.png\" alt=\"\" width=\"800\" height=\"211\" \/>\r\n<h6 style=\"text-align: center\">\u00a9 2023 Universidad Miguel Hern\u00e1ndez de Elche<\/h6>","_et_gb_content_width":"","_links_to":"","_links_to_target":""},"_links":{"self":[{"href":"https:\/\/cia.umh.es\/ca\/wp-json\/wp\/v2\/pages\/19213"}],"collection":[{"href":"https:\/\/cia.umh.es\/ca\/wp-json\/wp\/v2\/pages"}],"about":[{"href":"https:\/\/cia.umh.es\/ca\/wp-json\/wp\/v2\/types\/page"}],"author":[{"embeddable":true,"href":"https:\/\/cia.umh.es\/ca\/wp-json\/wp\/v2\/users\/5001"}],"replies":[{"embeddable":true,"href":"https:\/\/cia.umh.es\/ca\/wp-json\/wp\/v2\/comments?post=19213"}],"version-history":[{"count":0,"href":"https:\/\/cia.umh.es\/ca\/wp-json\/wp\/v2\/pages\/19213\/revisions"}],"wp:attachment":[{"href":"https:\/\/cia.umh.es\/ca\/wp-json\/wp\/v2\/media?parent=19213"}],"curies":[{"name":"wp","href":"https:\/\/api.w.org\/{rel}","templated":true}]}}