{"id":21141,"date":"2024-05-23T14:07:55","date_gmt":"2024-05-23T12:07:55","guid":{"rendered":"https:\/\/cia.umh.es\/?page_id=21141"},"modified":"2025-10-30T19:36:22","modified_gmt":"2025-10-30T18:36:22","slug":"infraestructuras","status":"publish","type":"page","link":"https:\/\/cia.umh.es\/ca\/quienes-somos\/infraestructuras\/","title":{"rendered":"<span lang=\"es\">(Espa\u00f1ol) Infraestructuras<\/span>"},"content":{"rendered":"<p>[et_pb_section fb_built=&#8221;1&#8243; admin_label=&#8221;section&#8221; _builder_version=&#8221;4.16&#8243; global_colors_info=&#8221;{}&#8221;][et_pb_row admin_label=&#8221;row&#8221; _builder_version=&#8221;4.17.4&#8243; background_size=&#8221;initial&#8221; background_position=&#8221;top_left&#8221; background_repeat=&#8221;repeat&#8221; global_colors_info=&#8221;{}&#8221;][et_pb_column type=&#8221;4_4&#8243; _builder_version=&#8221;4.16&#8243; custom_padding=&#8221;|||&#8221; global_colors_info=&#8221;{}&#8221; custom_padding__hover=&#8221;|||&#8221;][et_pb_text admin_label=&#8221;Text&#8221; _builder_version=&#8221;4.17.4&#8243; background_size=&#8221;initial&#8221; background_position=&#8221;top_left&#8221; background_repeat=&#8221;repeat&#8221; global_colors_info=&#8221;{}&#8221;]<\/p>\n<h1>INFRAESTRUCTURAS<\/h1>\n<p>El Centro de Investigaci\u00f3n en Artes\u2014CIA est\u00e1 situado en el Edificio Mascarat del Campus de Altea de la Universidad Miguel Hern\u00e1ndez. Se trata de un edificio de 2 plantas de 1620 m2 \u00fatiles y que ha supuesto una inversi\u00f3n de 3,3 M\u20ac.<\/p>\n<p>La obra ha sido realizada por la empresa constructora ACSA Obras e Infraestructuras, bajo la direcci\u00f3n de facultativa de ARK\u00cdTERRA, cuyo estudio realiz\u00f3 asimismo el proyecto de construcci\u00f3n.<\/p>\n<p>El edificio cuenta con un Sal\u00f3n de Actos de 350 personas de capacidad, 3 salas de exposiciones interiores (Espai Mirador, Sala Duna y Sala Cim) y 2 exteriores (El Tossal y La Marjal), 1 seminario de investigaci\u00f3n y 1 para proyectos, y 8 espacios de trabajo para los grupos de investigaci\u00f3n del CIA.<\/p>\n<p>Las obras de construcci\u00f3n de este Edificio de Investigaci\u00f3n de Excelencia en el campus de Altea (Edificio Mascarat) han obtenido cofinanciaci\u00f3n por el PO FEDER CV 2021-27 de 1,6 M\u20ac, a trav\u00e9s de un Convenio de la UMH con la Conselleria de Educaci\u00f3n, Universidades y Empleo de la GVA.<\/p>\n<p><img loading=\"lazy\" class=\"alignleft wp-image-21470 size-full\" src=\"https:\/\/cia.umh.es\/files\/2025\/02\/logos-mascarat-feder.png\" alt=\"\" width=\"850\" height=\"106\" srcset=\"https:\/\/cia.umh.es\/files\/2025\/02\/logos-mascarat-feder.png 850w, https:\/\/cia.umh.es\/files\/2025\/02\/logos-mascarat-feder-480x60.png 480w\" sizes=\"(min-width: 0px) and (max-width: 480px) 480px, (min-width: 481px) 850px, 100vw\" \/><\/p>\n<p><!-- fancy-text-box --><\/p>\n<p>[\/et_pb_text][\/et_pb_column][\/et_pb_row][\/et_pb_section][et_pb_section fb_built=&#8221;1&#8243; admin_label=&#8221;section&#8221; _builder_version=&#8221;4.16&#8243; global_colors_info=&#8221;{}&#8221;][et_pb_row admin_label=&#8221;row&#8221; _builder_version=&#8221;4.17.4&#8243; background_size=&#8221;initial&#8221; background_position=&#8221;top_left&#8221; background_repeat=&#8221;repeat&#8221; global_colors_info=&#8221;{}&#8221;][et_pb_column type=&#8221;4_4&#8243; _builder_version=&#8221;4.16&#8243; custom_padding=&#8221;|||&#8221; global_colors_info=&#8221;{}&#8221; custom_padding__hover=&#8221;|||&#8221;][et_pb_text content_tablet=&#8221;&#8221; content_phone=&#8221;&#8221; content_last_edited=&#8221;on|desktop&#8221; admin_label=&#8221;Text&#8221; _builder_version=&#8221;4.17.4&#8243; background_size=&#8221;initial&#8221; background_position=&#8221;top_left&#8221; background_repeat=&#8221;repeat&#8221; width=&#8221;%22300%22&#8243; height=&#8221;%22225%22&#8243; hover_enabled=&#8221;0&#8243; global_colors_info=&#8221;{}&#8221; sticky_enabled=&#8221;0&#8243;]<\/p>\n<h1>CUARTOS CIENT\u00cdFICOS (RESERVABLES)<\/h1>\n<p>Los cuartos cient\u00edficos son 2 apartamentos di\u00e1fanos independientes de 38,76 m2 para visitas de investigaci\u00f3n, y estancias de investigaci\u00f3n breves o de media duraci\u00f3n en el Centro de Investigaci\u00f3n en Artes\u2014CIA en el Campus de Altea. Est\u00e1n ubicados en la Planta 0 del lateral del nuevo Edificio Mascarat (sede cient\u00edfica de CIA) con orientaci\u00f3n a la Sierra de Bernia, y junto a las instalaciones y laboratorios del resto de edificios de la Facultad de BBAA de Altea. Cada uno se articula en un espacio abierto tipo loft con sal\u00f3n\u2014comedor\u2014cocina\u2014 habitaci\u00f3n, y un ba\u00f1o individual independiente con ducha. Cada apartamento est\u00e1 equipado con cama doble y almohadas, ropa de cama y toallas, sof\u00e1 de 2 plazas, mesa de comedor con 4 sillas, armarios para ropa y maletas, y en la parte de la cocina con armarios de almacenamiento, pila, microondas, nevera, vajilla b\u00e1sica, cafetera y plancha para pan). Cada apartamento permite estancias individuales o con acompa\u00f1ante.<\/p>\n<p><strong>Normas de uso<\/strong><\/p>\n<ol>\n<li style=\"list-style-type: none\">\n<ol>\n<li>Hacer uso responsable del inmueble y de los enseres, mobiliario y contenido en general.<\/li>\n<li>Est\u00e1 prohibida la entrada de personas ajenas al contrato de residencia.<\/li>\n<li>Guardar las normas de decoro y de convivencia, y se establecen horas de silencio desde las 22h hasta las 8h.<\/li>\n<li>Mantener la estancia, menaje, muebles y electrodom\u00e9sticos limpios y en un correcto uso.<\/li>\n<li>Facilitar el acceso y desarrollo de la labor por parte de la empresa de limpieza, para que se pueda producir sin contratiempos que afecten a la merma en la limpieza.<\/li>\n<li>Dejar libre de comida y restos de alimentaci\u00f3n la estancia antes de su salida.<\/li>\n<li>Cumplir las normas que reglamentariamente se establezcan.<\/li>\n<li>Se proh\u00edbe la entrada de animales de compa\u00f1\u00eda.<\/li>\n<li>Es obligatorio depositar los restos de basura org\u00e1nica en los contenedores situados frente al poblado, nunca en las papeleras de dentro del poblado cient\u00edfico.<\/li>\n<li>Las reservas se deber\u00e1n solicitar con una antelaci\u00f3n m\u00ednima de 5 d\u00edas, y necesitar\u00e1n de confirmaci\u00f3n por parte de la direcci\u00f3n del CIA para ser efectivas. Deber\u00e1n ser efectuadas mediante el formulario correspondiente.<\/li>\n<li>Debido a la limitaci\u00f3n de plazas y al car\u00e1cter tur\u00edstico de la localidad, no se aceptar\u00e1n reservas externas a la propia gesti\u00f3n interna del CIA.<\/li>\n<li>Tendr\u00e1n prioridad en primer lugar las estancias de convocatorias propias del CIA o en colaboraci\u00f3n con terceros, y en segundo lugar, aquellas vinculadas a fondos de proyectos competitivos internacionales\/europeos, nacionales y auton\u00f3micos, con dicho orden de prioridad.<\/li>\n<li>El uso de estas instalaciones no est\u00e1 destinado a servir de residencia universitaria para estudiantes que cursan sus estudios durante un curso acad\u00e9mico.<\/li>\n<\/ol>\n<\/li>\n<\/ol>\n<p>&nbsp;<\/p>\n<p><img loading=\"lazy\" class=\"wp-image-21587 alignnone size-medium\" src=\"https:\/\/cia.umh.es\/files\/2025\/10\/image002-300x225.jpg\" alt=\"\" width=\"300\" height=\"225\" \/>\u00a0 \u00a0 \u00a0 \u00a0 \u00a0 <img loading=\"lazy\" class=\"wp-image-21590 alignnone size-medium\" src=\"https:\/\/cia.umh.es\/files\/2025\/10\/image003-300x225.jpg\" alt=\"\" width=\"300\" height=\"225\" \/><\/p>\n<h2>TARIFAS<\/h2>\n<p><a href=\"https:\/\/presupuestoypatrimonio.umh.es\/files\/2025\/03\/COMUNICACION-ANEXO-T-XX.pdf\">https:\/\/presupuestoypatrimonio.umh.es\/files\/2025\/03\/COMUNICACION-ANEXO-T-XX.pdf<\/a><\/p>\n<p>* Por razones de sostenibilidad, la reserva m\u00ednima ser\u00e1 de 2 noches consecutivas.<\/p>\n<p><strong>****Informaci\u00f3n \u00fatil (pendiente)****<\/strong><\/p>\n<p>+ INFO: reservacasas@umh.es<\/p>\n<h2>FORMULARIO<\/h2>\n<p>A continuaci\u00f3n cumplimente el siguiente formulario (preferiblemente con el navegador Chrome) y recuerde que debe hacer uno por cada reserva si son en diferentes fechas.<\/p>\n<p>****formulario\/link (pendiente)*****<\/p>\n<p>&nbsp;<\/p>\n<p><!-- fancy-text-box --><\/p>\n<p>[\/et_pb_text][\/et_pb_column][\/et_pb_row][\/et_pb_section][et_pb_section fb_built=&#8221;1&#8243; admin_label=&#8221;section&#8221; _builder_version=&#8221;4.16&#8243; global_colors_info=&#8221;{}&#8221;][et_pb_row admin_label=&#8221;row&#8221; _builder_version=&#8221;4.17.4&#8243; background_size=&#8221;initial&#8221; background_position=&#8221;top_left&#8221; background_repeat=&#8221;repeat&#8221; global_colors_info=&#8221;{}&#8221;][et_pb_column type=&#8221;4_4&#8243; _builder_version=&#8221;4.16&#8243; custom_padding=&#8221;|||&#8221; global_colors_info=&#8221;{}&#8221; custom_padding__hover=&#8221;|||&#8221;][et_pb_text content_tablet=&#8221;&#8221; content_phone=&#8221;&#8221; content_last_edited=&#8221;on|desktop&#8221; admin_label=&#8221;Text&#8221; _builder_version=&#8221;4.17.4&#8243; background_size=&#8221;initial&#8221; background_position=&#8221;top_left&#8221; background_repeat=&#8221;repeat&#8221; width=&#8221;%22300%22&#8243; height=&#8221;%22225%22&#8243; global_colors_info=&#8221;{}&#8221;]<\/p>\n<h1>EDIFICIO<\/h1>\n<p><!-- fancy-text-box --><\/p>\n<p>[\/et_pb_text][\/et_pb_column][\/et_pb_row][et_pb_row column_structure=&#8221;3_5,2_5&#8243; _builder_version=&#8221;4.17.4&#8243; _module_preset=&#8221;default&#8221; border_width_left=&#8221;2px&#8221; border_color_left=&#8221;#000000&#8243; global_colors_info=&#8221;{}&#8221;][et_pb_column type=&#8221;3_5&#8243; _builder_version=&#8221;4.17.4&#8243; _module_preset=&#8221;default&#8221; global_colors_info=&#8221;{}&#8221;][et_pb_text _builder_version=&#8221;4.17.4&#8243; _module_preset=&#8221;default&#8221; custom_padding=&#8221;|||15px|false|false&#8221; global_colors_info=&#8221;{}&#8221;]<\/p>\n<p><strong>Planta Baja:<\/strong><\/p>\n<p>L\u2019Experimentari [sal\u00f3n de actos]: 316,64 m\u00b2 + 77,57 m\u00b2 escenario<\/p>\n<p>Sala Duna + Espai Mirador [salas de exposiciones]: 82,94 m\u00b2<\/p>\n<p>Seminari CIA [aula]: 97,03 m\u00b2<\/p>\n<p>Projectes CIA [aula]: 68,49 m\u00b2<\/p>\n<p>[\/et_pb_text][\/et_pb_column][et_pb_column type=&#8221;2_5&#8243; _builder_version=&#8221;4.17.4&#8243; _module_preset=&#8221;default&#8221; global_colors_info=&#8221;{}&#8221;][et_pb_image src=&#8221;https:\/\/cia.umh.es\/files\/2025\/02\/Large-Campus-Mascarat-Universidad-Miguel-Herna\u0301ndez-52.jpg&#8221; title_text=&#8221;Large-Campus Mascarat Universidad Miguel Herna\u0301ndez (52)&#8221; _builder_version=&#8221;4.17.4&#8243; _module_preset=&#8221;default&#8221; global_colors_info=&#8221;{}&#8221;][\/et_pb_image][\/et_pb_column][\/et_pb_row][et_pb_row column_structure=&#8221;3_5,2_5&#8243; _builder_version=&#8221;4.17.4&#8243; _module_preset=&#8221;default&#8221; border_width_left=&#8221;2px&#8221; border_color_left=&#8221;#000000&#8243; global_colors_info=&#8221;{}&#8221;][et_pb_column type=&#8221;3_5&#8243; _builder_version=&#8221;4.17.4&#8243; _module_preset=&#8221;default&#8221; global_colors_info=&#8221;{}&#8221;][et_pb_text _builder_version=&#8221;4.17.4&#8243; _module_preset=&#8221;default&#8221; custom_padding=&#8221;|||15px|false|false&#8221; global_colors_info=&#8221;{}&#8221;]<\/p>\n<p><strong>Planta Primera:<\/strong><\/p>\n<p>Sala Cim + El Tossal [salas de exposiciones]: 95,02 m\u00b2<\/p>\n<p>Sede Centro de Investigaci\u00f3n de Artes: 33,08 m\u00b2<\/p>\n<p>Cabina de Control: 15,55 m\u00b2<\/p>\n<p>Galer\u00eda T\u00e9cnica: 22,52 m\u00b2<\/p>\n<p>Diversos espacios de trabajo de los laboratorios de investigaci\u00f3n CIA y circulaciones 132,5 m\u00b2.<\/p>\n<p>[\/et_pb_text][\/et_pb_column][et_pb_column type=&#8221;2_5&#8243; _builder_version=&#8221;4.17.4&#8243; _module_preset=&#8221;default&#8221; global_colors_info=&#8221;{}&#8221;][et_pb_image src=&#8221;https:\/\/cia.umh.es\/files\/2025\/02\/Large-Campus-Mascarat-Universidad-Miguel-Herna\u0301ndez-40.jpg&#8221; title_text=&#8221;Large-Campus Mascarat Universidad Miguel Herna\u0301ndez (40)&#8221; _builder_version=&#8221;4.17.4&#8243; _module_preset=&#8221;default&#8221; global_colors_info=&#8221;{}&#8221;][\/et_pb_image][\/et_pb_column][\/et_pb_row][\/et_pb_section]<\/p>\n","protected":false},"excerpt":{"rendered":"<p>INFRAESTRUCTURAS El Centro de Investigaci\u00f3n en Artes\u2014CIA est\u00e1 situado en el Edificio Mascarat del Campus de Altea de la Universidad Miguel Hern\u00e1ndez. Se trata de un edificio de 2 plantas de 1620 m2 \u00fatiles y que ha supuesto una inversi\u00f3n de 3,3 M\u20ac. La obra ha sido realizada por la empresa constructora ACSA Obras e [&hellip;]<\/p>\n","protected":false},"author":202,"featured_media":0,"parent":37,"menu_order":0,"comment_status":"closed","ping_status":"closed","template":"","meta":{"_et_pb_use_builder":"on","_et_pb_old_content":"","_et_gb_content_width":"","_links_to":"","_links_to_target":""},"_links":{"self":[{"href":"https:\/\/cia.umh.es\/ca\/wp-json\/wp\/v2\/pages\/21141"}],"collection":[{"href":"https:\/\/cia.umh.es\/ca\/wp-json\/wp\/v2\/pages"}],"about":[{"href":"https:\/\/cia.umh.es\/ca\/wp-json\/wp\/v2\/types\/page"}],"author":[{"embeddable":true,"href":"https:\/\/cia.umh.es\/ca\/wp-json\/wp\/v2\/users\/202"}],"replies":[{"embeddable":true,"href":"https:\/\/cia.umh.es\/ca\/wp-json\/wp\/v2\/comments?post=21141"}],"version-history":[{"count":0,"href":"https:\/\/cia.umh.es\/ca\/wp-json\/wp\/v2\/pages\/21141\/revisions"}],"up":[{"embeddable":true,"href":"https:\/\/cia.umh.es\/ca\/wp-json\/wp\/v2\/pages\/37"}],"wp:attachment":[{"href":"https:\/\/cia.umh.es\/ca\/wp-json\/wp\/v2\/media?parent=21141"}],"curies":[{"name":"wp","href":"https:\/\/api.w.org\/{rel}","templated":true}]}}