{"id":37,"date":"2022-01-11T09:34:31","date_gmt":"2022-01-11T08:34:31","guid":{"rendered":"https:\/\/cia.umh.es\/?page_id=37"},"modified":"2024-05-23T10:35:21","modified_gmt":"2024-05-23T08:35:21","slug":"quienes-somos","status":"publish","type":"page","link":"https:\/\/cia.umh.es\/ca\/quienes-somos\/","title":{"rendered":"<span lang=\"es\">(Espa\u00f1ol) Qui\u00e9nes somos<\/span>"},"content":{"rendered":"<p>[et_pb_section fb_built=&#8221;1&#8243; admin_label=&#8221;section&#8221; _builder_version=&#8221;4.16&#8243; global_colors_info=&#8221;{}&#8221;][et_pb_row _builder_version=&#8221;4.17.4&#8243; _module_preset=&#8221;default&#8221; global_colors_info=&#8221;{}&#8221;][et_pb_column type=&#8221;4_4&#8243; _builder_version=&#8221;4.17.4&#8243; _module_preset=&#8221;default&#8221; global_colors_info=&#8221;{}&#8221;][et_pb_text _builder_version=&#8221;4.17.4&#8243; _module_preset=&#8221;default&#8221; global_colors_info=&#8221;{}&#8221;]<\/p>\n<h1>QUI\u00c9NES SOMOS<\/h1>\n<p>[\/et_pb_text][\/et_pb_column][\/et_pb_row][et_pb_row column_structure=&#8221;3_5,2_5&#8243; admin_label=&#8221;row&#8221; _builder_version=&#8221;4.17.4&#8243; background_size=&#8221;initial&#8221; background_position=&#8221;top_left&#8221; background_repeat=&#8221;repeat&#8221; border_width_left=&#8221;2px&#8221; border_color_left=&#8221;#000000&#8243; global_colors_info=&#8221;{}&#8221;][et_pb_column type=&#8221;3_5&#8243; _builder_version=&#8221;4.16&#8243; custom_padding=&#8221;|||&#8221; global_colors_info=&#8221;{}&#8221; custom_padding__hover=&#8221;|||&#8221;][et_pb_text admin_label=&#8221;Text&#8221; _builder_version=&#8221;4.17.4&#8243; background_size=&#8221;initial&#8221; background_position=&#8221;top_left&#8221; background_repeat=&#8221;repeat&#8221; custom_padding=&#8221;|||15px|false|false&#8221; hover_enabled=&#8221;0&#8243; global_colors_info=&#8221;{}&#8221; sticky_enabled=&#8221;0&#8243;]<\/p>\n<h3><strong><a href=\"https:\/\/cia.umh.es\/quienes-somos\/que-es-cia\/\">\u00bfQu\u00e9 es?<\/a><\/strong><\/h3>\n<h3>Funci\u00f3n y enfoque inter-multidisciplinar<\/h3>\n<p>&nbsp;<\/p>\n<h3><strong><a href=\"https:\/\/cia.umh.es\/nosotrxs\/oferta-tecnologica\/\">Oferta Tecnol\u00f3gica<\/a><\/strong><\/h3>\n<h3>Laboratorios y grupos de investigaci\u00f3n<\/h3>\n<h3>\u00a0<\/h3>\n<h3><strong><a href=\"https:\/\/cia.umh.es\/nosotrxs\/colaboracionesconvenios\/\">Colaboraciones + Convenios<\/a><\/strong><\/h3>\n<h3>Universidades e Instituciones con las que trabajamos<\/h3>\n<p>&nbsp;<\/p>\n<h3><a href=\"https:\/\/cia.umh.es\/memorias-anuales\/\"><b>Memorias<\/b><\/a><\/h3>\n<h3>Resumen anual de nuestra actividad investigadora<\/h3>\n<p>[\/et_pb_text][\/et_pb_column][et_pb_column type=&#8221;2_5&#8243; _builder_version=&#8221;4.16&#8243; custom_padding=&#8221;|||&#8221; global_colors_info=&#8221;{}&#8221; custom_padding__hover=&#8221;|||&#8221;][et_pb_image src=&#8221;https:\/\/cia.umh.es\/files\/2024\/05\/Imagen-ref-cia.jpg&#8221; title_text=&#8221;Imagen ref cia&#8221; _builder_version=&#8221;4.17.4&#8243; _module_preset=&#8221;default&#8221; global_colors_info=&#8221;{}&#8221;][\/et_pb_image][\/et_pb_column][\/et_pb_row][\/et_pb_section]<\/p>\n","protected":false},"excerpt":{"rendered":"<p>QUI\u00c9NES SOMOS\u00bfQu\u00e9 es? Funci\u00f3n y enfoque inter-multidisciplinar &nbsp; Oferta Tecnol\u00f3gica Laboratorios y grupos de investigaci\u00f3n \u00a0 Colaboraciones + Convenios Universidades e Instituciones con las que trabajamos &nbsp; Memorias Resumen anual de nuestra actividad investigadora<\/p>\n","protected":false},"author":202,"featured_media":0,"parent":0,"menu_order":20,"comment_status":"closed","ping_status":"closed","template":"","meta":{"_et_pb_use_builder":"on","_et_pb_old_content":"","_et_gb_content_width":"","_links_to":"","_links_to_target":""},"_links":{"self":[{"href":"https:\/\/cia.umh.es\/ca\/wp-json\/wp\/v2\/pages\/37"}],"collection":[{"href":"https:\/\/cia.umh.es\/ca\/wp-json\/wp\/v2\/pages"}],"about":[{"href":"https:\/\/cia.umh.es\/ca\/wp-json\/wp\/v2\/types\/page"}],"author":[{"embeddable":true,"href":"https:\/\/cia.umh.es\/ca\/wp-json\/wp\/v2\/users\/202"}],"replies":[{"embeddable":true,"href":"https:\/\/cia.umh.es\/ca\/wp-json\/wp\/v2\/comments?post=37"}],"version-history":[{"count":0,"href":"https:\/\/cia.umh.es\/ca\/wp-json\/wp\/v2\/pages\/37\/revisions"}],"wp:attachment":[{"href":"https:\/\/cia.umh.es\/ca\/wp-json\/wp\/v2\/media?parent=37"}],"curies":[{"name":"wp","href":"https:\/\/api.w.org\/{rel}","templated":true}]}}