{"id":40,"date":"2022-01-11T09:35:33","date_gmt":"2022-01-11T08:35:33","guid":{"rendered":"https:\/\/cia.umh.es\/?page_id=40"},"modified":"2024-05-23T13:22:02","modified_gmt":"2024-05-23T11:22:02","slug":"investigacion","status":"publish","type":"page","link":"https:\/\/cia.umh.es\/ca\/investigacion\/","title":{"rendered":"<span lang=\"es\">(Espa\u00f1ol) Investigaci\u00f3n<\/span>"},"content":{"rendered":"<p>[et_pb_section fb_built=&#8221;1&#8243; admin_label=&#8221;section&#8221; _builder_version=&#8221;4.16&#8243; global_colors_info=&#8221;{}&#8221;][et_pb_row _builder_version=&#8221;4.17.4&#8243; _module_preset=&#8221;default&#8221; global_colors_info=&#8221;{}&#8221;][et_pb_column type=&#8221;4_4&#8243; _builder_version=&#8221;4.17.4&#8243; _module_preset=&#8221;default&#8221; global_colors_info=&#8221;{}&#8221;][et_pb_text _builder_version=&#8221;4.17.4&#8243; _module_preset=&#8221;default&#8221; global_colors_info=&#8221;{}&#8221;]<\/p>\n<h1>INVESTIGACI\u00d3N<\/h1>\n<p>[\/et_pb_text][\/et_pb_column][\/et_pb_row][et_pb_row column_structure=&#8221;3_5,2_5&#8243; admin_label=&#8221;row&#8221; _builder_version=&#8221;4.17.4&#8243; background_size=&#8221;initial&#8221; background_position=&#8221;top_left&#8221; background_repeat=&#8221;repeat&#8221; border_radii=&#8221;off||||&#8221; border_width_left=&#8221;2px&#8221; border_color_left=&#8221;#000000&#8243; global_colors_info=&#8221;{}&#8221;][et_pb_column type=&#8221;3_5&#8243; _builder_version=&#8221;4.16&#8243; custom_padding=&#8221;|||&#8221; global_colors_info=&#8221;{}&#8221; custom_padding__hover=&#8221;|||&#8221;][et_pb_text admin_label=&#8221;Text&#8221; _builder_version=&#8221;4.17.4&#8243; background_size=&#8221;initial&#8221; background_position=&#8221;top_left&#8221; background_repeat=&#8221;repeat&#8221; custom_padding=&#8221;|||15px|false|false&#8221; hover_enabled=&#8221;0&#8243; global_colors_info=&#8221;{}&#8221; sticky_enabled=&#8221;0&#8243;]<\/p>\n<h3><a href=\"http:\/\/recia.umh.es\" target=\"_blank\" rel=\"noopener\"><b>Revista ReCIA<\/b><\/a><\/h3>\n<h3>recia.umh.es<\/h3>\n<p>&nbsp;<\/p>\n<h3><a href=\"https:\/\/cia.umh.es\/investigacion\/exposiciones\/\"><b>Exposiciones C\u00cdA<\/b><\/a><\/h3>\n<h3>exposiciones en la sede cient\u00edfica del Edificio Mascarat en Altea<\/h3>\n<h3>\u00a0<\/h3>\n<h3><a href=\"https:\/\/cia.umh.es\/investigacion\/residencias-cia\/\"><b>Residencias C\u00cdA<\/b><\/a><\/h3>\n<h3>residencias de investigaci\u00f3n en el Campus de Altea<\/h3>\n<p>&nbsp;<\/p>\n<h3><a href=\"https:\/\/cia.umh.es\/investigacion\/publicaciones\/\"><b>Publicaciones<\/b><\/a><\/h3>\n<h3>Enlaces a PDF y editoriales<\/h3>\n<p>&nbsp;<\/p>\n<h3><strong><a href=\"https:\/\/cia.umh.es\/investigacion\/proyectos\/\">Proyectos<\/a><\/strong><\/h3>\n<h3>Proyectos competitivos vigentes<\/h3>\n<p>&nbsp;<\/p>\n<h3><a href=\"https:\/\/cia.umh.es\/investigacion\/congresos\/\"><b>Congresos<\/b><\/a><\/h3>\n<h3>Enlaces a p\u00e1ginas web y programas<\/h3>\n<p>[\/et_pb_text][\/et_pb_column][et_pb_column type=&#8221;2_5&#8243; _builder_version=&#8221;4.16&#8243; custom_padding=&#8221;|||&#8221; global_colors_info=&#8221;{}&#8221; custom_padding__hover=&#8221;|||&#8221;][et_pb_image src=&#8221;https:\/\/cia.umh.es\/files\/2024\/05\/Imagen-ref-cia.jpg&#8221; title_text=&#8221;Imagen ref cia&#8221; _builder_version=&#8221;4.17.4&#8243; _module_preset=&#8221;default&#8221; global_colors_info=&#8221;{}&#8221;][\/et_pb_image][\/et_pb_column][\/et_pb_row][\/et_pb_section]<\/p>\n","protected":false},"excerpt":{"rendered":"<p>INVESTIGACI\u00d3NRevista ReCIA recia.umh.es &nbsp; Exposiciones C\u00cdA exposiciones en la sede cient\u00edfica del Edificio Mascarat en Altea \u00a0 Residencias C\u00cdA residencias de investigaci\u00f3n en el Campus de Altea &nbsp; Publicaciones Enlaces a PDF y editoriales &nbsp; Proyectos Proyectos competitivos vigentes &nbsp; Congresos Enlaces a p\u00e1ginas web y programas<\/p>\n","protected":false},"author":202,"featured_media":0,"parent":0,"menu_order":30,"comment_status":"closed","ping_status":"closed","template":"","meta":{"_et_pb_use_builder":"on","_et_pb_old_content":"<!-- fancy-text-box -->\r\n<img width=\"2000\" height=\"2000\" src=\"https:\/\/cia.umh.es\/files\/2023\/04\/ICONO-PROYECTOS-web.png\" alt=\"\" loading=\"lazy\" \/><h4><a href=\"https:\/\/cia.umh.es\/investigacion\/proyectos\/\">Proyectos<\/a><\/h4><a href=\"https:\/\/cia.umh.es\/investigacion\/proyectos\/\">Leer m\u00e1s<\/a>\r\n<!-- fancy-text-box -->\r\n<!-- fancy-text-box -->\r\n<img width=\"2000\" height=\"2000\" src=\"https:\/\/cia.umh.es\/files\/2023\/04\/ICONO-CONGRESOS-web-v2.png\" alt=\"\" loading=\"lazy\" \/><h4><a href=\"https:\/\/cia.umh.es\/investigacion\/congresos\/\">Congresos<\/a><\/h4><a href=\"https:\/\/cia.umh.es\/investigacion\/congresos\/\">Leer m\u00e1s<\/a>\r\n<!-- fancy-text-box -->\r\n<!-- fancy-text-box -->\r\n<img width=\"2000\" height=\"2000\" src=\"https:\/\/cia.umh.es\/files\/2023\/04\/ICONO-PUBLICACIONES-web.png\" alt=\"\" loading=\"lazy\" \/><h4><a href=\"https:\/\/cia.umh.es\/investigacion\/publicaciones\/\">Publicaciones<\/a><\/h4><a href=\"https:\/\/cia.umh.es\/investigacion\/publicaciones\/\">Leer m\u00e1s<\/a>\r\n<!-- fancy-text-box -->\r\n\t\t\t\t\t\t\t\t\t\t\t\t\t\t\t<img width=\"800\" height=\"211\" src=\"https:\/\/cia.umh.es\/files\/2022\/12\/logo-umh-negro-footer.png\" alt=\"\" loading=\"lazy\" \/>\t\t\t\t\t\t\t\t\t\t\t\t\t\t\t\r\n\t\t\t\t\t\t\t\t\t\t\t\t\t\t\t<img width=\"800\" height=\"211\" src=\"https:\/\/cia.umh.es\/files\/2022\/12\/logo-dep-arte-negro-footer.png\" alt=\"\" loading=\"lazy\" \/>\t\t\t\t\t\t\t\t\t\t\t\t\t\t\t\r\n\t\t\t\t\t\t\t\t\t\t\t\t\t\t\t<img width=\"800\" height=\"211\" src=\"https:\/\/cia.umh.es\/files\/2022\/12\/Estudios-Economicos-y-Financieros-footer.png\" alt=\"\" loading=\"lazy\" \/>\t\t\t\t\t\t\t\t\t\t\t\t\t\t\t\r\n\t\t\t\t\t\t\t\t\t\t\t\t\t\t\t<img width=\"800\" height=\"211\" src=\"https:\/\/cia.umh.es\/files\/2022\/12\/UMH-Logosi\u0301mbolo-Campus-de-Altea-footer.png\" alt=\"\" loading=\"lazy\" \/>\t\t\t\t\t\t\t\t\t\t\t\t\t\t\t\r\n\t\t<h6 style=\"text-align: center\">\u00a9 2023 Universidad Miguel Hern\u00e1ndez de Elche<\/h6>","_et_gb_content_width":"","_links_to":"","_links_to_target":""},"_links":{"self":[{"href":"https:\/\/cia.umh.es\/ca\/wp-json\/wp\/v2\/pages\/40"}],"collection":[{"href":"https:\/\/cia.umh.es\/ca\/wp-json\/wp\/v2\/pages"}],"about":[{"href":"https:\/\/cia.umh.es\/ca\/wp-json\/wp\/v2\/types\/page"}],"author":[{"embeddable":true,"href":"https:\/\/cia.umh.es\/ca\/wp-json\/wp\/v2\/users\/202"}],"replies":[{"embeddable":true,"href":"https:\/\/cia.umh.es\/ca\/wp-json\/wp\/v2\/comments?post=40"}],"version-history":[{"count":0,"href":"https:\/\/cia.umh.es\/ca\/wp-json\/wp\/v2\/pages\/40\/revisions"}],"wp:attachment":[{"href":"https:\/\/cia.umh.es\/ca\/wp-json\/wp\/v2\/media?parent=40"}],"curies":[{"name":"wp","href":"https:\/\/api.w.org\/{rel}","templated":true}]}}