{"id":43,"date":"2022-01-11T09:36:15","date_gmt":"2022-01-11T08:36:15","guid":{"rendered":"https:\/\/cia.umh.es\/?page_id=43"},"modified":"2024-05-23T14:28:34","modified_gmt":"2024-05-23T12:28:34","slug":"transferencia","status":"publish","type":"page","link":"https:\/\/cia.umh.es\/ca\/transferencia\/","title":{"rendered":"<span lang=\"es\">(Espa\u00f1ol) Transferencia<\/span>"},"content":{"rendered":"<p>[et_pb_section fb_built=&#8221;1&#8243; admin_label=&#8221;section&#8221; _builder_version=&#8221;4.16&#8243; global_colors_info=&#8221;{}&#8221;][et_pb_row admin_label=&#8221;row&#8221; _builder_version=&#8221;4.17.4&#8243; background_size=&#8221;initial&#8221; background_position=&#8221;top_left&#8221; background_repeat=&#8221;repeat&#8221; global_colors_info=&#8221;{}&#8221;][et_pb_column type=&#8221;4_4&#8243; _builder_version=&#8221;4.16&#8243; custom_padding=&#8221;|||&#8221; global_colors_info=&#8221;{}&#8221; custom_padding__hover=&#8221;|||&#8221;][et_pb_text admin_label=&#8221;Text&#8221; _builder_version=&#8221;4.17.4&#8243; background_size=&#8221;initial&#8221; background_position=&#8221;top_left&#8221; background_repeat=&#8221;repeat&#8221; global_colors_info=&#8221;{}&#8221;]<\/p>\n<h1>TRANSFERENCIA<\/h1>\n<p><!-- fancy-text-box --><\/p>\n<p>[\/et_pb_text][\/et_pb_column][\/et_pb_row][et_pb_row column_structure=&#8221;3_5,2_5&#8243; _builder_version=&#8221;4.17.4&#8243; _module_preset=&#8221;default&#8221; border_width_left=&#8221;2px&#8221; border_color_left=&#8221;#000000&#8243; global_colors_info=&#8221;{}&#8221;][et_pb_column type=&#8221;3_5&#8243; _builder_version=&#8221;4.17.4&#8243; _module_preset=&#8221;default&#8221; global_colors_info=&#8221;{}&#8221;][et_pb_text _builder_version=&#8221;4.17.4&#8243; _module_preset=&#8221;default&#8221; custom_padding=&#8221;|||15px|false|false&#8221; hover_enabled=&#8221;0&#8243; global_colors_info=&#8221;{}&#8221; sticky_enabled=&#8221;0&#8243;]<\/p>\n<h2><a href=\"https:\/\/cia.umh.es\/transferencia\/espai-paco-vidarte\/\" target=\"_blank\" rel=\"noopener\"><strong>Espai Paco Vidarte<\/strong><\/a><\/h2>\n<h2>espacio de documentaci\u00f3n y activaci\u00f3n<\/h2>\n<p>&nbsp;<\/p>\n<h2><a href=\"https:\/\/cancan.umh.es\/\" target=\"_blank\" rel=\"noopener\"><strong>C\u00e1tedra Annetta Nicoli<\/strong><\/a><\/h2>\n<h2>C\u00e1tedra institucional de estudios art\u00edsticos sobre feminismo y m\u00fasica<\/h2>\n<h2>\u00a0<\/h2>\n<h2><strong><a href=\"https:\/\/cia.umh.es\/transferencia\/contratos-institucionesempresas\/\">Contratos (art. 60)<\/a><\/strong><\/h2>\n<h2>Visualizaci\u00f3n de potencialidades<\/h2>\n<p>&nbsp;<\/p>\n<h2><a href=\"https:\/\/cia.umh.es\/transferencia\/divulgacion-cientifica\/\" target=\"_blank\" rel=\"noopener\"><strong>Divulgaci\u00f3n cient\u00edfica<\/strong><\/a><\/h2>\n<h2>Enlace a proyectos<\/h2>\n<p>&nbsp;<\/p>\n<p>[\/et_pb_text][\/et_pb_column][et_pb_column type=&#8221;2_5&#8243; _builder_version=&#8221;4.17.4&#8243; _module_preset=&#8221;default&#8221; global_colors_info=&#8221;{}&#8221;][et_pb_image src=&#8221;https:\/\/cia.umh.es\/files\/2024\/05\/Imagen-ref-cia.jpg&#8221; title_text=&#8221;Imagen ref cia&#8221; _builder_version=&#8221;4.17.4&#8243; _module_preset=&#8221;default&#8221; global_colors_info=&#8221;{}&#8221;][\/et_pb_image][\/et_pb_column][\/et_pb_row][\/et_pb_section]<\/p>\n","protected":false},"excerpt":{"rendered":"<p>TRANSFERENCIA Espai Paco Vidarte espacio de documentaci\u00f3n y activaci\u00f3n &nbsp; C\u00e1tedra Annetta Nicoli C\u00e1tedra institucional de estudios art\u00edsticos sobre feminismo y m\u00fasica \u00a0 Contratos (art. 60) Visualizaci\u00f3n de potencialidades &nbsp; Divulgaci\u00f3n cient\u00edfica Enlace a proyectos &nbsp;<\/p>\n","protected":false},"author":202,"featured_media":0,"parent":0,"menu_order":40,"comment_status":"closed","ping_status":"closed","template":"","meta":{"_et_pb_use_builder":"on","_et_pb_old_content":"","_et_gb_content_width":"","_links_to":"","_links_to_target":""},"_links":{"self":[{"href":"https:\/\/cia.umh.es\/ca\/wp-json\/wp\/v2\/pages\/43"}],"collection":[{"href":"https:\/\/cia.umh.es\/ca\/wp-json\/wp\/v2\/pages"}],"about":[{"href":"https:\/\/cia.umh.es\/ca\/wp-json\/wp\/v2\/types\/page"}],"author":[{"embeddable":true,"href":"https:\/\/cia.umh.es\/ca\/wp-json\/wp\/v2\/users\/202"}],"replies":[{"embeddable":true,"href":"https:\/\/cia.umh.es\/ca\/wp-json\/wp\/v2\/comments?post=43"}],"version-history":[{"count":0,"href":"https:\/\/cia.umh.es\/ca\/wp-json\/wp\/v2\/pages\/43\/revisions"}],"wp:attachment":[{"href":"https:\/\/cia.umh.es\/ca\/wp-json\/wp\/v2\/media?parent=43"}],"curies":[{"name":"wp","href":"https:\/\/api.w.org\/{rel}","templated":true}]}}