{"id":133,"date":"2022-01-11T13:07:31","date_gmt":"2022-01-11T12:07:31","guid":{"rendered":"https:\/\/cia.umh.es\/?page_id=133"},"modified":"2024-05-23T14:44:19","modified_gmt":"2024-05-23T12:44:19","slug":"residencias-cia","status":"publish","type":"page","link":"https:\/\/cia.umh.es\/en\/investigacion\/residencias-cia\/","title":{"rendered":"<span lang=\"es\">(Espa\u00f1ol) Residencias CIA<\/span>"},"content":{"rendered":"<p>[et_pb_section fb_built=&#8221;1&#8243; _builder_version=&#8221;4.17.4&#8243; _module_preset=&#8221;default&#8221; global_colors_info=&#8221;{}&#8221;][et_pb_row _builder_version=&#8221;4.17.4&#8243; _module_preset=&#8221;default&#8221; global_colors_info=&#8221;{}&#8221;][et_pb_column type=&#8221;4_4&#8243; _builder_version=&#8221;4.17.4&#8243; _module_preset=&#8221;default&#8221; global_colors_info=&#8221;{}&#8221;][et_pb_text _builder_version=&#8221;4.17.4&#8243; _module_preset=&#8221;default&#8221; global_colors_info=&#8221;{}&#8221;]<\/p>\n<h1>RESIDENCIAS C\u00cdA<\/h1>\n<p>[\/et_pb_text][\/et_pb_column][\/et_pb_row][et_pb_row column_structure=&#8221;1_2,1_2&#8243; _builder_version=&#8221;4.17.4&#8243; _module_preset=&#8221;default&#8221; global_colors_info=&#8221;{}&#8221;][et_pb_column type=&#8221;1_2&#8243; _builder_version=&#8221;4.17.4&#8243; _module_preset=&#8221;default&#8221; global_colors_info=&#8221;{}&#8221;][et_pb_text _builder_version=&#8221;4.17.4&#8243; _module_preset=&#8221;default&#8221; global_colors_info=&#8221;{}&#8221;]<\/p>\n<h2><strong>Convocatorias<\/strong><\/h2>\n<h2>en construcci\u00f3n [\u2026]<\/h2>\n<p>&nbsp;<\/p>\n<h2><b>Tarifas<\/b><\/h2>\n<h2>en construcci\u00f3n [\u2026]<\/h2>\n<h2>\u00a0<\/h2>\n<h2><strong>Proyectos<\/strong><\/h2>\n<h2>Visualizaci\u00f3n de potencialidades<\/h2>\n<p>&nbsp;<\/p>\n<p>[\/et_pb_text][\/et_pb_column][et_pb_column type=&#8221;1_2&#8243; _builder_version=&#8221;4.17.4&#8243; _module_preset=&#8221;default&#8221; global_colors_info=&#8221;{}&#8221;][et_pb_image _builder_version=&#8221;4.17.4&#8243; _module_preset=&#8221;default&#8221; global_colors_info=&#8221;{}&#8221;][\/et_pb_image][\/et_pb_column][\/et_pb_row][\/et_pb_section][et_pb_section fb_built=&#8221;1&#8243; _builder_version=&#8221;4.16&#8243; global_colors_info=&#8221;{}&#8221;][et_pb_row _builder_version=&#8221;4.16&#8243; global_colors_info=&#8221;{}&#8221;][et_pb_column type=&#8221;4_4&#8243; _builder_version=&#8221;4.16&#8243; global_colors_info=&#8221;{}&#8221;][et_pb_text _builder_version=&#8221;4.17.4&#8243; hover_enabled=&#8221;0&#8243; global_colors_info=&#8221;{}&#8221; sticky_enabled=&#8221;0&#8243;]<\/p>\n<h1><strong>ESTANCIAS PASADAS<\/strong><\/h1>\n<p>[\/et_pb_text][et_pb_text _builder_version=&#8221;4.17.4&#8243; _module_preset=&#8221;default&#8221; hover_enabled=&#8221;0&#8243; sticky_enabled=&#8221;0&#8243;]<\/p>\n<h1>JAVIER BUENA PARA ARCO 2022<\/h1>\n<p>[\/et_pb_text][et_pb_image src=&#8221;https:\/\/cia.umh.es\/files\/2022\/02\/jorge-lopez-arco-2022_2-1.jpg&#8221; _builder_version=&#8221;4.16&#8243; global_colors_info=&#8221;{}&#8221;][\/et_pb_image][\/et_pb_column][\/et_pb_row][et_pb_row column_structure=&#8221;1_4,1_4,1_4,1_4&#8243; _builder_version=&#8221;4.16&#8243; global_colors_info=&#8221;{}&#8221;][et_pb_column type=&#8221;1_4&#8243; _builder_version=&#8221;4.16&#8243; global_colors_info=&#8221;{}&#8221;][et_pb_text _builder_version=&#8221;4.16&#8243; background_color=&#8221;#edf000&#8243; global_colors_info=&#8221;{}&#8221;]<\/p>\n<h4>\u00a0<\/h4>\n<h4><strong>Colaboraci\u00f3n <\/strong><strong>con <\/strong><\/h4>\n<h4><strong><a href=\"https:\/\/www.jorgelopezgaleria.com\/main#ExpoAllOver\" target=\"_blank\" rel=\"noopener\">Galer\u00eda Jorge L\u00f3pez VLC<\/a> <\/strong><\/h4>\n<h4><strong>para <a href=\"https:\/\/www.ifema.es\/arco-madrid\" target=\"_blank\" rel=\"noopener\">ARCO 2022<\/a><\/strong><\/h4>\n<p>&nbsp;<\/p>\n<p>&nbsp;<\/p>\n<p>_<\/p>\n<p>[\/et_pb_text][\/et_pb_column][et_pb_column type=&#8221;1_4&#8243; _builder_version=&#8221;4.16&#8243; global_colors_info=&#8221;{}&#8221;][et_pb_image src=&#8221;https:\/\/cia.umh.es\/files\/2022\/02\/marca-jorge-lopez-v-galeria.png&#8221; url=&#8221;https:\/\/www.jorgelopezgaleria.com\/main#ExpoAllOver&#8221; url_new_window=&#8221;on&#8221; _builder_version=&#8221;4.16&#8243; border_radii=&#8221;off|1px|1px|1px|1px&#8221; border_width_all=&#8221;1px&#8221; global_colors_info=&#8221;{}&#8221;][\/et_pb_image][\/et_pb_column][et_pb_column type=&#8221;1_4&#8243; _builder_version=&#8221;4.16&#8243; global_colors_info=&#8221;{}&#8221;][et_pb_image src=&#8221;https:\/\/cia.umh.es\/files\/2022\/02\/Dibujo2.jpg&#8221; _builder_version=&#8221;4.16&#8243; global_colors_info=&#8221;{}&#8221;][\/et_pb_image][\/et_pb_column][et_pb_column type=&#8221;1_4&#8243; _builder_version=&#8221;4.16&#8243; global_colors_info=&#8221;{}&#8221;][et_pb_text _builder_version=&#8221;4.16&#8243; background_color=&#8221;#000000&#8243; global_colors_info=&#8221;{}&#8221;]<\/p>\n<p>&nbsp;<\/p>\n<p>&nbsp;<\/p>\n<p><a href=\"https:\/\/cia.umh.es\/files\/2022\/02\/Dossier_Solo_Duo_9D26_mail.pdf\" target=\"_blank\" rel=\"noopener\">Dossier de prensa ARCO 2022_ Galer\u00eda Jorge L\u00f3pez Valencia<\/a><\/p>\n<p>&nbsp;<\/p>\n<p>_<\/p>\n<p>[\/et_pb_text][\/et_pb_column][\/et_pb_row][et_pb_row _builder_version=&#8221;4.16&#8243; global_colors_info=&#8221;{}&#8221;][et_pb_column type=&#8221;4_4&#8243; _builder_version=&#8221;4.16&#8243; global_colors_info=&#8221;{}&#8221;][et_pb_video src=&#8221;https:\/\/cia.umh.es\/files\/2022\/02\/Javier-Bravo-Residencia-Universidad.mp4&#8243; _builder_version=&#8221;4.16&#8243; global_colors_info=&#8221;{}&#8221;][\/et_pb_video][\/et_pb_column][\/et_pb_row][\/et_pb_section]<\/p>\n","protected":false},"excerpt":{"rendered":"<p>RESIDENCIAS C\u00cdAConvocatorias en construcci\u00f3n [\u2026] &nbsp; Tarifas en construcci\u00f3n [\u2026] \u00a0 Proyectos Visualizaci\u00f3n de potencialidades &nbsp;ESTANCIAS PASADASJAVIER BUENA PARA ARCO 2022\u00a0 Colaboraci\u00f3n con Galer\u00eda Jorge L\u00f3pez VLC para ARCO 2022 &nbsp; &nbsp; _&nbsp; &nbsp; Dossier de prensa ARCO 2022_ Galer\u00eda Jorge L\u00f3pez Valencia &nbsp; _<\/p>\n","protected":false},"author":202,"featured_media":0,"parent":40,"menu_order":40,"comment_status":"closed","ping_status":"closed","template":"","meta":{"_et_pb_use_builder":"on","_et_pb_old_content":"","_et_gb_content_width":"","_links_to":"","_links_to_target":""},"_links":{"self":[{"href":"https:\/\/cia.umh.es\/en\/wp-json\/wp\/v2\/pages\/133"}],"collection":[{"href":"https:\/\/cia.umh.es\/en\/wp-json\/wp\/v2\/pages"}],"about":[{"href":"https:\/\/cia.umh.es\/en\/wp-json\/wp\/v2\/types\/page"}],"author":[{"embeddable":true,"href":"https:\/\/cia.umh.es\/en\/wp-json\/wp\/v2\/users\/202"}],"replies":[{"embeddable":true,"href":"https:\/\/cia.umh.es\/en\/wp-json\/wp\/v2\/comments?post=133"}],"version-history":[{"count":0,"href":"https:\/\/cia.umh.es\/en\/wp-json\/wp\/v2\/pages\/133\/revisions"}],"up":[{"embeddable":true,"href":"https:\/\/cia.umh.es\/en\/wp-json\/wp\/v2\/pages\/40"}],"wp:attachment":[{"href":"https:\/\/cia.umh.es\/en\/wp-json\/wp\/v2\/media?parent=133"}],"curies":[{"name":"wp","href":"https:\/\/api.w.org\/{rel}","templated":true}]}}