{"id":139,"date":"2022-01-11T13:10:10","date_gmt":"2022-01-11T12:10:10","guid":{"rendered":"https:\/\/cia.umh.es\/?page_id=139"},"modified":"2025-03-21T10:32:50","modified_gmt":"2025-03-21T09:32:50","slug":"master","status":"publish","type":"page","link":"https:\/\/cia.umh.es\/en\/formacion\/master\/","title":{"rendered":"<span lang=\"es\">(Espa\u00f1ol) M\u00e1ster x2<\/span>"},"content":{"rendered":"<p>[et_pb_section fb_built=&#8221;1&#8243; admin_label=&#8221;section&#8221; _builder_version=&#8221;4.16&#8243; global_colors_info=&#8221;{}&#8221;][et_pb_row admin_label=&#8221;row&#8221; _builder_version=&#8221;4.16&#8243; background_size=&#8221;initial&#8221; background_position=&#8221;top_left&#8221; background_repeat=&#8221;repeat&#8221; global_colors_info=&#8221;{}&#8221;][et_pb_column type=&#8221;4_4&#8243; _builder_version=&#8221;4.16&#8243; custom_padding=&#8221;|||&#8221; global_colors_info=&#8221;{}&#8221; custom_padding__hover=&#8221;|||&#8221;][et_pb_text admin_label=&#8221;Text&#8221; _builder_version=&#8221;4.17.4&#8243; background_size=&#8221;initial&#8221; background_position=&#8221;top_left&#8221; background_repeat=&#8221;repeat&#8221; global_colors_info=&#8221;{}&#8221;]<\/p>\n<h1>M\u00c1STER x2<\/h1>\n<h5>Dos son los t\u00edtulos oficiales de m\u00e1ster vinculados a la formaci\u00f3n en investigaci\u00f3n de los laboratorios de CIA:<\/h5>\n<p>[\/et_pb_text][\/et_pb_column][\/et_pb_row][et_pb_row column_structure=&#8221;1_2,1_2&#8243; _builder_version=&#8221;4.17.4&#8243; _module_preset=&#8221;default&#8221; global_colors_info=&#8221;{}&#8221;][et_pb_column type=&#8221;1_2&#8243; _builder_version=&#8221;4.17.4&#8243; _module_preset=&#8221;default&#8221; global_colors_info=&#8221;{}&#8221;][et_pb_image src=&#8221;https:\/\/cia.umh.es\/files\/2025\/03\/Logo-MUPIA-2025-cuadrado-3-RRSS.png&#8221; title_text=&#8221;Logo MUPIA 2025 cuadrado-3 RRSS&#8221; url=&#8221;https:\/\/mupia-masterbellasartes.umh.es\/&#8221; url_new_window=&#8221;on&#8221; _builder_version=&#8221;4.17.4&#8243; _module_preset=&#8221;default&#8221; hover_enabled=&#8221;0&#8243; global_colors_info=&#8221;{}&#8221; sticky_enabled=&#8221;0&#8243;][\/et_pb_image][et_pb_text _builder_version=&#8221;4.17.4&#8243; _module_preset=&#8221;default&#8221; text_font=&#8221;Montserrat||||||||&#8221; text_line_height=&#8221;1em&#8221; global_colors_info=&#8221;{}&#8221;]<\/p>\n<h4><a href=\"https:\/\/masterbellasartes.umh.es\/\">M\u00e1ster Universitario en Proyecto e Investigaci\u00f3n en Arte \u2014 MUPIA<\/a><\/h4>\n<p>(Generalista, desde 2014)<\/p>\n<p>[\/et_pb_text][\/et_pb_column][et_pb_column type=&#8221;1_2&#8243; _builder_version=&#8221;4.17.4&#8243; _module_preset=&#8221;default&#8221; global_colors_info=&#8221;{}&#8221;][et_pb_image src=&#8221;https:\/\/cia.umh.es\/files\/2022\/01\/MUECA_.png&#8221; title_text=&#8221;MUECA_&#8221; url=&#8221;https:\/\/mueca.umh.es\/&#8221; url_new_window=&#8221;on&#8221; _builder_version=&#8221;4.17.4&#8243; _module_preset=&#8221;default&#8221; hover_enabled=&#8221;0&#8243; global_colors_info=&#8221;{}&#8221; sticky_enabled=&#8221;0&#8243;][\/et_pb_image][et_pb_text _builder_version=&#8221;4.17.4&#8243; _module_preset=&#8221;default&#8221; text_font=&#8221;Montserrat||||||||&#8221; text_line_height=&#8221;1em&#8221; global_colors_info=&#8221;{}&#8221;]<\/p>\n<h4><a href=\"https:\/\/mueca.umh.es\/\">M\u00e1ster Universitario en Estudios Culturales y Artes Visuales (perspectivas feministas y cuir\/queer) \u2014 MUECA<\/a><\/h4>\n<p>(Espec\u00edfico, desde 2017)<\/p>\n<p>[\/et_pb_text][\/et_pb_column][\/et_pb_row][\/et_pb_section]<\/p>\n","protected":false},"excerpt":{"rendered":"<p>M\u00c1STER x2 Dos son los t\u00edtulos oficiales de m\u00e1ster vinculados a la formaci\u00f3n en investigaci\u00f3n de los laboratorios de CIA:M\u00e1ster Universitario en Proyecto e Investigaci\u00f3n en Arte \u2014 MUPIA (Generalista, desde 2014)M\u00e1ster Universitario en Estudios Culturales y Artes Visuales (perspectivas feministas y cuir\/queer) \u2014 MUECA (Espec\u00edfico, desde 2017)<\/p>\n","protected":false},"author":202,"featured_media":0,"parent":49,"menu_order":20,"comment_status":"closed","ping_status":"closed","template":"","meta":{"_et_pb_use_builder":"on","_et_pb_old_content":"","_et_gb_content_width":"","_links_to":"","_links_to_target":""},"_links":{"self":[{"href":"https:\/\/cia.umh.es\/en\/wp-json\/wp\/v2\/pages\/139"}],"collection":[{"href":"https:\/\/cia.umh.es\/en\/wp-json\/wp\/v2\/pages"}],"about":[{"href":"https:\/\/cia.umh.es\/en\/wp-json\/wp\/v2\/types\/page"}],"author":[{"embeddable":true,"href":"https:\/\/cia.umh.es\/en\/wp-json\/wp\/v2\/users\/202"}],"replies":[{"embeddable":true,"href":"https:\/\/cia.umh.es\/en\/wp-json\/wp\/v2\/comments?post=139"}],"version-history":[{"count":0,"href":"https:\/\/cia.umh.es\/en\/wp-json\/wp\/v2\/pages\/139\/revisions"}],"up":[{"embeddable":true,"href":"https:\/\/cia.umh.es\/en\/wp-json\/wp\/v2\/pages\/49"}],"wp:attachment":[{"href":"https:\/\/cia.umh.es\/en\/wp-json\/wp\/v2\/media?parent=139"}],"curies":[{"name":"wp","href":"https:\/\/api.w.org\/{rel}","templated":true}]}}