{"id":21106,"date":"2024-05-23T11:42:14","date_gmt":"2024-05-23T09:42:14","guid":{"rendered":"https:\/\/cia.umh.es\/?page_id=21106"},"modified":"2024-05-23T13:22:33","modified_gmt":"2024-05-23T11:22:33","slug":"exposiciones","status":"publish","type":"page","link":"https:\/\/cia.umh.es\/en\/investigacion\/exposiciones\/","title":{"rendered":"<span lang=\"es\">(Espa\u00f1ol) Exposiciones C\u00cdA<\/span>"},"content":{"rendered":"<p>[et_pb_section fb_built=&#8221;1&#8243; admin_label=&#8221;section&#8221; _builder_version=&#8221;4.16&#8243; global_colors_info=&#8221;{}&#8221;][et_pb_row _builder_version=&#8221;4.17.4&#8243; _module_preset=&#8221;default&#8221; global_colors_info=&#8221;{}&#8221;][et_pb_column type=&#8221;4_4&#8243; _builder_version=&#8221;4.17.4&#8243; _module_preset=&#8221;default&#8221; global_colors_info=&#8221;{}&#8221;][et_pb_text _builder_version=&#8221;4.17.4&#8243; _module_preset=&#8221;default&#8221; hover_enabled=&#8221;0&#8243; global_colors_info=&#8221;{}&#8221; sticky_enabled=&#8221;0&#8243;]<\/p>\n<h1>EXPOSICIONES<\/h1>\n<p>La sede cient\u00edfica del C\u00cdA ubicada en el Edificio Mascarat del Campus de Altea de la UMH con CINCO ESPACIOS PARA EXPOSICIONES, distribuidos en sus dos niveles, e interconectados por un montacargas pensado para el montaje de vol\u00famenes pesados en el primer piso. En el nivel 0 est\u00e1n la Sala Duna y el Espai Garriga (nuestro &#8220;escaparate&#8221;). Y en el nivel 1 se encuentran la Sala Cim, el almac\u00e9n espec\u00edfico (que alberga el carro de herramientas y dispositivos expogr\u00e1ficos como peanas o vitrinas), y nuestros dos espacios expositivos al aire libre: el Espai Marjal y el Espai Tossal.\u00a0<\/p>\n<p>[\/et_pb_text][\/et_pb_column][\/et_pb_row][et_pb_row column_structure=&#8221;3_5,2_5&#8243; admin_label=&#8221;row&#8221; _builder_version=&#8221;4.17.4&#8243; background_size=&#8221;initial&#8221; background_position=&#8221;top_left&#8221; background_repeat=&#8221;repeat&#8221; border_color_all=&#8221;RGBA(255,255,255,0)&#8221; border_width_left=&#8221;2px&#8221; border_color_left=&#8221;#000000&#8243; global_colors_info=&#8221;{}&#8221;][et_pb_column type=&#8221;3_5&#8243; _builder_version=&#8221;4.16&#8243; custom_padding=&#8221;|||&#8221; global_colors_info=&#8221;{}&#8221; custom_padding__hover=&#8221;|||&#8221;][et_pb_text admin_label=&#8221;Text&#8221; _builder_version=&#8221;4.17.4&#8243; background_size=&#8221;initial&#8221; background_position=&#8221;top_left&#8221; background_repeat=&#8221;repeat&#8221; custom_padding=&#8221;|||15px|false|false&#8221; global_colors_info=&#8221;{}&#8221;]<\/p>\n<p><!-- fancy-text-box --><\/p>\n<h3><b>Sala Duna<\/b><\/h3>\n<h3>sala de exposiciones, nivel 0<strong><!-- fancy-text-box --><\/strong><\/h3>\n<h3>\u00a0<\/h3>\n<h3><strong>Espai Garriga<\/strong><\/h3>\n<h3>conocido como el &#8220;escaparate&#8221;, nivel 0<\/h3>\n<p>&nbsp;<\/p>\n<h3><strong>Sala Cim<\/strong><\/h3>\n<h3><strong><!-- fancy-text-box --><\/strong>sala de exposiciones, nivel 1<strong><!-- fancy-text-box --><\/strong><\/h3>\n<p>&nbsp;<\/p>\n<h3><b>Espai Marjal<\/b><\/h3>\n<h3><strong><!-- fancy-text-box --><\/strong>terraza expositiva adyacente a la sala cim al aire libre, nivel 1<\/h3>\n<h3>\u00a0<\/h3>\n<h3><b>Espai Tossal<\/b><strong><!-- fancy-text-box --><\/strong><\/h3>\n<h3>jard\u00edn sonoro al aire libre, nivel 1<\/h3>\n<p>[\/et_pb_text][\/et_pb_column][et_pb_column type=&#8221;2_5&#8243; _builder_version=&#8221;4.16&#8243; custom_padding=&#8221;|||&#8221; global_colors_info=&#8221;{}&#8221; custom_padding__hover=&#8221;|||&#8221;][et_pb_image src=&#8221;https:\/\/cia.umh.es\/files\/2024\/05\/Imagen-ref-cia.jpg&#8221; title_text=&#8221;Imagen ref cia&#8221; _builder_version=&#8221;4.17.4&#8243; _module_preset=&#8221;default&#8221; global_colors_info=&#8221;{}&#8221;][\/et_pb_image][\/et_pb_column][\/et_pb_row][\/et_pb_section]<\/p>\n","protected":false},"excerpt":{"rendered":"<p>EXPOSICIONES La sede cient\u00edfica del C\u00cdA ubicada en el Edificio Mascarat del Campus de Altea de la UMH con CINCO ESPACIOS PARA EXPOSICIONES, distribuidos en sus dos niveles, e interconectados por un montacargas pensado para el montaje de vol\u00famenes pesados en el primer piso. En el nivel 0 est\u00e1n la Sala Duna y el Espai [&hellip;]<\/p>\n","protected":false},"author":202,"featured_media":0,"parent":40,"menu_order":0,"comment_status":"closed","ping_status":"closed","template":"","meta":{"_et_pb_use_builder":"on","_et_pb_old_content":"","_et_gb_content_width":"","_links_to":"","_links_to_target":""},"_links":{"self":[{"href":"https:\/\/cia.umh.es\/en\/wp-json\/wp\/v2\/pages\/21106"}],"collection":[{"href":"https:\/\/cia.umh.es\/en\/wp-json\/wp\/v2\/pages"}],"about":[{"href":"https:\/\/cia.umh.es\/en\/wp-json\/wp\/v2\/types\/page"}],"author":[{"embeddable":true,"href":"https:\/\/cia.umh.es\/en\/wp-json\/wp\/v2\/users\/202"}],"replies":[{"embeddable":true,"href":"https:\/\/cia.umh.es\/en\/wp-json\/wp\/v2\/comments?post=21106"}],"version-history":[{"count":0,"href":"https:\/\/cia.umh.es\/en\/wp-json\/wp\/v2\/pages\/21106\/revisions"}],"up":[{"embeddable":true,"href":"https:\/\/cia.umh.es\/en\/wp-json\/wp\/v2\/pages\/40"}],"wp:attachment":[{"href":"https:\/\/cia.umh.es\/en\/wp-json\/wp\/v2\/media?parent=21106"}],"curies":[{"name":"wp","href":"https:\/\/api.w.org\/{rel}","templated":true}]}}