{"id":49,"date":"2022-01-11T09:37:59","date_gmt":"2022-01-11T08:37:59","guid":{"rendered":"https:\/\/cia.umh.es\/?page_id=49"},"modified":"2024-05-23T11:14:19","modified_gmt":"2024-05-23T09:14:19","slug":"formacion","status":"publish","type":"page","link":"https:\/\/cia.umh.es\/en\/formacion\/","title":{"rendered":"<span lang=\"es\">(Espa\u00f1ol) Formaci\u00f3n<\/span>"},"content":{"rendered":"<p>[et_pb_section fb_built=&#8221;1&#8243; admin_label=&#8221;section&#8221; _builder_version=&#8221;4.16&#8243; global_colors_info=&#8221;{}&#8221;][et_pb_row _builder_version=&#8221;4.17.4&#8243; _module_preset=&#8221;default&#8221; global_colors_info=&#8221;{}&#8221;][et_pb_column type=&#8221;4_4&#8243; _builder_version=&#8221;4.17.4&#8243; _module_preset=&#8221;default&#8221; global_colors_info=&#8221;{}&#8221;][et_pb_text _builder_version=&#8221;4.17.4&#8243; _module_preset=&#8221;default&#8221; global_colors_info=&#8221;{}&#8221;]<\/p>\n<h1>FORMACI\u00d3N<\/h1>\n<p>[\/et_pb_text][\/et_pb_column][\/et_pb_row][et_pb_row column_structure=&#8221;3_5,2_5&#8243; admin_label=&#8221;row&#8221; _builder_version=&#8221;4.17.4&#8243; background_size=&#8221;initial&#8221; background_position=&#8221;top_left&#8221; background_repeat=&#8221;repeat&#8221; border_color_all=&#8221;RGBA(255,255,255,0)&#8221; border_width_left=&#8221;2px&#8221; border_color_left=&#8221;#000000&#8243; global_colors_info=&#8221;{}&#8221;][et_pb_column type=&#8221;3_5&#8243; _builder_version=&#8221;4.16&#8243; custom_padding=&#8221;|||&#8221; global_colors_info=&#8221;{}&#8221; custom_padding__hover=&#8221;|||&#8221;][et_pb_text admin_label=&#8221;Text&#8221; _builder_version=&#8221;4.17.4&#8243; background_size=&#8221;initial&#8221; background_position=&#8221;top_left&#8221; background_repeat=&#8221;repeat&#8221; custom_padding=&#8221;|||15px|false|false&#8221; hover_enabled=&#8221;0&#8243; global_colors_info=&#8221;{}&#8221; sticky_enabled=&#8221;0&#8243;]<\/p>\n<p><!-- fancy-text-box --><\/p>\n<h3><strong><a href=\"https:\/\/cia.umh.es\/formacion\/master\/\">M\u00e1ster x2<\/a><\/strong><\/h3>\n<h3><a href=\"https:\/\/masterbellasartes.umh.es\/\" target=\"_blank\" rel=\"noopener\">M\u00e1ster en Proyecto e Investigaci\u00f3n en Arte<\/a><\/h3>\n<h3><strong><!-- fancy-text-box --><\/strong><a href=\"http:\/\/mueca.umh.es\" target=\"_blank\" rel=\"noopener\">M\u00e1ster en Estudios Culturales y Artes Visuales (perspectivas feministas y cuir\/queer)<\/a><strong><!-- fancy-text-box --><\/strong><\/h3>\n<h3>\u00a0<\/h3>\n<h3><strong><a href=\"https:\/\/cia.umh.es\/formacion\/doctorado\/\">Doctorado<\/a><\/strong><\/h3>\n<h3>Doctorado en Creaci\u00f3n Art\u00edstica<\/h3>\n<p>&nbsp;<\/p>\n<h3><strong><a href=\"https:\/\/cia.umh.es\/formacion\/seminarios-y-jornadas\/\">Seminarios y Jornadas<\/a><\/strong><\/h3>\n<h3><strong><!-- fancy-text-box --><\/strong>Enlaces a programas y webs<strong><!-- fancy-text-box --><\/strong><\/h3>\n<p>&nbsp;<\/p>\n<h3><a href=\"http:\/\/escueladecine.umh.es\" target=\"_blank\" rel=\"noopener\"><b>Escuela de Cine<\/b><\/a><\/h3>\n<h3><strong><!-- fancy-text-box --><\/strong>escueladecine.umh.es<\/h3>\n<h3>\u00a0<\/h3>\n<h3><a href=\"https:\/\/www.grupomassiva.com\/portfolio_page\/factoria-de-animacion-2\/\" target=\"_blank\" rel=\"noopener\"><b>Factor\u00eda de Animaci\u00f3n y Dise\u00f1o<\/b><\/a><strong><!-- fancy-text-box --><\/strong><\/h3>\n<h3>proyectos y v\u00eddeos<\/h3>\n<p>[\/et_pb_text][\/et_pb_column][et_pb_column type=&#8221;2_5&#8243; _builder_version=&#8221;4.16&#8243; custom_padding=&#8221;|||&#8221; global_colors_info=&#8221;{}&#8221; custom_padding__hover=&#8221;|||&#8221;][et_pb_image src=&#8221;https:\/\/cia.umh.es\/files\/2024\/05\/Imagen-ref-cia.jpg&#8221; title_text=&#8221;Imagen ref cia&#8221; _builder_version=&#8221;4.17.4&#8243; _module_preset=&#8221;default&#8221; global_colors_info=&#8221;{}&#8221;][\/et_pb_image][\/et_pb_column][\/et_pb_row][\/et_pb_section]<\/p>\n","protected":false},"excerpt":{"rendered":"<p>FORMACI\u00d3N M\u00e1ster x2 M\u00e1ster en Proyecto e Investigaci\u00f3n en Arte M\u00e1ster en Estudios Culturales y Artes Visuales (perspectivas feministas y cuir\/queer) \u00a0 Doctorado Doctorado en Creaci\u00f3n Art\u00edstica &nbsp; Seminarios y Jornadas Enlaces a programas y webs &nbsp; Escuela de Cine escueladecine.umh.es \u00a0 Factor\u00eda de Animaci\u00f3n y Dise\u00f1o proyectos y v\u00eddeos<\/p>\n","protected":false},"author":202,"featured_media":0,"parent":0,"menu_order":50,"comment_status":"closed","ping_status":"closed","template":"","meta":{"_et_pb_use_builder":"on","_et_pb_old_content":"","_et_gb_content_width":"","_links_to":"","_links_to_target":""},"_links":{"self":[{"href":"https:\/\/cia.umh.es\/en\/wp-json\/wp\/v2\/pages\/49"}],"collection":[{"href":"https:\/\/cia.umh.es\/en\/wp-json\/wp\/v2\/pages"}],"about":[{"href":"https:\/\/cia.umh.es\/en\/wp-json\/wp\/v2\/types\/page"}],"author":[{"embeddable":true,"href":"https:\/\/cia.umh.es\/en\/wp-json\/wp\/v2\/users\/202"}],"replies":[{"embeddable":true,"href":"https:\/\/cia.umh.es\/en\/wp-json\/wp\/v2\/comments?post=49"}],"version-history":[{"count":0,"href":"https:\/\/cia.umh.es\/en\/wp-json\/wp\/v2\/pages\/49\/revisions"}],"wp:attachment":[{"href":"https:\/\/cia.umh.es\/en\/wp-json\/wp\/v2\/media?parent=49"}],"curies":[{"name":"wp","href":"https:\/\/api.w.org\/{rel}","templated":true}]}}