{"id":8984,"date":"2020-03-11T04:55:00","date_gmt":"2020-03-11T04:55:00","guid":{"rendered":"https:\/\/cia.umh.es\/?page_id=8984"},"modified":"2024-05-18T20:31:59","modified_gmt":"2024-05-18T18:31:59","slug":"home-version-twelve","status":"publish","type":"page","link":"https:\/\/cia.umh.es\/en\/home-version-twelve\/","title":{"rendered":"Home Version Twelve"},"content":{"rendered":"<p><img width=\"800\" height=\"211\" src=\"https:\/\/cia.umh.es\/files\/2022\/12\/logo-umh-negro-footer.png\" alt=\"\" loading=\"lazy\" \/><img width=\"800\" height=\"211\" src=\"https:\/\/cia.umh.es\/files\/2022\/12\/logo-dep-arte-negro-footer.png\" alt=\"\" loading=\"lazy\" \/><img width=\"800\" height=\"211\" src=\"https:\/\/cia.umh.es\/files\/2022\/12\/Estudios-Economicos-y-Financieros-footer.png\" alt=\"\" loading=\"lazy\" \/><img width=\"800\" height=\"211\" src=\"https:\/\/cia.umh.es\/files\/2022\/12\/UMH-Logosi\u0301mbolo-Campus-de-Altea-footer.png\" alt=\"\" loading=\"lazy\" \/><br \/>\n\t\t\t<img width=\"800\" height=\"211\" src=\"https:\/\/cia.umh.es\/files\/2022\/12\/logo-umh-negro-footer.png\" alt=\"\" loading=\"lazy\" \/><img width=\"800\" height=\"211\" src=\"https:\/\/cia.umh.es\/files\/2022\/12\/logo-dep-arte-negro-footer.png\" alt=\"\" loading=\"lazy\" \/><img width=\"800\" height=\"211\" src=\"https:\/\/cia.umh.es\/files\/2022\/12\/Estudios-Economicos-y-Financieros-footer.png\" alt=\"\" loading=\"lazy\" \/><img width=\"800\" height=\"211\" src=\"https:\/\/cia.umh.es\/files\/2022\/12\/UMH-Logosi\u0301mbolo-Campus-de-Altea-footer.png\" alt=\"\" loading=\"lazy\" \/><br \/>\n\t\t\t\t\t\t\t\t\t\t\t\t\t\t\t<img width=\"600\" height=\"170\" src=\"https:\/\/cia.umh.es\/files\/2022\/12\/Logo-ci\u0301a-web-600px.png\" alt=\"\" loading=\"lazy\" \/>\t\t\t\t\t\t\t\t\t\t\t\t\t\t\t<\/p>\n<p style=\"text-align: center\">El Centro de Investigaci\u00f3n en Artes es un centro universitario de actuaci\u00f3n especializada que tiene como objetivo fundamental promover, coordinar y llevar a cabo formaci\u00f3n, asesoramiento cient\u00edfico-t\u00e9cnico y proyectos de investigaci\u00f3n e innovaci\u00f3n en el \u00e1mbito de las artes visuales.<\/p>\n<p>\t\t\t<!-- blog-item --><\/p>\n<article><img loading=\"lazy\" src=\"https:\/\/cia.umh.es\/wp-content\/plugins\/radiantthemes-addons\/assets\/images\/Blank-Image-100x52.png\" alt=\"Blank Image\" width=\"100\" height=\"52\"><a href=\"https:\/\/cia.umh.es\/2024\/04\/18\/el-grupo-materia-presenta-la-exposicion-lo-sagrado-y-lo-profano-en-la-casa-del-cable-de-javea\/\" style=\"background-image:url(https:\/\/cia.umh.es\/files\/2024\/04\/IMG-20240325-WA0013.jpg)\"><\/a><\/p>\n<ul>\n<li>18 de abril de 2024<\/li>\n<\/ul>\n<h4><a href=\"https:\/\/cia.umh.es\/2024\/04\/18\/el-grupo-materia-presenta-la-exposicion-lo-sagrado-y-lo-profano-en-la-casa-del-cable-de-javea\/\">El grupo MATERIA presenta la exposici\u00f3n &#8220;Lo sagrado y lo profano&#8221; en la Casa del Cable de J\u00e1vea.<\/a><\/h4>\n<p>La Casa del Cable de J\u00e1vea acoge del 5 de abril al 5 de mayo de 2024 la exposici\u00f3n Lo sagrado y lo profano. Rituales c&#8230;<\/p>\n<p><a href=\"https:\/\/cia.umh.es\/2024\/04\/18\/el-grupo-materia-presenta-la-exposicion-lo-sagrado-y-lo-profano-en-la-casa-del-cable-de-javea\/\">Continue Reading<\/a><\/article>\n<p><!-- blog-item --><!-- blog-item --><\/p>\n<article><img loading=\"lazy\" src=\"https:\/\/cia.umh.es\/wp-content\/plugins\/radiantthemes-addons\/assets\/images\/Blank-Image-100x52.png\" alt=\"Blank Image\" width=\"100\" height=\"52\"><a href=\"https:\/\/cia.umh.es\/2023\/12\/18\/sexta-edicion-del-congreso-de-genero-fantastico-fantaelx-organizado-por-el-cia\/\" style=\"background-image:url(https:\/\/cia.umh.es\/files\/2023\/12\/Imagen-destacada-fantaelx.jpg)\"><\/a><\/p>\n<ul>\n<li>18 de diciembre de 2023<\/li>\n<\/ul>\n<h4><a href=\"https:\/\/cia.umh.es\/2023\/12\/18\/sexta-edicion-del-congreso-de-genero-fantastico-fantaelx-organizado-por-el-cia\/\">Sexta edici\u00f3n del Congreso de G\u00e9nero Fant\u00e1stico FANTAELX, organizado por el C\u00cdA<\/a><\/h4>\n<p>El 23 y 24 de noviembre tuvo lugar la sexta edici\u00f3n consecutiva del Congreso Internacional de G\u00e9nero Fant\u00e1stico, Audi&#8230;<\/p>\n<p><a href=\"https:\/\/cia.umh.es\/2023\/12\/18\/sexta-edicion-del-congreso-de-genero-fantastico-fantaelx-organizado-por-el-cia\/\">Continue Reading<\/a><\/article>\n<p><!-- blog-item --><!-- blog-item --><\/p>\n<article><img loading=\"lazy\" src=\"https:\/\/cia.umh.es\/wp-content\/plugins\/radiantthemes-addons\/assets\/images\/Blank-Image-100x52.png\" alt=\"Blank Image\" width=\"100\" height=\"52\"><a href=\"https:\/\/cia.umh.es\/2023\/12\/15\/arte-y-derechos-humanos-nuevo-libro-del-investigador-cia-alfonso-ortega-gimenez\/\" style=\"background-image:url(https:\/\/cia.umh.es\/files\/2023\/12\/ARTE-Y-DDHH-1.jpg)\"><\/a><\/p>\n<ul>\n<li>15 de diciembre de 2023<\/li>\n<\/ul>\n<h4><a href=\"https:\/\/cia.umh.es\/2023\/12\/15\/arte-y-derechos-humanos-nuevo-libro-del-investigador-cia-alfonso-ortega-gimenez\/\">&#8220;Arte y derechos humanos&#8221; nuevo libro del investigador C\u00cdA Alfonso Ortega Gim\u00e9nez<\/a><\/h4>\n<p>\nArte y Derechos Humanos, dirigido por Alfonso Ortega Gim\u00e9nez,\u00a0profesor de Derecho internacional privado de la UMH, y &#8230;<\/p>\n<p><a href=\"https:\/\/cia.umh.es\/2023\/12\/15\/arte-y-derechos-humanos-nuevo-libro-del-investigador-cia-alfonso-ortega-gimenez\/\">Continue Reading<\/a><\/article>\n<p><!-- blog-item --><!-- blog-item --><\/p>\n<article><img loading=\"lazy\" src=\"https:\/\/cia.umh.es\/wp-content\/plugins\/radiantthemes-addons\/assets\/images\/Blank-Image-100x52.png\" alt=\"Blank Image\" width=\"100\" height=\"52\"><a href=\"https:\/\/cia.umh.es\/2023\/11\/06\/el-campus-de-altea-reune-a-todas-las-catedraticas-y-catedraticos-de-escultura-de-facultades-de-bellas-artes-de-espana\/\" style=\"background-image:url(https:\/\/cia.umh.es\/files\/2023\/11\/06-11-23-semianrio-escultura-1-scaled-1.jpeg)\"><\/a><\/p>\n<ul>\n<li>06 de noviembre de 2023<\/li>\n<\/ul>\n<h4><a href=\"https:\/\/cia.umh.es\/2023\/11\/06\/el-campus-de-altea-reune-a-todas-las-catedraticas-y-catedraticos-de-escultura-de-facultades-de-bellas-artes-de-espana\/\">El Campus de Altea re\u00fane a todas las Catedr\u00e1ticas y los Catedr\u00e1ticos de Escultura del estado espa\u00f1ol<\/a><\/h4>\n<p>Los pr\u00f3ximos 7 y 8 de noviembre se llevar\u00e1 a cabo el I Seminario Nacional de Catedr\u00e1ticxs Universitarixs de Escultura&#8230;<\/p>\n<p><a href=\"https:\/\/cia.umh.es\/2023\/11\/06\/el-campus-de-altea-reune-a-todas-las-catedraticas-y-catedraticos-de-escultura-de-facultades-de-bellas-artes-de-espana\/\">Continue Reading<\/a><\/article>\n<p><!-- blog-item --><!-- blog-item --><\/p>\n<article><img loading=\"lazy\" src=\"https:\/\/cia.umh.es\/wp-content\/plugins\/radiantthemes-addons\/assets\/images\/Blank-Image-100x52.png\" alt=\"Blank Image\" width=\"100\" height=\"52\"><a href=\"https:\/\/cia.umh.es\/2023\/10\/24\/el-cia-organiza-el-congreso-internacional-europa-en-juego-en-el-museo-de-arqueologia-e-historia-de-elche\/\" style=\"background-image:url(https:\/\/cia.umh.es\/files\/2023\/10\/Noticia-portada-EeJ.png)\"><\/a><\/p>\n<ul>\n<li>24 de octubre de 2023<\/li>\n<\/ul>\n<h4><a href=\"https:\/\/cia.umh.es\/2023\/10\/24\/el-cia-organiza-el-congreso-internacional-europa-en-juego-en-el-museo-de-arqueologia-e-historia-de-elche\/\">El C\u00cdA organiza el Congreso Internacional Europa en Juego en el Museo de Arqueolog\u00eda e Historia de Elche<\/a><\/h4>\n<p>Los pr\u00f3ximos d\u00edas 19 y 20 de octubre, de 10 a 14 h. se celebrar\u00e1 el Congreso Internacional Europa en Juego. Videojueg&#8230;<\/p>\n<p><a href=\"https:\/\/cia.umh.es\/2023\/10\/24\/el-cia-organiza-el-congreso-internacional-europa-en-juego-en-el-museo-de-arqueologia-e-historia-de-elche\/\">Continue Reading<\/a><\/article>\n<p><!-- blog-item --><!-- blog-item --><\/p>\n<article><img loading=\"lazy\" src=\"https:\/\/cia.umh.es\/wp-content\/plugins\/radiantthemes-addons\/assets\/images\/Blank-Image-100x52.png\" alt=\"Blank Image\" width=\"100\" height=\"52\"><a href=\"https:\/\/cia.umh.es\/2023\/01\/10\/el-profesor-guillermo-lopez-aliaga-presenta-en-la-academia-de-cine-su-proyecto-de-investigacion-sobre-el-montaje-cinematografico\/\" style=\"background-image:url(https:\/\/cia.umh.es\/files\/2023\/01\/Noticia-portada-willy.png)\"><\/a><\/p>\n<ul>\n<li>10 de enero de 2023<\/li>\n<\/ul>\n<h4><a href=\"https:\/\/cia.umh.es\/2023\/01\/10\/el-profesor-guillermo-lopez-aliaga-presenta-en-la-academia-de-cine-su-proyecto-de-investigacion-sobre-el-montaje-cinematografico\/\">El profesor Guillermo L\u00f3pez Aliaga presenta en la Academia de Cine su proyecto de investigaci\u00f3n sobre el montaje cinematogr\u00e1fico<\/a><\/h4>\n<p>\n\u201cVisiones y vivencias de un oficio invisible. Un viaje por el cine espa\u00f1ol desde la sala de montaje\u201d es el t\u00edtulo&#8230;<\/p>\n<p><a href=\"https:\/\/cia.umh.es\/2023\/01\/10\/el-profesor-guillermo-lopez-aliaga-presenta-en-la-academia-de-cine-su-proyecto-de-investigacion-sobre-el-montaje-cinematografico\/\">Continue Reading<\/a><\/article>\n<p><!-- blog-item --><!-- blog-item --><\/p>\n<article><img loading=\"lazy\" src=\"https:\/\/cia.umh.es\/wp-content\/plugins\/radiantthemes-addons\/assets\/images\/Blank-Image-100x52.png\" alt=\"Blank Image\" width=\"100\" height=\"52\"><a href=\"https:\/\/cia.umh.es\/2022\/12\/06\/se-presenta-la-exposicion-alzar-el-vuelo-en-colaboracion-con-aena\/\" style=\"background-image:url(https:\/\/cia.umh.es\/files\/2022\/12\/Noticia-portada-aena.png)\"><\/a><\/p>\n<ul>\n<li>06 de diciembre de 2022<\/li>\n<\/ul>\n<h4><a href=\"https:\/\/cia.umh.es\/2022\/12\/06\/se-presenta-la-exposicion-alzar-el-vuelo-en-colaboracion-con-aena\/\">Se presenta la exposici\u00f3n ALZAR EL VUELO en colaboraci\u00f3n con AENA<\/a><\/h4>\n<p>Desde el 1 de diciembre hasta el 12 de enero de 2023 podr\u00e1 visitarse en el espacio expositivo ubicado en el hall p\u00fabli&#8230;<\/p>\n<p><a href=\"https:\/\/cia.umh.es\/2022\/12\/06\/se-presenta-la-exposicion-alzar-el-vuelo-en-colaboracion-con-aena\/\">Continue Reading<\/a><\/article>\n<p><!-- blog-item --><!-- blog-item --><\/p>\n<article><img loading=\"lazy\" src=\"https:\/\/cia.umh.es\/wp-content\/plugins\/radiantthemes-addons\/assets\/images\/Blank-Image-100x52.png\" alt=\"Blank Image\" width=\"100\" height=\"52\"><a href=\"https:\/\/cia.umh.es\/2019\/02\/08\/asi-sera-el-nuevo-edificio-multiusos-que-acogera-el-centro-de-investigacion-en-artes-de-la-umh\/\" style=\"background-image:url(https:\/\/cia.umh.es\/files\/2022\/01\/visualizacio\u0301n-CIA.jpg)\"><\/a><\/p>\n<ul>\n<li>08 de febrero de 2019<\/li>\n<\/ul>\n<h4><a href=\"https:\/\/cia.umh.es\/2019\/02\/08\/asi-sera-el-nuevo-edificio-multiusos-que-acogera-el-centro-de-investigacion-en-artes-de-la-umh\/\">As\u00ed ser\u00e1 el nuevo edificio multiusos que acoger\u00e1 el Centro de Investigaci\u00f3n en Artes de la UMH<\/a><\/h4>\n<p>El CIA est\u00e1 concebido con un\u00a0enfoque interdisciplinar y contempor\u00e1neo\u00a0para poder atender las necesidades de la propi&#8230;<\/p>\n<p><a href=\"https:\/\/cia.umh.es\/2019\/02\/08\/asi-sera-el-nuevo-edificio-multiusos-que-acogera-el-centro-de-investigacion-en-artes-de-la-umh\/\">Continue Reading<\/a><\/article>\n<p><!-- blog-item -->\t\t<\/p>\n<h3>Atendiendo a las necesidades art\u00edsticas<\/h3>\n<p>El Centro est\u00e1 concebido con un enfoque interdisciplinario y contempor\u00e1neo para poder atender adecuadamente las necesidades tanto de la comunidad universitaria como de la sociedad en general, as\u00ed como de cualquier entidad o instituci\u00f3n del entorno social de la UMH y aqu\u00e9llas vinculadas nacional e internacionalmente.<\/p>\n<h6 style=\"text-align: left\">Adem\u00e1s, el Centro pretende ser un agente aglutinador de la investigaci\u00f3n en el Campus de Altea.<\/h6>\n<p>\t\t\t\t\t\t\t\t\t\t\t\t\t\t\t<img width=\"2048\" height=\"1536\" src=\"https:\/\/cia.umh.es\/files\/2023\/10\/foto-alternativa-landing-footer.jpeg\" alt=\"\" loading=\"lazy\" \/><br \/>\n\t\t\t\t\t\t\t\t\t\t\t\t\t\t\t<img width=\"800\" height=\"211\" src=\"https:\/\/cia.umh.es\/files\/2022\/12\/logo-umh-negro-footer.png\" alt=\"\" loading=\"lazy\" \/><br \/>\n\t\t\t\t\t\t\t\t\t\t\t\t\t\t\t<img width=\"800\" height=\"211\" src=\"https:\/\/cia.umh.es\/files\/2022\/12\/logo-dep-arte-negro-footer.png\" alt=\"\" loading=\"lazy\" \/><br \/>\n\t\t\t\t\t\t\t\t\t\t\t\t\t\t\t<img width=\"800\" height=\"211\" src=\"https:\/\/cia.umh.es\/files\/2022\/12\/Estudios-Economicos-y-Financieros-footer.png\" alt=\"\" loading=\"lazy\" \/><br \/>\n\t\t\t\t\t\t\t\t\t\t\t\t\t\t\t<img width=\"800\" height=\"211\" src=\"https:\/\/cia.umh.es\/files\/2022\/12\/UMH-Logosi\u0301mbolo-Campus-de-Altea-footer.png\" alt=\"\" loading=\"lazy\" \/>\t\t\t\t\t\t\t\t\t\t\t\t\t\t\t<\/p>\n<h6 style=\"text-align: center\">\u00a9 2023 Universidad Miguel Hern\u00e1ndez de Elche<\/h6>\n<p><\/p>","protected":false},"excerpt":{"rendered":"<p>El Centro de Investigaci\u00f3n en Artes es un centro universitario de actuaci\u00f3n especializada que tiene como objetivo fundamental promover, coordinar y llevar a cabo formaci\u00f3n, asesoramiento cient\u00edfico-t\u00e9cnico y proyectos de investigaci\u00f3n e innovaci\u00f3n en el \u00e1mbito de las artes visuales.<\/p>\n<p>18 de abril de 2024<\/p>\n<p>El grupo MATERIA presenta la exposici\u00f3n &#8220;Lo sagrado y lo profano&#8221; en [&#8230;]<\/p>\n","protected":false},"author":5001,"featured_media":0,"parent":0,"menu_order":0,"comment_status":"closed","ping_status":"closed","template":"","meta":{"_et_pb_use_builder":"","_et_pb_old_content":"","_et_gb_content_width":"","_links_to":"","_links_to_target":""},"_links":{"self":[{"href":"https:\/\/cia.umh.es\/en\/wp-json\/wp\/v2\/pages\/8984"}],"collection":[{"href":"https:\/\/cia.umh.es\/en\/wp-json\/wp\/v2\/pages"}],"about":[{"href":"https:\/\/cia.umh.es\/en\/wp-json\/wp\/v2\/types\/page"}],"author":[{"embeddable":true,"href":"https:\/\/cia.umh.es\/en\/wp-json\/wp\/v2\/users\/5001"}],"replies":[{"embeddable":true,"href":"https:\/\/cia.umh.es\/en\/wp-json\/wp\/v2\/comments?post=8984"}],"version-history":[{"count":0,"href":"https:\/\/cia.umh.es\/en\/wp-json\/wp\/v2\/pages\/8984\/revisions"}],"wp:attachment":[{"href":"https:\/\/cia.umh.es\/en\/wp-json\/wp\/v2\/media?parent=8984"}],"curies":[{"name":"wp","href":"https:\/\/api.w.org\/{rel}","templated":true}]}}